{"id":1010289,"date":"2024-06-17T14:16:23","date_gmt":"2024-06-17T06:16:23","guid":{"rendered":"https:\/\/vimaterial.de\/product\/chlorure-de-potassium\/"},"modified":"2024-12-26T11:09:53","modified_gmt":"2024-12-26T03:09:53","slug":"chlorure-de-potassium","status":"publish","type":"product","link":"https:\/\/vimaterial.de\/fr\/product\/chlorure-de-potassium\/","title":{"rendered":"Chlorure de potassium"},"content":{"rendered":"<p>Le chlorure de potassium est un compos\u00e9 inorganique de formule chimique KCl. Il ressemble \u00e0 du sel de table, inodore et sal\u00e9. Le chlorure de potassium a une forme cristalline incolore et transparente, ce qui lui conf\u00e8re d\u2019excellentes propri\u00e9t\u00e9s optiques. <span style=\"color: #0000ff;\"><a style=\"color: #0000ff;\" href=\"https:\/\/vimaterial.de\/\">VIMATERIAL<\/a><\/span> fournit une poudre de chlorure de potassium de haute puret\u00e9 avec une puret\u00e9 de plus de 99,99 %. Notre chlorure de potassium a de faibles impuret\u00e9s et un bon contr\u00f4le de la qualit\u00e9. Dans le m\u00eame temps, la teneur en ions chlorure est inf\u00e9rieure \u00e0 0,1 %, ce qui \u00e9vite efficacement la pollution de l\u2019environnement. Nous fournissons \u00e9galement d\u2019autres chlorures tels que le chlorure de cobalt et le chlorure de nickel. Si vous avez des besoins, n\u2019h\u00e9sitez pas \u00e0 nous contacter.  <\/p>\n<h2><span style=\"font-size: 14pt;\">Propri\u00e9t\u00e9s<\/span><\/h2>\n<p>Formule chimique : KCl Poids mol\u00e9culaire : 74.551 Apparence : poudre de petites particules cristallines blanches Point de fusion : 770 \u00b0C Point d\u2019\u00e9bullition : 1420 \u00b0C Densit\u00e9 : 1,98 g\/cm\u00b3<\/p>\n<h2><span style=\"font-size: 14pt;\">Applications<\/span><\/h2>\n<h3><span style=\"font-size: 12pt;\">I. Application dans le domaine m\u00e9dical<\/span><\/h3>\n<p>Dans le domaine m\u00e9dical, le chlorure de potassium est utilis\u00e9 comme mati\u00e8re premi\u00e8re importante pour la pr\u00e9paration de m\u00e9dicaments. Sa grande puret\u00e9 garantit la qualit\u00e9 et la s\u00e9curit\u00e9 des m\u00e9dicaments. Dans le m\u00eame temps, le chlorure de potassium est \u00e9galement l\u2019un des \u00e9lectrolytes n\u00e9cessaires au maintien de la fonction physiologique normale du corps humain. Il joue un r\u00f4le cl\u00e9 dans la r\u00e9gulation de la pression osmotique et de l\u2019\u00e9quilibre acido-basique \u00e0 l\u2019int\u00e9rieur et \u00e0 l\u2019ext\u00e9rieur des cellules.   <\/p>\n<h3><span style=\"font-size: 12pt;\">II. Application dans le domaine industriel<\/span><\/h3>\n<p>Dans le domaine industriel, le chlorure de potassium a \u00e9galement un large \u00e9ventail d\u2019applications. Il peut \u00eatre utilis\u00e9 comme agent de traitement de surface m\u00e9tallique pour am\u00e9liorer la r\u00e9sistance \u00e0 la corrosion des m\u00e9taux. De plus, dans le forage p\u00e9trolier, le chlorure de potassium est \u00e9galement utilis\u00e9 comme composant du fluide de forage pour am\u00e9liorer l\u2019efficacit\u00e9 et la s\u00e9curit\u00e9 du forage.  <\/p>\n<h3><span style=\"font-size: 12pt;\">III. Application dans le domaine agricole <\/span><\/h3>\n<p>Dans l\u2019agriculture, le KCl est \u00e9galement un engrais potassique important. L\u2019engrais potassique est l\u2019un des nutriments indispensables \u00e0 la croissance des plantes, ce qui peut am\u00e9liorer la r\u00e9sistance au stress et le rendement des cultures. Lorsque le chlorure de potassium de haute puret\u00e9 est utilis\u00e9 comme engrais potassique, il peut \u00eatre rapidement absorb\u00e9 et utilis\u00e9 par les plantes pour am\u00e9liorer la qualit\u00e9 et le rendement des cultures.  <\/p>\n<h3><span style=\"font-size: 12pt;\">IV. Application dans d\u2019autres domaines <\/span><\/h3>\n<p>En plus des domaines ci-dessus, le chlorure de potassium peut \u00e9galement \u00eatre vu dans des industries telles que l\u2019\u00e9lectronique, le verre et la c\u00e9ramique, montrant son applicabilit\u00e9 dans plusieurs domaines.<\/p>\n<h2><span style=\"font-size: 14pt;\">Contr\u00f4le qualit\u00e9<\/span><\/h2>\n<p>Nos produits mettent en \u0153uvre le syst\u00e8me de gestion de la qualit\u00e9 le plus strict, et il existe des normes d\u2019inspection strictes pour les mat\u00e9riaux entrants, les processus, les inspections finales et les inspections d\u2019usine. Des mesures d\u2019isolement strictes seront adopt\u00e9es pour le traitement non qualifi\u00e9 afin d\u2019\u00e9viter que les produits non qualifi\u00e9s ne passent au processus suivant. Des \u00e9chantillons seront fournis aux clients selon les exigences du client pour une r\u00e9inspection par les clients.  <\/p>\n<h2><span style=\"font-size: 14pt;\">Emballage et stockage<\/span><\/h2>\n<p>Sac en plastique poly\u00e9thyl\u00e8ne doubl\u00e9 d\u2019un sac en plastique composite tiss\u00e9 comme couverture ext\u00e9rieure, le poids net de chaque sac est de 25 kg. Le KCl doit \u00eatre stock\u00e9 dans un entrep\u00f4t sec, ventil\u00e9 et propre. Il doit \u00eatre charg\u00e9 et transport\u00e9 avec soin pour \u00e9viter que l\u2019emballage ne soit endommag\u00e9, humide et chaud. Il ne doit pas \u00eatre expos\u00e9 \u00e0 la pluie et \u00e0 l\u2019humidit\u00e9 pendant le transport et doit \u00eatre isol\u00e9 des substances toxiques.<\/p>\n","protected":false},"excerpt":{"rendered":"<p>Le chlorure de potassium est un compos\u00e9 inorganique de formule chimique KCl. Il ressemble \u00e0 du sel de table, inodore et sal\u00e9. Le chlorure de potassium a une forme cristalline incolore et transparente, ce qui lui conf\u00e8re d\u2019excellentes propri\u00e9t\u00e9s optiques. VIMATERIAL fournit une poudre de chlorure de potassium de haute puret\u00e9 avec une puret\u00e9 de [&hellip;]<\/p>\n","protected":false},"featured_media":1000075,"comment_status":"open","ping_status":"closed","template":"","meta":{"_acf_changed":false},"product_brand":[],"product_cat":[239],"product_tag":[],"class_list":{"0":"post-1010289","1":"product","2":"type-product","3":"status-publish","4":"has-post-thumbnail","6":"product_cat-materiaux-halogenes","8":"first","9":"instock","10":"shipping-taxable","11":"purchasable","12":"product-type-variable"},"acf":[],"_links":{"self":[{"href":"https:\/\/vimaterial.de\/fr\/wp-json\/wp\/v2\/product\/1010289","targetHints":{"allow":["GET"]}}],"collection":[{"href":"https:\/\/vimaterial.de\/fr\/wp-json\/wp\/v2\/product"}],"about":[{"href":"https:\/\/vimaterial.de\/fr\/wp-json\/wp\/v2\/types\/product"}],"replies":[{"embeddable":true,"href":"https:\/\/vimaterial.de\/fr\/wp-json\/wp\/v2\/comments?post=1010289"}],"wp:featuredmedia":[{"embeddable":true,"href":"https:\/\/vimaterial.de\/fr\/wp-json\/wp\/v2\/media\/1000075"}],"wp:attachment":[{"href":"https:\/\/vimaterial.de\/fr\/wp-json\/wp\/v2\/media?parent=1010289"}],"wp:term":[{"taxonomy":"product_brand","embeddable":true,"href":"https:\/\/vimaterial.de\/fr\/wp-json\/wp\/v2\/product_brand?post=1010289"},{"taxonomy":"product_cat","embeddable":true,"href":"https:\/\/vimaterial.de\/fr\/wp-json\/wp\/v2\/product_cat?post=1010289"},{"taxonomy":"product_tag","embeddable":true,"href":"https:\/\/vimaterial.de\/fr\/wp-json\/wp\/v2\/product_tag?post=1010289"}],"curies":[{"name":"wp","href":"https:\/\/api.w.org\/{rel}","templated":true}]}}