{"id":1010275,"date":"2024-06-17T14:16:24","date_gmt":"2024-06-17T06:16:24","guid":{"rendered":"https:\/\/vimaterial.de\/product\/iodure-de-potassium-2\/"},"modified":"2024-12-26T11:34:46","modified_gmt":"2024-12-26T03:34:46","slug":"iodure-de-potassium-2","status":"publish","type":"product","link":"https:\/\/vimaterial.de\/fr\/product\/iodure-de-potassium-2\/","title":{"rendered":"Iodure de potassium"},"content":{"rendered":"<p>L\u2019iodure de potassium, de formule chimique KI, est compos\u00e9 de cations potassiques (K\u207a) et d\u2019anions iodure (I\u207b) li\u00e9s entre eux par des liaisons ioniques. Il se pr\u00e9sente g\u00e9n\u00e9ralement sous la forme de cristaux incolores ou blancs, inodores, mais avec un fort go\u00fbt amer et sal\u00e9. VIMATERIAL est sp\u00e9cialis\u00e9 dans la production d\u2019iodure de potassium de haute puret\u00e9 avec une puret\u00e9 de plus de 99,9%. Notre KI a une faible teneur en impuret\u00e9s et des performances stables, ce qui en fait votre meilleur choix. <\/p>\n<h2><span style=\"font-size: 14pt;\">Propri\u00e9t\u00e9s physiques et chimiques<\/span><\/h2>\n<p>Point de fusion : 681\u00b0C Point d\u2019\u00e9bullition : 1345\u00b0C Densit\u00e9 : 3,13g\/cm\u00b3 Aspect : poudre cristalline blanche \u00e0 blanc cass\u00e9 Solubilit\u00e9 : Tr\u00e8s soluble dans l\u2019eau et l\u2019\u00e9thanol. La solution aqueuse d\u2019iodure de potassium s\u2019assombrit progressivement \u00e0 la lumi\u00e8re et lib\u00e8re de l\u2019iode, ce qui la rend particuli\u00e8rement active dans certaines r\u00e9actions chimiques.<\/p>\n<h2><span style=\"font-size: 14pt;\">Pr\u00e9paration<\/span><\/h2>\n<p>La pr\u00e9paration du KI est relativement simple, principalement obtenue par la r\u00e9action de l\u2019iode et de l\u2019hydroxyde de potassium. Au cours du processus de pr\u00e9paration, l\u2019iode se dissout dans une solution d\u2019hydroxyde de potassium pour former un m\u00e9lange d\u2019iodure de potassium et d\u2019iodate de potassium. Par la suite, l\u2019iodate de potassium est r\u00e9duit en iodure de potassium par \u00e9vaporation, s\u00e9chage et m\u00e9lange avec de la poudre de carbone pour le chauffage, obtenant ainsi un produit pur. Cette m\u00e9thode de pr\u00e9paration est non seulement peu co\u00fbteuse, mais \u00e9galement mature dans le processus et adapt\u00e9e \u00e0 la production \u00e0 grande \u00e9chelle.   <\/p>\n<h2><span style=\"font-size: 14pt;\">Domaines d\u2019application<\/span><\/h2>\n<p>Domaine m\u00e9dical : L\u2019iodure de potassium est le plus largement et le plus important utilis\u00e9 dans le domaine m\u00e9dical. En tant que suppl\u00e9ment d\u2019iode, le KI est principalement utilis\u00e9 pour pr\u00e9venir et traiter les maladies thyro\u00efdiennes caus\u00e9es par une carence en iode, telles que le goitre end\u00e9mique (commun\u00e9ment appel\u00e9 \u00ab maladie du gros cou \u00bb) et l\u2019hyperthyro\u00efdie. De plus, l\u2019iodure de potassium peut \u00e9galement \u00eatre utilis\u00e9 comme m\u00e9dicament pr\u00e9paratoire avant la chirurgie pour aider \u00e0 r\u00e9duire le tissu thyro\u00efdien et r\u00e9duire les risques chirurgicaux. Domaine alimentaire : Le KI est \u00e9galement l\u2019un des additifs couramment utilis\u00e9s dans l\u2019industrie alimentaire. Ce sel iod\u00e9 est non seulement facile \u00e0 stocker et \u00e0 transporter, mais aussi facile \u00e0 utiliser, devenant un moyen efficace de pr\u00e9venir la carence en iode. De plus, l\u2019iodure de potassium peut \u00e9galement \u00eatre utilis\u00e9 comme exhausteur nutritionnel pour certains aliments afin d\u2019am\u00e9liorer la valeur nutritionnelle des aliments. Domaine chimique&nbsp;: Dans le domaine chimique, l\u2019iodure de potassium, en tant que mati\u00e8re premi\u00e8re et interm\u00e9diaire important, est largement utilis\u00e9 dans la synth\u00e8se organique, la photocomposition et d\u2019autres aspects. Dans le m\u00eame temps, l\u2019iodure de potassium peut \u00e9galement \u00eatre utilis\u00e9 pour pr\u00e9parer d\u2019autres compos\u00e9s contenant de l\u2019iode, tels que l\u2019iodure d\u2019argent, qui ont des applications importantes en photographie, en chimie analytique et dans d\u2019autres domaines.  <\/p>\n<h2><span style=\"font-size: 14pt;\">Contr\u00f4le de la qualit\u00e9<\/span><\/h2>\n<p>Nos produits mettent en \u0153uvre le syst\u00e8me de gestion de la qualit\u00e9 le plus strict, et il existe des normes d\u2019inspection strictes pour les mat\u00e9riaux entrants, les processus, les inspections finales et les inspections d\u2019usine. Des mesures d\u2019isolement strictes seront adopt\u00e9es pour le traitement non qualifi\u00e9 afin d\u2019\u00e9viter que les produits non qualifi\u00e9s ne passent au processus suivant. Des \u00e9chantillons seront fournis aux clients selon les exigences du client pour la r\u00e9inspection.  <\/p>\n<h2><span style=\"font-size: 14pt;\">Emballage et stockage<\/span><\/h2>\n<p>Emballage sous vide. 1. Il doit \u00eatre stock\u00e9 dans un entrep\u00f4t frais, ventil\u00e9 et \u00e0 l\u2019\u00e9preuve de la lumi\u00e8re. Prot\u00e9ger de la pluie et du soleil pendant le transport. 2. Manipulez avec pr\u00e9caution pendant le chargement et le d\u00e9chargement, et les vibrations et les chocs sont strictement interdits. En cas d\u2019incendie, des extincteurs \u00e0 sable et \u00e0 dioxyde de carbone peuvent \u00eatre utilis\u00e9s pour \u00e9teindre le feu.<\/p>\n","protected":false},"excerpt":{"rendered":"<p>L\u2019iodure de potassium, de formule chimique KI, est compos\u00e9 de cations potassiques (K\u207a) et d\u2019anions iodure (I\u207b) li\u00e9s entre eux par des liaisons ioniques. Il se pr\u00e9sente g\u00e9n\u00e9ralement sous la forme de cristaux incolores ou blancs, inodores, mais avec un fort go\u00fbt amer et sal\u00e9. VIMATERIAL est sp\u00e9cialis\u00e9 dans la production d\u2019iodure de potassium de [&hellip;]<\/p>\n","protected":false},"featured_media":1040730,"comment_status":"open","ping_status":"closed","template":"","meta":{"_acf_changed":false},"product_brand":[],"product_cat":[239],"product_tag":[],"class_list":{"0":"post-1010275","1":"product","2":"type-product","3":"status-publish","4":"has-post-thumbnail","6":"product_cat-materiaux-halogenes","8":"first","9":"instock","10":"shipping-taxable","11":"purchasable","12":"product-type-variable"},"acf":[],"_links":{"self":[{"href":"https:\/\/vimaterial.de\/fr\/wp-json\/wp\/v2\/product\/1010275","targetHints":{"allow":["GET"]}}],"collection":[{"href":"https:\/\/vimaterial.de\/fr\/wp-json\/wp\/v2\/product"}],"about":[{"href":"https:\/\/vimaterial.de\/fr\/wp-json\/wp\/v2\/types\/product"}],"replies":[{"embeddable":true,"href":"https:\/\/vimaterial.de\/fr\/wp-json\/wp\/v2\/comments?post=1010275"}],"wp:featuredmedia":[{"embeddable":true,"href":"https:\/\/vimaterial.de\/fr\/wp-json\/wp\/v2\/media\/1040730"}],"wp:attachment":[{"href":"https:\/\/vimaterial.de\/fr\/wp-json\/wp\/v2\/media?parent=1010275"}],"wp:term":[{"taxonomy":"product_brand","embeddable":true,"href":"https:\/\/vimaterial.de\/fr\/wp-json\/wp\/v2\/product_brand?post=1010275"},{"taxonomy":"product_cat","embeddable":true,"href":"https:\/\/vimaterial.de\/fr\/wp-json\/wp\/v2\/product_cat?post=1010275"},{"taxonomy":"product_tag","embeddable":true,"href":"https:\/\/vimaterial.de\/fr\/wp-json\/wp\/v2\/product_tag?post=1010275"}],"curies":[{"name":"wp","href":"https:\/\/api.w.org\/{rel}","templated":true}]}}