{"id":1010261,"date":"2024-06-17T14:16:25","date_gmt":"2024-06-17T06:16:25","guid":{"rendered":"https:\/\/vimaterial.de\/product\/niobate-de-potassium-2\/"},"modified":"2024-12-26T14:06:42","modified_gmt":"2024-12-26T06:06:42","slug":"niobate-de-potassium-2","status":"publish","type":"product","link":"https:\/\/vimaterial.de\/fr\/product\/niobate-de-potassium-2\/","title":{"rendered":"Potassium Niobate"},"content":{"rendered":"<p>Le niobate de potassium est un compos\u00e9 compos\u00e9 d\u2019ions potassium (K+) et d\u2019ions oxyde de niobium (NbO3-), qui sont form\u00e9s par des liaisons ioniques. C\u2019est un mat\u00e9riau ferro\u00e9lectrique avec de bonnes propri\u00e9t\u00e9s \u00e9lectriques. Le niobate de potassium a une structure cristalline stable et une bonne stabilit\u00e9 thermique et peut \u00eatre utilis\u00e9 \u00e0 des temp\u00e9ratures \u00e9lev\u00e9es. La puret\u00e9 du niobate de potassium fourni par VIMATERIAL peut atteindre 99,999 % (\u00e0 base de m\u00e9tal), qui est un produit chimique de haute puret\u00e9. Sa structure est une structure ABO3 typique. Nous fournissons \u00e9galement de nombreux autres mat\u00e9riaux compos\u00e9s ABO3, tels que le titanate de baryum (BaTiO3), le titanate de strontium (SrTiO3), le chromate de strontium (SrCrO3), etc. Si vous en avez besoin, n\u2019h\u00e9sitez pas \u00e0 nous contacter.  <\/p>\n<h2><span style=\"font-size: 14pt;\">Propri\u00e9t\u00e9s<\/span><\/h2>\n<p>Formule mol\u00e9culaire : KNbO3 Poids mol\u00e9culaire : 180.0029 Aspect : solide incolore Densit\u00e9 : 4.62g\/cm3 Point de fusion : 1045\u00b0C Duret\u00e9 : 4.5HM<\/p>\n<h2><span style=\"font-size: 14pt;\">Pr\u00e9paration<\/span><\/h2>\n<p>Les m\u00e9thodes de pr\u00e9paration du niobate de potassium comprennent principalement la m\u00e9thode en phase solide, la m\u00e9thode sol-gel, la m\u00e9thode hydrothermale, etc. Parmi elles, la m\u00e9thode en phase solide est l\u2019une des m\u00e9thodes de pr\u00e9paration les plus couramment utilis\u00e9es. Les \u00e9tapes sp\u00e9cifiques sont les suivantes : M\u00e9langez uniform\u00e9ment le niobate d\u2019ammonium et le carbonate de potassium et mettez-les dans un four pour les chauffer. Dans une atmosph\u00e8re d\u2019azote, chauffez le m\u00e9lange \u00e0 plus de 1000\u00b0C pour r\u00e9agir. Apr\u00e8s refroidissement, \u00e9crasez et tamisez le produit pour obtenir de la poudre de niobate de potassium.  <\/p>\n<h2><span style=\"font-size: 14pt;\">Applications<\/span><\/h2>\n<p>Le niobate de potassium a de bonnes propri\u00e9t\u00e9s \u00e9lectriques, il est donc largement utilis\u00e9 dans les appareils \u00e9lectroniques, les dispositifs opto\u00e9lectroniques, les dispositifs \u00e0 ondes acoustiques et d\u2019autres domaines. Le niobate de potassium peut \u00eatre utilis\u00e9 pour pr\u00e9parer des condensateurs, des c\u00e9ramiques pi\u00e9zo\u00e9lectriques, des dispositifs \u00e0 ondes acoustiques de surface, etc. De plus, le niobate de potassium peut \u00e9galement \u00eatre utilis\u00e9 pour pr\u00e9parer des mat\u00e9riaux optiques, des catalyseurs, etc.  <\/p>\n<h2><span style=\"font-size: 14pt;\">Contr\u00f4le de la qualit\u00e9<\/span><\/h2>\n<p>Nos produits sont soumis au syst\u00e8me de gestion de la qualit\u00e9 le plus strict. Il existe des normes d\u2019inspection strictes pour les mat\u00e9riaux entrants, le processus, l\u2019inspection finale et l\u2019inspection d\u2019usine. Des mesures d\u2019isolement strictes seront adopt\u00e9es pour le traitement non qualifi\u00e9 afin d\u2019\u00e9viter que les produits non qualifi\u00e9s ne passent au processus suivant. Des \u00e9chantillons seront fournis aux clients selon les exigences du client pour la r\u00e9inspection.   <\/p>\n<h2><span style=\"font-size: 14pt;\">Emballage et stockage<\/span><\/h2>\n<p>Emballage dans des sacs sous vide et des cartons. Conserver dans un endroit ferm\u00e9, \u00e0 l\u2019abri de la lumi\u00e8re, a\u00e9r\u00e9 et sec \u00e0 temp\u00e9rature ambiante.<\/p>\n","protected":false},"excerpt":{"rendered":"<p>Le niobate de potassium est un compos\u00e9 compos\u00e9 d\u2019ions potassium (K+) et d\u2019ions oxyde de niobium (NbO3-), qui sont form\u00e9s par des liaisons ioniques. C\u2019est un mat\u00e9riau ferro\u00e9lectrique avec de bonnes propri\u00e9t\u00e9s \u00e9lectriques. Le niobate de potassium a une structure cristalline stable et une bonne stabilit\u00e9 thermique et peut \u00eatre utilis\u00e9 \u00e0 des temp\u00e9ratures \u00e9lev\u00e9es. [&hellip;]<\/p>\n","protected":false},"featured_media":1000099,"comment_status":"open","ping_status":"closed","template":"","meta":{"_acf_changed":false},"product_brand":[],"product_cat":[244],"product_tag":[],"class_list":{"0":"post-1010261","1":"product","2":"type-product","3":"status-publish","4":"has-post-thumbnail","6":"product_cat-autres-materiaux","8":"first","9":"instock","10":"shipping-taxable","11":"purchasable","12":"product-type-variable"},"acf":[],"_links":{"self":[{"href":"https:\/\/vimaterial.de\/fr\/wp-json\/wp\/v2\/product\/1010261","targetHints":{"allow":["GET"]}}],"collection":[{"href":"https:\/\/vimaterial.de\/fr\/wp-json\/wp\/v2\/product"}],"about":[{"href":"https:\/\/vimaterial.de\/fr\/wp-json\/wp\/v2\/types\/product"}],"replies":[{"embeddable":true,"href":"https:\/\/vimaterial.de\/fr\/wp-json\/wp\/v2\/comments?post=1010261"}],"wp:featuredmedia":[{"embeddable":true,"href":"https:\/\/vimaterial.de\/fr\/wp-json\/wp\/v2\/media\/1000099"}],"wp:attachment":[{"href":"https:\/\/vimaterial.de\/fr\/wp-json\/wp\/v2\/media?parent=1010261"}],"wp:term":[{"taxonomy":"product_brand","embeddable":true,"href":"https:\/\/vimaterial.de\/fr\/wp-json\/wp\/v2\/product_brand?post=1010261"},{"taxonomy":"product_cat","embeddable":true,"href":"https:\/\/vimaterial.de\/fr\/wp-json\/wp\/v2\/product_cat?post=1010261"},{"taxonomy":"product_tag","embeddable":true,"href":"https:\/\/vimaterial.de\/fr\/wp-json\/wp\/v2\/product_tag?post=1010261"}],"curies":[{"name":"wp","href":"https:\/\/api.w.org\/{rel}","templated":true}]}}