{"id":1010244,"date":"2024-06-17T14:17:03","date_gmt":"2024-06-17T06:17:03","guid":{"rendered":"https:\/\/vimaterial.de\/product\/acetate-de-potassium\/"},"modified":"2024-12-26T14:40:20","modified_gmt":"2024-12-26T06:40:20","slug":"acetate-de-potassium","status":"publish","type":"product","link":"https:\/\/vimaterial.de\/fr\/product\/acetate-de-potassium\/","title":{"rendered":"Ac\u00e9tate de potassium"},"content":{"rendered":"<p>L\u2019ac\u00e9tate de potassium, \u00e9galement connu sous le nom d\u2019ac\u00e9tate de potassium, a une formule chimique de C2H3O2K. C\u2019est un sel obtenu par la r\u00e9action de l\u2019ac\u00e9tate de sodium et du chlorure de potassium. Il s\u2019agit d\u2019une poudre cristalline blanche, inodore, l\u00e9g\u00e8rement sal\u00e9e et facilement soluble dans l\u2019eau et l\u2019\u00e9thanol.  <\/p>\n<h2><span style=\"font-size: 14pt;\">Propri\u00e9t\u00e9s<\/span><\/h2>\n<p>Formule chimique : CH3COOK Poids mol\u00e9culaire : 98,14 Point de fusion : 292 \u00b0C Densit\u00e9 : 1,57 g\/cm\u00b3<\/p>\n<p>Apparence&nbsp;: poudre blanche<\/p>\n<p>Solubilit\u00e9 : facilement soluble dans l\u2019eau, soluble dans l\u2019\u00e9thanol et l\u2019ammoniac liquide, insoluble dans l\u2019\u00e9ther et l\u2019ac\u00e9tone. L\u2019ac\u00e9tate de potassium est une substance faiblement acide qui pr\u00e9sente une faible acidit\u00e9 dans l\u2019eau. Son effet d\u2019ionisation acide est faible et il n\u2019est pas facile de d\u00e9composer l\u2019acide libre. Dans le m\u00eame temps, il d\u00e9compose l\u2019acide ac\u00e9tique et l\u2019oxyde de potassium lorsqu\u2019il est chauff\u00e9.<\/p>\n<h2><span style=\"font-size: 14pt;\">Production<\/span><\/h2>\n<p>Il existe deux principaux proc\u00e9d\u00e9s de production de l\u2019ac\u00e9tate de potassium. L\u2019une consiste \u00e0 faire r\u00e9agir le chlorure de potassium et l\u2019ac\u00e9tate de sodium pour obtenir de l\u2019ac\u00e9tate de potassium et du chlorure de sodium, puis \u00e0 s\u00e9parer l\u2019ac\u00e9tate de potassium par des processus tels que la cristallisation et l\u2019\u00e9vaporation. L\u2019autre consiste \u00e0 faire fermenter l\u2019ac\u00e9tate de potassium en utilisant des produits naturels tels que les \u00e9corces de bois (\u00e9corces de fruits, \u00e9corces, etc.) comme mati\u00e8res premi\u00e8res.  <\/p>\n<h2><span style=\"font-size: 14pt;\">Applications<\/span><\/h2>\n<p>Domaine m\u00e9dical&nbsp;: L\u2019ac\u00e9tate de potassium est un suppl\u00e9ment d\u2019\u00e9lectrolytes efficace qui peut aider \u00e0 r\u00e9guler l\u2019\u00e9quilibre acido-basique dans le corps, en particulier dans le traitement de l\u2019acidose m\u00e9tabolique. De plus, il peut \u00e9galement \u00eatre utilis\u00e9 comme agent de lib\u00e9ration prolong\u00e9e pour les m\u00e9dicaments afin de prolonger la dur\u00e9e d\u2019action du m\u00e9dicament. Domaine alimentaire : Il est souvent utilis\u00e9 comme agent de conservation et antibact\u00e9rien pour aider \u00e0 prolonger la dur\u00e9e de conservation des aliments. Dans le m\u00eame temps, c\u2019est aussi un agent aromatisant qui peut am\u00e9liorer le go\u00fbt des aliments. Domaine industriel&nbsp;: Il peut \u00eatre utilis\u00e9 comme tampon dans l\u2019industrie de la galvanoplastie pour emp\u00eacher l\u2019acidit\u00e9 de l\u2019\u00e9lectrolyte d\u2019\u00eatre trop \u00e9lev\u00e9e. Dans la production de polyur\u00e9thane, il peut \u00e9galement \u00eatre utilis\u00e9 comme catalyseur. De plus, il peut \u00e9galement \u00eatre utilis\u00e9 pour fabriquer du verre transparent, des mat\u00e9riaux isolants, de la fibre de verre, des colorants et des pigments, etc. Dans ces processus de fabrication, il peut \u00eatre utilis\u00e9 comme catalyseur industriel, agent auxiliaire ou additif pour am\u00e9liorer la stabilit\u00e9 et la durabilit\u00e9 du produit. <\/p>\n<h2><span style=\"font-size: 14pt;\">Contr\u00f4le de la qualit\u00e9<\/span><\/h2>\n<p>Nos produits mettent en \u0153uvre le syst\u00e8me de gestion de la qualit\u00e9 le plus strict. Il existe des normes d\u2019inspection strictes pour les mat\u00e9riaux entrants, les processus, les inspections finales et les inspections d\u2019usine. Des mesures d\u2019isolement strictes seront adopt\u00e9es pour le traitement non qualifi\u00e9 afin d\u2019\u00e9viter que les produits non qualifi\u00e9s ne passent au processus suivant. Des \u00e9chantillons seront fournis aux clients selon les exigences du client pour la r\u00e9inspection.   <\/p>\n<h2><span style=\"font-size: 14pt;\">Emballage et stockage<\/span><\/h2>\n<p>Les sacs sous vide et les cartons sont utilis\u00e9s pour l\u2019emballage. L\u2019ac\u00e9tate de potassium doit \u00eatre stock\u00e9 dans un environnement frais et sec, et la temp\u00e9rature de stockage doit \u00eatre inf\u00e9rieure \u00e0 30\u00b0C.  La salle de stockage ou l\u2019entrep\u00f4t doit \u00eatre bien ventil\u00e9 et l\u2019humidit\u00e9 relative doit \u00eatre maintenue en dessous de 75 % pour r\u00e9duire l\u2019absorption d\u2019humidit\u00e9 de l\u2019ac\u00e9tate de potassium et \u00e9viter l\u2019agglom\u00e9ration.<\/p>\n","protected":false},"excerpt":{"rendered":"<p>L\u2019ac\u00e9tate de potassium, \u00e9galement connu sous le nom d\u2019ac\u00e9tate de potassium, a une formule chimique de C2H3O2K. C\u2019est un sel obtenu par la r\u00e9action de l\u2019ac\u00e9tate de sodium et du chlorure de potassium. Il s\u2019agit d\u2019une poudre cristalline blanche, inodore, l\u00e9g\u00e8rement sal\u00e9e et facilement soluble dans l\u2019eau et l\u2019\u00e9thanol. Propri\u00e9t\u00e9s Formule chimique : CH3COOK Poids [&hellip;]<\/p>\n","protected":false},"featured_media":1000109,"comment_status":"open","ping_status":"closed","template":"","meta":{"_acf_changed":false},"product_brand":[],"product_cat":[244],"product_tag":[],"class_list":{"0":"post-1010244","1":"product","2":"type-product","3":"status-publish","4":"has-post-thumbnail","6":"product_cat-autres-materiaux","8":"first","9":"instock","10":"shipping-taxable","11":"purchasable","12":"product-type-variable"},"acf":[],"_links":{"self":[{"href":"https:\/\/vimaterial.de\/fr\/wp-json\/wp\/v2\/product\/1010244","targetHints":{"allow":["GET"]}}],"collection":[{"href":"https:\/\/vimaterial.de\/fr\/wp-json\/wp\/v2\/product"}],"about":[{"href":"https:\/\/vimaterial.de\/fr\/wp-json\/wp\/v2\/types\/product"}],"replies":[{"embeddable":true,"href":"https:\/\/vimaterial.de\/fr\/wp-json\/wp\/v2\/comments?post=1010244"}],"wp:featuredmedia":[{"embeddable":true,"href":"https:\/\/vimaterial.de\/fr\/wp-json\/wp\/v2\/media\/1000109"}],"wp:attachment":[{"href":"https:\/\/vimaterial.de\/fr\/wp-json\/wp\/v2\/media?parent=1010244"}],"wp:term":[{"taxonomy":"product_brand","embeddable":true,"href":"https:\/\/vimaterial.de\/fr\/wp-json\/wp\/v2\/product_brand?post=1010244"},{"taxonomy":"product_cat","embeddable":true,"href":"https:\/\/vimaterial.de\/fr\/wp-json\/wp\/v2\/product_cat?post=1010244"},{"taxonomy":"product_tag","embeddable":true,"href":"https:\/\/vimaterial.de\/fr\/wp-json\/wp\/v2\/product_tag?post=1010244"}],"curies":[{"name":"wp","href":"https:\/\/api.w.org\/{rel}","templated":true}]}}