{"id":1010239,"date":"2024-06-17T14:17:03","date_gmt":"2024-06-17T06:17:03","guid":{"rendered":"https:\/\/vimaterial.de\/product\/niobate-de-potassium\/"},"modified":"2024-12-26T14:22:44","modified_gmt":"2024-12-26T06:22:44","slug":"niobate-de-potassium","status":"publish","type":"product","link":"https:\/\/vimaterial.de\/fr\/product\/niobate-de-potassium\/","title":{"rendered":"Potassium Niobate"},"content":{"rendered":"<p>La cible de pulv\u00e9risation au niobate de potassium (KNbO\u2083) est un mat\u00e9riau ferro\u00e9lectrique p\u00e9rovskite courant. Il est largement utilis\u00e9 en opto\u00e9lectronique et dans les mat\u00e9riaux fonctionnels en raison de ses excellentes propri\u00e9t\u00e9s pi\u00e9zo\u00e9lectriques, optiques et di\u00e9lectriques. La puret\u00e9 des cibles de pulv\u00e9risation de niobate de potassium fournies par VIMATERIAL peut atteindre 99,999 %, avec une excellente uniformit\u00e9 de composition, une puret\u00e9 ultra-\u00e9lev\u00e9e et une excellente stabilit\u00e9 de pulv\u00e9risation. Nous pouvons \u00e9galement fournir des services de collage de cibles. Nous avons une \u00e9quipe de R &amp; D professionnelle et pouvons accepter la personnalisation et les exp\u00e9riences, veuillez nous contacter. <\/p>\n<h2><span style=\"font-size: 14pt;\">Propri\u00e9t\u00e9s<\/span><\/h2>\n<p>Formule mol\u00e9culaire : KNbO3 Poids mol\u00e9culaire : 180.0029 Aspect : solide incolore Densit\u00e9 : 4.62g\/cm3 Point de fusion : 1045\u00b0C Duret\u00e9 : 4.5HM<\/p>\n<h2><span style=\"font-size: 14pt;\">Pr\u00e9paration<\/span><\/h2>\n<p>S\u00e9lection des mati\u00e8res premi\u00e8res (pesage pr\u00e9cis de l\u2019oxyde de potassium (K\u2082O) ou du carbonate de potassium (K\u2082O\u2083) et de l\u2019oxyde de niobium (Nb\u2082O\u2085) dans un rapport molaire de 1:1) \u2192 M\u00e9lange et broyage de boulets \u2192 Frittage \u00e0 haute temp\u00e9rature \u2192 Moulage \u2192 Pressage \u00e0 chaud, frittage \u2192 Usinage et polissage<\/p>\n<h2><span style=\"font-size: 14pt;\">Applications<\/span><\/h2>\n<p>Le niobate de potassium a de bonnes propri\u00e9t\u00e9s \u00e9lectriques, il est donc largement utilis\u00e9 dans les appareils \u00e9lectroniques, les dispositifs opto\u00e9lectroniques, les dispositifs \u00e0 ondes acoustiques et d\u2019autres domaines. Le niobate de potassium peut \u00eatre utilis\u00e9 pour pr\u00e9parer des condensateurs, des c\u00e9ramiques pi\u00e9zo\u00e9lectriques, des dispositifs \u00e0 ondes acoustiques de surface, etc. De plus, le niobate de potassium peut \u00e9galement \u00eatre utilis\u00e9 pour pr\u00e9parer des mat\u00e9riaux optiques, des catalyseurs, etc.  <\/p>\n<h2><span style=\"font-size: 14pt;\">Contr\u00f4le de la qualit\u00e9<\/span><\/h2>\n<p>Nos produits sont soumis au syst\u00e8me de gestion de la qualit\u00e9 le plus strict. Il existe des normes d\u2019inspection strictes pour les mat\u00e9riaux entrants, le processus, l\u2019inspection finale et l\u2019inspection d\u2019usine. Des mesures d\u2019isolement strictes seront adopt\u00e9es pour le traitement non qualifi\u00e9 afin d\u2019\u00e9viter que les produits non qualifi\u00e9s ne passent au processus suivant. Des \u00e9chantillons seront fournis aux clients selon les exigences du client pour la r\u00e9inspection.   <\/p>\n<h2><span style=\"font-size: 14pt;\">Emballage et stockage<\/span><\/h2>\n<p>Les cibles de pulv\u00e9risation au niobate de potassium sont emball\u00e9es dans des sacs et des cartons sous vide doubles. Les cibles de pulv\u00e9risation au niobate de potassium doivent \u00eatre stock\u00e9es dans un environnement sec et scell\u00e9es avec un emballage sous vide ou un d\u00e9shydratant. \u00c9vitez tout contact \u00e0 long terme avec l\u2019eau ou l\u2019air humide pendant le stockage pour \u00e9viter la d\u00e9composition des mat\u00e9riaux ou la d\u00e9gradation des performances. La temp\u00e9rature de l\u2019environnement de stockage doit \u00eatre maintenue \u00e0 15 ~ 30 \u00b0C pour \u00e9viter le changement de phase ou la d\u00e9gradation des performances des cristaux caus\u00e9e par une temp\u00e9rature \u00e9lev\u00e9e. \u00c9vitez tout contact avec d\u2019autres produits chimiques, en particulier les gaz acides ou alcalins. Il est recommand\u00e9 d\u2019utiliser un environnement gazeux inerte (tel que l\u2019argon) pendant le stockage pour \u00e9viter les r\u00e9actions chimiques. V\u00e9rifiez r\u00e9guli\u00e8rement s\u2019il n\u2019y a pas de fissures, de taches d\u2019oxydation ou de contamination \u00e0 la surface de la cible, et repolissez si n\u00e9cessaire.<\/p>\n","protected":false},"excerpt":{"rendered":"<p>La cible de pulv\u00e9risation au niobate de potassium (KNbO\u2083) est un mat\u00e9riau ferro\u00e9lectrique p\u00e9rovskite courant. Il est largement utilis\u00e9 en opto\u00e9lectronique et dans les mat\u00e9riaux fonctionnels en raison de ses excellentes propri\u00e9t\u00e9s pi\u00e9zo\u00e9lectriques, optiques et di\u00e9lectriques. La puret\u00e9 des cibles de pulv\u00e9risation de niobate de potassium fournies par VIMATERIAL peut atteindre 99,999 %, avec une [&hellip;]<\/p>\n","protected":false},"featured_media":1000099,"comment_status":"open","ping_status":"closed","template":"","meta":{"_acf_changed":false},"product_brand":[],"product_cat":[235],"product_tag":[],"class_list":{"0":"post-1010239","1":"product","2":"type-product","3":"status-publish","4":"has-post-thumbnail","6":"product_cat-cibles-de-pulverisation-planaire","8":"first","9":"instock","10":"shipping-taxable","11":"product-type-variable"},"acf":[],"_links":{"self":[{"href":"https:\/\/vimaterial.de\/fr\/wp-json\/wp\/v2\/product\/1010239","targetHints":{"allow":["GET"]}}],"collection":[{"href":"https:\/\/vimaterial.de\/fr\/wp-json\/wp\/v2\/product"}],"about":[{"href":"https:\/\/vimaterial.de\/fr\/wp-json\/wp\/v2\/types\/product"}],"replies":[{"embeddable":true,"href":"https:\/\/vimaterial.de\/fr\/wp-json\/wp\/v2\/comments?post=1010239"}],"wp:featuredmedia":[{"embeddable":true,"href":"https:\/\/vimaterial.de\/fr\/wp-json\/wp\/v2\/media\/1000099"}],"wp:attachment":[{"href":"https:\/\/vimaterial.de\/fr\/wp-json\/wp\/v2\/media?parent=1010239"}],"wp:term":[{"taxonomy":"product_brand","embeddable":true,"href":"https:\/\/vimaterial.de\/fr\/wp-json\/wp\/v2\/product_brand?post=1010239"},{"taxonomy":"product_cat","embeddable":true,"href":"https:\/\/vimaterial.de\/fr\/wp-json\/wp\/v2\/product_cat?post=1010239"},{"taxonomy":"product_tag","embeddable":true,"href":"https:\/\/vimaterial.de\/fr\/wp-json\/wp\/v2\/product_tag?post=1010239"}],"curies":[{"name":"wp","href":"https:\/\/api.w.org\/{rel}","templated":true}]}}