{"id":1010194,"date":"2024-06-17T14:17:10","date_gmt":"2024-06-17T06:17:10","guid":{"rendered":"https:\/\/vimaterial.de\/product\/tantale-de-potassium\/"},"modified":"2024-12-26T15:54:40","modified_gmt":"2024-12-26T07:54:40","slug":"tantale-de-potassium","status":"publish","type":"product","link":"https:\/\/vimaterial.de\/fr\/product\/tantale-de-potassium\/","title":{"rendered":"Potassium Tantalate"},"content":{"rendered":"<p>Le tantalate de potassium (KTaO3) est un compos\u00e9 inorganique compos\u00e9 d\u2019ions potassium (K+) et d\u2019ions tantalate (TaO3-). Il s\u2019agit d\u2019un mat\u00e9riau fonctionnel dot\u00e9 d\u2019importantes propri\u00e9t\u00e9s physiques et chimiques. Le tantalate de potassium est un mat\u00e9riau cristallin avec une structure cristalline similaire \u00e0 celle de la p\u00e9rovskite. VIMATREIAL fournit \u00e9galement une s\u00e9rie d\u2019autres mat\u00e9riaux structur\u00e9s en p\u00e9rovskite, tels que le titanate de baryum (BaTiO3), le titanate de strontium (SrTiO3), le chromate de strontium (SrCrO3), etc. Si vous en avez besoin, n\u2019h\u00e9sitez pas \u00e0 nous contacter. <\/p>\n<h2><span style=\"font-size: 14pt;\">Propri\u00e9t\u00e9s<\/span><\/h2>\n<p>Formule mol\u00e9culaire : KTaO3 Poids mol\u00e9culaire : 268.0444 Couleur : incolore Point de fusion : 1370\u00b0C Indice de r\u00e9fraction 2.4 (\u03bb=0.633nm) Constante di\u00e9lectrique : 4400 Temp\u00e9rature de Curie : -269\u00b0\u00b0C(4K) Plage de transmission : 0.4~6\u03bcm. Solubilit\u00e9 : Insoluble dans l\u2019eau<\/p>\n<h2><span style=\"font-size: 14pt;\">Pr\u00e9paration<\/span><\/h2>\n<p>G\u00e9n\u00e9r\u00e9 par la r\u00e9action de l\u2019hydroxyde de tantale et de la solution alcaline ou par la r\u00e9action du pentoxyde de tantale et du carbonate de potassium. Les monocristaux sont pr\u00e9par\u00e9s par la m\u00e9thode Czochralski ou la m\u00e9thode kilosynth\u00e9tique.<\/p>\n<h2><span style=\"font-size: 14pt;\">Application<\/span><\/h2>\n<p>1. Mat\u00e9riau di\u00e9lectrique : En raison de sa constante di\u00e9lectrique \u00e9lev\u00e9e et de ses caract\u00e9ristiques de faible perte, le tantalate de potassium (KTaO3) est utilis\u00e9 comme mat\u00e9riau di\u00e9lectrique dans les condensateurs, les c\u00e9ramiques pi\u00e9zo\u00e9lectriques, les supercondensateurs et d\u2019autres domaines. 2. Mat\u00e9riaux pi\u00e9zo\u00e9lectriques : Le tantalate de potassium (KTaO3) a un effet pi\u00e9zo\u00e9lectrique, il peut donc \u00eatre utilis\u00e9 dans les capteurs pi\u00e9zo\u00e9lectriques, les capteurs de pression et les g\u00e9n\u00e9rateurs d\u2019ondes acoustiques. 3. Mat\u00e9riaux optiques : En raison de ses propri\u00e9t\u00e9s optiques et de ses propri\u00e9t\u00e9s \u00e9lectriques contr\u00f4l\u00e9es par la lumi\u00e8re, le tantalate de potassium (KTaO3) peut \u00eatre utilis\u00e9 dans les dispositifs optiques, les dispositifs \u00e0 guide d\u2019ondes optiques et les capteurs photo\u00e9lectriques. 4. Appareils \u00e9lectroniques : Le tantalate de potassium (KTaO3) peut \u00e9galement \u00eatre utilis\u00e9 dans des appareils \u00e9lectroniques tels que les transistors \u00e0 effet de champ (FET) et les phototransistors.<\/p>\n<h2><span style=\"font-size: 14pt;\">Contr\u00f4le qualit\u00e9<\/span><\/h2>\n<p>Nos produits mettent en \u0153uvre le syst\u00e8me de gestion de la qualit\u00e9 le plus strict. Il existe des normes d\u2019inspection strictes pour les mat\u00e9riaux entrants, les processus, les inspections finales et les inspections d\u2019usine. Des mesures d\u2019isolement strictes seront adopt\u00e9es pour le traitement non qualifi\u00e9 afin d\u2019\u00e9viter que les produits non qualifi\u00e9s ne passent au processus suivant. Des \u00e9chantillons seront fournis aux clients selon les exigences du client pour la r\u00e9inspection.   <\/p>\n<h2><span style=\"font-size: 14pt;\">Emballage et stockage<\/span><\/h2>\n<p>Emballage sous vide int\u00e9rieur, emballage ext\u00e9rieur en carton\/bo\u00eete en bois. Le tantalate de potassium doit \u00eatre conserv\u00e9 dans un environnement sec et \u00e0 l\u2019abri de la lumi\u00e8re.<\/p>\n<p>&nbsp;<\/p>\n","protected":false},"excerpt":{"rendered":"<p>Le tantalate de potassium (KTaO3) est un compos\u00e9 inorganique compos\u00e9 d\u2019ions potassium (K+) et d\u2019ions tantalate (TaO3-). Il s\u2019agit d\u2019un mat\u00e9riau fonctionnel dot\u00e9 d\u2019importantes propri\u00e9t\u00e9s physiques et chimiques. Le tantalate de potassium est un mat\u00e9riau cristallin avec une structure cristalline similaire \u00e0 celle de la p\u00e9rovskite. VIMATREIAL fournit \u00e9galement une s\u00e9rie d\u2019autres mat\u00e9riaux structur\u00e9s en [&hellip;]<\/p>\n","protected":false},"featured_media":1031192,"comment_status":"open","ping_status":"closed","template":"","meta":{"_acf_changed":false},"product_brand":[],"product_cat":[236],"product_tag":[],"class_list":{"0":"post-1010194","1":"product","2":"type-product","3":"status-publish","4":"has-post-thumbnail","6":"product_cat-materiaux-devaporation","8":"first","9":"instock","10":"shipping-taxable","11":"product-type-variable"},"acf":[],"_links":{"self":[{"href":"https:\/\/vimaterial.de\/fr\/wp-json\/wp\/v2\/product\/1010194","targetHints":{"allow":["GET"]}}],"collection":[{"href":"https:\/\/vimaterial.de\/fr\/wp-json\/wp\/v2\/product"}],"about":[{"href":"https:\/\/vimaterial.de\/fr\/wp-json\/wp\/v2\/types\/product"}],"replies":[{"embeddable":true,"href":"https:\/\/vimaterial.de\/fr\/wp-json\/wp\/v2\/comments?post=1010194"}],"wp:featuredmedia":[{"embeddable":true,"href":"https:\/\/vimaterial.de\/fr\/wp-json\/wp\/v2\/media\/1031192"}],"wp:attachment":[{"href":"https:\/\/vimaterial.de\/fr\/wp-json\/wp\/v2\/media?parent=1010194"}],"wp:term":[{"taxonomy":"product_brand","embeddable":true,"href":"https:\/\/vimaterial.de\/fr\/wp-json\/wp\/v2\/product_brand?post=1010194"},{"taxonomy":"product_cat","embeddable":true,"href":"https:\/\/vimaterial.de\/fr\/wp-json\/wp\/v2\/product_cat?post=1010194"},{"taxonomy":"product_tag","embeddable":true,"href":"https:\/\/vimaterial.de\/fr\/wp-json\/wp\/v2\/product_tag?post=1010194"}],"curies":[{"name":"wp","href":"https:\/\/api.w.org\/{rel}","templated":true}]}}