{"id":1010167,"date":"2024-06-17T14:17:11","date_gmt":"2024-06-17T06:17:11","guid":{"rendered":"https:\/\/vimaterial.de\/product\/phosphate-de-calcium-2\/"},"modified":"2024-12-26T16:53:55","modified_gmt":"2024-12-26T08:53:55","slug":"phosphate-de-calcium-2","status":"publish","type":"product","link":"https:\/\/vimaterial.de\/fr\/product\/phosphate-de-calcium-2\/","title":{"rendered":"Calcium Phosphate"},"content":{"rendered":"<p>La cible de pulv\u00e9risation de phosphate de calcium est un mat\u00e9riau c\u00e9ramique fonctionnel, principalement utilis\u00e9 pour le rev\u00eatement de couches minces, largement utilis\u00e9 dans les dispositifs biom\u00e9dicaux et \u00e9lectroniques. Les cibles de pulv\u00e9risation au phosphate de calcium de VIMATERIAL ont une excellente uniformit\u00e9 de composition, une puret\u00e9 ultra-\u00e9lev\u00e9e et une excellente stabilit\u00e9 de pulv\u00e9risation. Nous pouvons \u00e9galement fournir des services de collage de cibles. Nous avons une \u00e9quipe de R &amp; D professionnelle et pouvons accepter la personnalisation et les exp\u00e9riences, veuillez nous contacter.<\/p>\n<h2><span style=\"font-size: 14pt;\">Propri\u00e9t\u00e9s<\/span><\/h2>\n<p>Formule chimique : Ca3(PO4)2 Poids mol\u00e9culaire : 310.177 Aspect : cristal blanc ou poudre amorphe Point de fusion : 1670 \u00b0C Solubilit\u00e9 dans l\u2019eau : l\u00e9g\u00e8rement soluble Densit\u00e9 : 3,14 g\/cm\u00b3<\/p>\n<h2><span style=\"font-size: 14pt;\">Application de la cible de pulv\u00e9risation cathodique au phosphate de calcium<\/span><\/h2>\n<h3><span style=\"font-size: 12pt;\">1. Domaine biom\u00e9dical :  <\/span><\/h3>\n<p>Utilis\u00e9 pour fabriquer des rev\u00eatements en couches minces \u00e0 la surface d\u2019os artificiels, d\u2019implants dentaires et d\u2019autres biomat\u00e9riaux. Utilis\u00e9 pour la modification de surface des implants orthop\u00e9diques afin d\u2019am\u00e9liorer la capacit\u00e9 de liaison avec le tissu osseux.<\/p>\n<h3><span style=\"font-size: 12pt;\">2. Dispositifs optiques et \u00e9lectroniques :  <\/span><\/h3>\n<p>Utilis\u00e9 comme mat\u00e9riau \u00e0 constante di\u00e9lectrique \u00e9lev\u00e9e dans les appareils \u00e9lectroniques, tels que les condensateurs et les capteurs \u00e0 couche mince. D\u00e9p\u00f4t de couches minces sur la surface de dispositifs optiques sp\u00e9ciaux pour am\u00e9liorer les performances optiques ou ajuster la transmittance.<\/p>\n<h3><span style=\"font-size: 12pt;\">3. Domaine de recherche scientifique :  <\/span><\/h3>\n<p>Utilis\u00e9 pour \u00e9tudier la structure cristalline, la stabilit\u00e9 chimique et les caract\u00e9ristiques du phosphate de calcium dans des applications biologiques et \u00e9lectroniques. \u00c9tudiez le comportement du d\u00e9p\u00f4t de couches minces des mat\u00e9riaux cibles dans les proc\u00e9d\u00e9s PVD ou PLD.<\/p>\n<h2><span style=\"font-size: 14pt;\">Contr\u00f4le qualit\u00e9<\/span><\/h2>\n<p>Nos produits mettent en \u0153uvre le syst\u00e8me de gestion de la qualit\u00e9 le plus strict, et il existe des normes d\u2019inspection strictes pour les mat\u00e9riaux entrants, les processus, les inspections finales et les inspections d\u2019usine. Des mesures d\u2019isolement strictes seront adopt\u00e9es pour le traitement non qualifi\u00e9 afin d\u2019\u00e9viter que les produits non qualifi\u00e9s ne passent au processus suivant. Des \u00e9chantillons seront fournis aux clients selon les exigences du client pour la r\u00e9inspection.  <\/p>\n<h2><span style=\"font-size: 14pt;\">Emballage et stockage<\/span><\/h2>\n<p>Emballage sous vide int\u00e9rieur, emballage ext\u00e9rieur en carton. La cible de pulv\u00e9risation de phosphate de calcium doit \u00eatre stock\u00e9e dans un entrep\u00f4t frais et ventil\u00e9. Tenir \u00e0 l\u2019\u00e9cart du feu et des sources de chaleur. Il doit \u00eatre stock\u00e9 s\u00e9par\u00e9ment des acides et ne doit pas \u00eatre m\u00e9lang\u00e9. La zone de stockage doit \u00eatre \u00e9quip\u00e9e de mat\u00e9riaux appropri\u00e9s pour contenir les fuites.<\/p>\n","protected":false},"excerpt":{"rendered":"<p>La cible de pulv\u00e9risation de phosphate de calcium est un mat\u00e9riau c\u00e9ramique fonctionnel, principalement utilis\u00e9 pour le rev\u00eatement de couches minces, largement utilis\u00e9 dans les dispositifs biom\u00e9dicaux et \u00e9lectroniques. Les cibles de pulv\u00e9risation au phosphate de calcium de VIMATERIAL ont une excellente uniformit\u00e9 de composition, une puret\u00e9 ultra-\u00e9lev\u00e9e et une excellente stabilit\u00e9 de pulv\u00e9risation. Nous [&hellip;]<\/p>\n","protected":false},"featured_media":1029932,"comment_status":"open","ping_status":"closed","template":"","meta":{"_acf_changed":false},"product_brand":[],"product_cat":[235],"product_tag":[],"class_list":{"0":"post-1010167","1":"product","2":"type-product","3":"status-publish","4":"has-post-thumbnail","6":"product_cat-cibles-de-pulverisation-planaire","8":"first","9":"instock","10":"shipping-taxable","11":"product-type-variable"},"acf":[],"_links":{"self":[{"href":"https:\/\/vimaterial.de\/fr\/wp-json\/wp\/v2\/product\/1010167","targetHints":{"allow":["GET"]}}],"collection":[{"href":"https:\/\/vimaterial.de\/fr\/wp-json\/wp\/v2\/product"}],"about":[{"href":"https:\/\/vimaterial.de\/fr\/wp-json\/wp\/v2\/types\/product"}],"replies":[{"embeddable":true,"href":"https:\/\/vimaterial.de\/fr\/wp-json\/wp\/v2\/comments?post=1010167"}],"wp:featuredmedia":[{"embeddable":true,"href":"https:\/\/vimaterial.de\/fr\/wp-json\/wp\/v2\/media\/1029932"}],"wp:attachment":[{"href":"https:\/\/vimaterial.de\/fr\/wp-json\/wp\/v2\/media?parent=1010167"}],"wp:term":[{"taxonomy":"product_brand","embeddable":true,"href":"https:\/\/vimaterial.de\/fr\/wp-json\/wp\/v2\/product_brand?post=1010167"},{"taxonomy":"product_cat","embeddable":true,"href":"https:\/\/vimaterial.de\/fr\/wp-json\/wp\/v2\/product_cat?post=1010167"},{"taxonomy":"product_tag","embeddable":true,"href":"https:\/\/vimaterial.de\/fr\/wp-json\/wp\/v2\/product_tag?post=1010167"}],"curies":[{"name":"wp","href":"https:\/\/api.w.org\/{rel}","templated":true}]}}