{"id":1010157,"date":"2024-06-17T14:17:12","date_gmt":"2024-06-17T06:17:12","guid":{"rendered":"https:\/\/vimaterial.de\/product\/aluminate-de-calcium-2\/"},"modified":"2024-12-27T10:40:05","modified_gmt":"2024-12-27T02:40:05","slug":"aluminate-de-calcium-2","status":"publish","type":"product","link":"https:\/\/vimaterial.de\/fr\/product\/aluminate-de-calcium-2\/","title":{"rendered":"Calcium Aluminate"},"content":{"rendered":"<p>L\u2019aluminate de calcium (CaAl2O4) est un compos\u00e9 inorganique, et sa forme en poudre est appel\u00e9e poudre d\u2019aluminate de calcium. L\u2019aluminate de calcium a l\u2019apparence d\u2019un solide blanc ou blanc cass\u00e9, qui n\u2019est pas facilement soluble dans l\u2019eau, mais peut \u00eatre dissous dans des solutions acides. Ses propri\u00e9t\u00e9s chimiques sont similaires \u00e0 celles du silicate d\u2019aluminium et de calcium, et il peut \u00eatre converti en oxyde d\u2019aluminium et en carbonate de calcium \u00e0 haute temp\u00e9rature. VIMATERIAL peut \u00e9galement fournir des cibles de pulv\u00e9risation d\u2019aluminate de calcium. Si vous en avez besoin, n\u2019h\u00e9sitez pas \u00e0 nous contacter.  <\/p>\n<h2><span style=\"font-size: 14pt;\">Propri\u00e9t\u00e9s<\/span><\/h2>\n<p>Formule chimique&nbsp;:CaAl2O4 Masse molaire&nbsp;:158.038676 g\/mol Apparence&nbsp;: Cristaux blancs monocliniques, tricliniques ou orthorhombiques Densit\u00e9 2.981 Point de fusion 1600\u00b0C Stabilit\u00e9&nbsp;: Se d\u00e9compose dans l\u2019eau, soluble dans l\u2019acide chlorhydrique (d\u00e9composition), mais insoluble dans l\u2019acide nitrique et l\u2019acide sulfurique.<\/p>\n<h2><span style=\"font-size: 14pt;\">Production<\/span><\/h2>\n<p>Le processus de production de CaAl2O4 comprend principalement la m\u00e9thode de frittage \u00e0 haute temp\u00e9rature, la m\u00e9thode sol-gel, la m\u00e9thode de copr\u00e9cipitation chimique, etc. La m\u00e9thode de frittage \u00e0 haute temp\u00e9rature est l\u2019une des m\u00e9thodes les plus couramment utilis\u00e9es. Il s\u2019agit de m\u00e9langer de l\u2019oxyde de calcium et de la poudre d\u2019oxyde d\u2019aluminium \u00e0 haute temp\u00e9rature et de les fritter pour obtenir des produits \u00e0 base d\u2019aluminate de calcium. La m\u00e9thode sol-gel consiste \u00e0 dissoudre l\u2019oxyde de calcium et l\u2019oxyde d\u2019aluminium dans un solvant, \u00e0 les soumettre \u00e0 un processus de g\u00e9lification, puis \u00e0 les s\u00e9cher et \u00e0 les fritter pour obtenir du CaAl2O4. La m\u00e9thode de copr\u00e9cipitation chimique consiste \u00e0 pr\u00e9cipiter des ions calcium et des ions aluminium ensemble par une r\u00e9action chimique, puis \u00e0 obtenir de l\u2019aluminate de calcium par frittage \u00e0 haute temp\u00e9rature.  <\/p>\n<h2><span style=\"font-size: 14pt;\">Application<\/span><\/h2>\n<p>1. C\u00e9ramiques avanc\u00e9es&nbsp;: L\u2019aluminate de calcium peut \u00eatre utilis\u00e9 pour fabriquer des c\u00e9ramiques avanc\u00e9es, telles que des carreaux, des articles sanitaires, etc. En raison de son point de fusion \u00e9lev\u00e9 et de sa duret\u00e9 \u00e9lev\u00e9e, l\u2019aluminate de calcium peut rendre la surface c\u00e9ramique plus lisse, plus dure et moins sujette aux rayures. 2. \u00c9mail : L\u2019aluminate de calcium peut \u00eatre utilis\u00e9 pour fabriquer de l\u2019\u00e9mail, ce qui peut rendre la surface de l\u2019\u00e9mail plus lisse, moins sujette aux chutes et aux fissures. 3. Verre&nbsp;: L\u2019aluminate de calcium peut \u00eatre utilis\u00e9 pour fabriquer du verre, ce qui peut rendre le verre plus transparent, plus dur et moins sujet aux rayures. 4. Ciment : L\u2019aluminate de calcium peut \u00eatre utilis\u00e9 pour fabriquer du ciment, ce qui peut rendre le ciment plus fort et moins sujet \u00e0 la fissuration. 5. Mat\u00e9riaux r\u00e9fractaires avanc\u00e9s : En raison des caract\u00e9ristiques de l\u2019aluminate de calcium telles que le point de fusion \u00e9lev\u00e9, la duret\u00e9 \u00e9lev\u00e9e, la bonne stabilit\u00e9 chimique et la stabilit\u00e9 thermique, il peut \u00e9galement \u00eatre utilis\u00e9 comme mat\u00e9riau r\u00e9fractaire avanc\u00e9. <\/p>\n<h2><span style=\"font-size: 14pt;\">Contr\u00f4le qualit\u00e9<\/span><\/h2>\n<p>Nos produits mettent en \u0153uvre le syst\u00e8me de gestion de la qualit\u00e9 le plus strict. Il existe des normes d\u2019inspection strictes pour les mat\u00e9riaux entrants, les processus, les inspections finales et les inspections d\u2019usine. Des mesures d\u2019isolement strictes seront adopt\u00e9es pour le traitement non qualifi\u00e9 afin d\u2019\u00e9viter que les produits non qualifi\u00e9s ne passent au processus suivant. Des \u00e9chantillons seront fournis aux clients selon les exigences du client pour la r\u00e9inspection.   <\/p>\n<h2><span style=\"font-size: 14pt;\">Emballage et stockage<\/span><\/h2>\n<p>Emballage sous vide int\u00e9rieur, emballage ext\u00e9rieur en carton. 1. Il doit \u00eatre stock\u00e9 dans un entrep\u00f4t sec et ventil\u00e9 pour \u00e9viter tout contact avec l\u2019eau et l\u2019humidit\u00e9. 2. Pendant le stockage et le transport, les collisions et les chocs doivent \u00eatre \u00e9vit\u00e9s pour \u00e9viter la dispersion ou la contamination de la poudre. 3. Pendant la production et l\u2019utilisation, des \u00e9quipements de protection, y compris des masques, des v\u00eatements de protection, des gants, etc., doivent \u00eatre port\u00e9s. 4. Respectez les r\u00e9glementations de gestion pertinentes pour pr\u00e9venir les incendies et les explosions.<\/p>\n","protected":false},"excerpt":{"rendered":"<p>L\u2019aluminate de calcium (CaAl2O4) est un compos\u00e9 inorganique, et sa forme en poudre est appel\u00e9e poudre d\u2019aluminate de calcium. L\u2019aluminate de calcium a l\u2019apparence d\u2019un solide blanc ou blanc cass\u00e9, qui n\u2019est pas facilement soluble dans l\u2019eau, mais peut \u00eatre dissous dans des solutions acides. Ses propri\u00e9t\u00e9s chimiques sont similaires \u00e0 celles du silicate d\u2019aluminium [&hellip;]<\/p>\n","protected":false},"featured_media":1029942,"comment_status":"open","ping_status":"closed","template":"","meta":{"_acf_changed":false},"product_brand":[],"product_cat":[244],"product_tag":[],"class_list":{"0":"post-1010157","1":"product","2":"type-product","3":"status-publish","4":"has-post-thumbnail","6":"product_cat-autres-materiaux","8":"first","9":"instock","10":"shipping-taxable","11":"purchasable","12":"product-type-variable"},"acf":[],"_links":{"self":[{"href":"https:\/\/vimaterial.de\/fr\/wp-json\/wp\/v2\/product\/1010157","targetHints":{"allow":["GET"]}}],"collection":[{"href":"https:\/\/vimaterial.de\/fr\/wp-json\/wp\/v2\/product"}],"about":[{"href":"https:\/\/vimaterial.de\/fr\/wp-json\/wp\/v2\/types\/product"}],"replies":[{"embeddable":true,"href":"https:\/\/vimaterial.de\/fr\/wp-json\/wp\/v2\/comments?post=1010157"}],"wp:featuredmedia":[{"embeddable":true,"href":"https:\/\/vimaterial.de\/fr\/wp-json\/wp\/v2\/media\/1029942"}],"wp:attachment":[{"href":"https:\/\/vimaterial.de\/fr\/wp-json\/wp\/v2\/media?parent=1010157"}],"wp:term":[{"taxonomy":"product_brand","embeddable":true,"href":"https:\/\/vimaterial.de\/fr\/wp-json\/wp\/v2\/product_brand?post=1010157"},{"taxonomy":"product_cat","embeddable":true,"href":"https:\/\/vimaterial.de\/fr\/wp-json\/wp\/v2\/product_cat?post=1010157"},{"taxonomy":"product_tag","embeddable":true,"href":"https:\/\/vimaterial.de\/fr\/wp-json\/wp\/v2\/product_tag?post=1010157"}],"curies":[{"name":"wp","href":"https:\/\/api.w.org\/{rel}","templated":true}]}}