{"id":1010138,"date":"2024-06-17T14:17:12","date_gmt":"2024-06-17T06:17:12","guid":{"rendered":"https:\/\/vimaterial.de\/product\/aluminate-de-calcium\/"},"modified":"2024-12-27T10:52:43","modified_gmt":"2024-12-27T02:52:43","slug":"aluminate-de-calcium","status":"publish","type":"product","link":"https:\/\/vimaterial.de\/fr\/product\/aluminate-de-calcium\/","title":{"rendered":"Calcium Aluminate"},"content":{"rendered":"<p>La cible de pulv\u00e9risation cathodique d\u2019aluminate de calcium est une cible composite c\u00e9ramique courante, principalement utilis\u00e9e pour la pr\u00e9paration de couches minces, telles que le rev\u00eatement optique, la technologie des semi-conducteurs et la recherche et le d\u00e9veloppement et la production de rev\u00eatements c\u00e9ramiques fonctionnels. VIMATERIAL peut \u00e9galement fournir de la poudre d\u2019aluminate de calcium. Si vous en avez besoin, n\u2019h\u00e9sitez pas \u00e0 nous contacter.<\/p>\n<h2><span style=\"font-size: 14pt;\">Propri\u00e9t\u00e9s<\/span><\/h2>\n<p>Formule chimique&nbsp;:CaAl2O4 Masse molaire&nbsp;:158.038676 g\/mol Apparence&nbsp;: Cristaux blancs monocliniques, tricliniques ou orthorhombiques Densit\u00e9 2.981 Point de fusion 1600\u00b0C Stabilit\u00e9&nbsp;: Se d\u00e9compose dans l\u2019eau, soluble dans l\u2019acide chlorhydrique (d\u00e9composition), mais insoluble dans l\u2019acide nitrique et l\u2019acide sulfurique.<\/p>\n<h2><span style=\"font-size: 14pt;\">Production<\/span><\/h2>\n<p>Le frittage par pressage \u00e0 chaud : une m\u00e9thode de pr\u00e9paration courante qui permet d\u2019obtenir des cibles denses et de haute puret\u00e9. Frittage par pressage isostatique : adapt\u00e9 aux exigences d\u2019uniformit\u00e9 de cibles de plus grandes dimensions. M\u00e9thode sol-gel : utilis\u00e9e pour la pr\u00e9paration de cibles \u00e0 distribution uniforme \u00e0 l\u2019\u00e9chelle nanom\u00e9trique.<\/p>\n<h2><span style=\"font-size: 14pt;\">Application<\/span><\/h2>\n<p>Champ optique : Les cibles de pulv\u00e9risation d\u2019aluminate de calcium sont utilis\u00e9es pour fabriquer des rev\u00eatements antireflets et des films fonctionnels optiques. Dispositifs \u00e9lectroniques : Les cibles de pulv\u00e9risation d\u2019aluminate de calcium sont utilis\u00e9es comme mat\u00e9riaux de couche di\u00e9lectrique ou isolante dans les semi-conducteurs. C\u00e9ramiques fonctionnelles : Les cibles de pulv\u00e9risation d\u2019aluminate de calcium sont utilis\u00e9es comme mat\u00e9riaux de substrat pour am\u00e9liorer les propri\u00e9t\u00e9s de la c\u00e9ramique. Rev\u00eatement protecteur : Fournit une protection \u00e0 haute temp\u00e9rature ou dans des environnements corrosifs.<\/p>\n<h2><span style=\"font-size: 14pt;\">Contr\u00f4le qualit\u00e9<\/span><\/h2>\n<p>Nos produits mettent en \u0153uvre le syst\u00e8me de gestion de la qualit\u00e9 le plus strict. Il existe des normes d\u2019inspection strictes pour les mat\u00e9riaux entrants, les processus, les inspections finales et les inspections d\u2019usine. Des mesures d\u2019isolement strictes seront adopt\u00e9es pour le traitement non qualifi\u00e9 afin d\u2019\u00e9viter que les produits non qualifi\u00e9s ne passent au processus suivant. Des \u00e9chantillons seront fournis aux clients selon les exigences du client pour la r\u00e9inspection.   <\/p>\n<h2><span style=\"font-size: 14pt;\">Emballage et stockage<\/span><\/h2>\n<p>La cible est envelopp\u00e9e de mousse ou d\u2019un mat\u00e9riau de protection souple et emball\u00e9e deux fois sous vide \u00e0 l\u2019int\u00e9rieur, et emball\u00e9e dans des cartons\/bo\u00eetes en bois \u00e0 l\u2019ext\u00e9rieur. Les cibles de pulv\u00e9risation d\u2019aluminate de calcium doivent \u00eatre stock\u00e9es dans un environnement sec, \u00e0 temp\u00e9rature constante et scell\u00e9 pour \u00e9viter l\u2019humidit\u00e9, l\u2019oxydation et les dommages m\u00e9caniques.<\/p>\n","protected":false},"excerpt":{"rendered":"<p>La cible de pulv\u00e9risation cathodique d\u2019aluminate de calcium est une cible composite c\u00e9ramique courante, principalement utilis\u00e9e pour la pr\u00e9paration de couches minces, telles que le rev\u00eatement optique, la technologie des semi-conducteurs et la recherche et le d\u00e9veloppement et la production de rev\u00eatements c\u00e9ramiques fonctionnels. VIMATERIAL peut \u00e9galement fournir de la poudre d\u2019aluminate de calcium. Si [&hellip;]<\/p>\n","protected":false},"featured_media":1029947,"comment_status":"open","ping_status":"closed","template":"","meta":{"_acf_changed":false},"product_brand":[],"product_cat":[235],"product_tag":[],"class_list":{"0":"post-1010138","1":"product","2":"type-product","3":"status-publish","4":"has-post-thumbnail","6":"product_cat-cibles-de-pulverisation-planaire","8":"first","9":"instock","10":"shipping-taxable","11":"product-type-variable"},"acf":[],"_links":{"self":[{"href":"https:\/\/vimaterial.de\/fr\/wp-json\/wp\/v2\/product\/1010138","targetHints":{"allow":["GET"]}}],"collection":[{"href":"https:\/\/vimaterial.de\/fr\/wp-json\/wp\/v2\/product"}],"about":[{"href":"https:\/\/vimaterial.de\/fr\/wp-json\/wp\/v2\/types\/product"}],"replies":[{"embeddable":true,"href":"https:\/\/vimaterial.de\/fr\/wp-json\/wp\/v2\/comments?post=1010138"}],"wp:featuredmedia":[{"embeddable":true,"href":"https:\/\/vimaterial.de\/fr\/wp-json\/wp\/v2\/media\/1029947"}],"wp:attachment":[{"href":"https:\/\/vimaterial.de\/fr\/wp-json\/wp\/v2\/media?parent=1010138"}],"wp:term":[{"taxonomy":"product_brand","embeddable":true,"href":"https:\/\/vimaterial.de\/fr\/wp-json\/wp\/v2\/product_brand?post=1010138"},{"taxonomy":"product_cat","embeddable":true,"href":"https:\/\/vimaterial.de\/fr\/wp-json\/wp\/v2\/product_cat?post=1010138"},{"taxonomy":"product_tag","embeddable":true,"href":"https:\/\/vimaterial.de\/fr\/wp-json\/wp\/v2\/product_tag?post=1010138"}],"curies":[{"name":"wp","href":"https:\/\/api.w.org\/{rel}","templated":true}]}}