{"id":1010119,"date":"2024-06-17T14:17:12","date_gmt":"2024-06-17T06:17:12","guid":{"rendered":"https:\/\/vimaterial.de\/product\/bromure-de-calcium\/"},"modified":"2024-12-26T17:48:29","modified_gmt":"2024-12-26T09:48:29","slug":"bromure-de-calcium","status":"publish","type":"product","link":"https:\/\/vimaterial.de\/fr\/product\/bromure-de-calcium\/","title":{"rendered":"Bromure de calcium"},"content":{"rendered":"<p>Le bromure de calcium est le nom des compos\u00e9s de formule chimique CaBr2(H2O)x. Les compos\u00e9s individuels comprennent la mati\u00e8re anhydre (x = 0), l\u2019hexahydrate (x = 6) et le dihydrate rare (x = 2). Tous sont des poudres blanches qui se dissolvent dans l\u2019eau, et \u00e0 partir de ces solutions cristallise l\u2019hexahydrate. VIMATERIAL fournit diff\u00e9rents types de bromures, veuillez nous contacter si vous en avez besoin.<\/p>\n<h2><span style=\"font-size: 14pt;\">Propri\u00e9t\u00e9s<\/span><\/h2>\n<p>Formule chimique : CaBr2 Masse molaire : 199,89 g\/mol Aspect : anhydre est des cristaux incolores hygroscopiques ; go\u00fbt salin piquant Densit\u00e9 : 3,353 g\/cm3 Point de fusion : 730 \u00b0C (1 350 \u00b0F&nbsp;; 1 000 K) Point d\u2019\u00e9bullition : 1 815 \u00b0C (3 299 \u00b0F&nbsp;; 2 088 K) Solubilit\u00e9 dans l\u2019eau : 125 g\/100 mL (0 \u00b0C)&nbsp;; 143 g\/100 ml (20 \u00b0C) ; 312 g\/100 mL (100 \u00b0C) Solubilit\u00e9 dans l\u2019alcool, ac\u00e9tone : solubleAcidit\u00e9 (pKa) : 9Sensibilit\u00e9 magn\u00e9tique (\u03c7) : -73,8\u202210\u22126 cm3\/mol<\/p>\n<h2><span style=\"font-size: 14pt;\">M\u00e9thode de pr\u00e9paration du m\u00e9tavanadate de potassium<\/span><\/h2>\n<p>M\u00e9thode de r\u00e9action directe : faire r\u00e9agir le carbonate de calcium (CaCO\u2083) ou l\u2019hydroxyde de calcium (Ca(OH)\u2082) avec du bromure d\u2019hydrog\u00e8ne (HBr) pour g\u00e9n\u00e9rer du bromure de calcium. M\u00e9thode de r\u00e9action de bromation : pr\u00e9parer le bromure de calcium par r\u00e9action directe du calcium m\u00e9tallique (Ca) avec le brome (Br\u2082) M\u00e9thode de double d\u00e9composition : pr\u00e9parer par r\u00e9action du sel de calcium soluble (tel que le chlorure de calcium) avec le bromure de sodium<\/p>\n<h2><span style=\"font-size: 14pt;\">Application<\/span><\/h2>\n<p>Le bromure de calcium est un agent d\u00e9shydratant utilis\u00e9 dans la photographie, les conservateurs alimentaires, les produits de pr\u00e9servation du bois, les retardateurs de feu et les m\u00e9langes de cong\u00e9lation.<\/p>\n<p>Il est utilis\u00e9 comme oxydant pour le contr\u00f4le des \u00e9missions de mercure.<\/p>\n<p>Il est largement utilis\u00e9 pour la pr\u00e9paration de fluides de forage, de fluides de compl\u00e9tion et de formulations de boues de forage.<\/p>\n<p>Il trouve \u00e9galement une application dans la fabrication d\u2019eau min\u00e9rale.<\/p>\n<h2><span style=\"font-size: 14pt;\">Contr\u00f4le qualit\u00e9<\/span><\/h2>\n<p>Nos produits mettent en \u0153uvre le syst\u00e8me de gestion de la qualit\u00e9 le plus strict. Il existe des normes d\u2019inspection strictes pour les mat\u00e9riaux entrants, les processus, les inspections finales et les inspections d\u2019usine. Des mesures d\u2019isolement strictes seront adopt\u00e9es pour le traitement non qualifi\u00e9 afin d\u2019\u00e9viter que les produits non qualifi\u00e9s ne passent au processus suivant. Des \u00e9chantillons seront fournis aux clients selon les exigences du client pour la r\u00e9inspection.   <\/p>\n<h2><span style=\"font-size: 14pt;\">Emballage et stockage<\/span><\/h2>\n<p>Emballage sous vide int\u00e9rieur, emballage ext\u00e9rieur en carton. Stockage scell\u00e9 : Le bromure de calcium est hautement hygroscopique et doit \u00eatre stock\u00e9 dans un r\u00e9cipient \u00e9tanche \u00e0 l\u2019humidit\u00e9. Exigences environnementales : Stocker dans un environnement sec et ventil\u00e9, \u00e9viter les temp\u00e9ratures \u00e9lev\u00e9es et la lumi\u00e8re forte. Tenir \u00e0 l\u2019\u00e9cart des substances corrosives : \u00c9vitez tout contact avec des acides et des oxydants pour \u00e9viter les r\u00e9actions chimiques.<\/p>\n<p>&nbsp;<\/p>\n","protected":false},"excerpt":{"rendered":"<p>Le bromure de calcium est le nom des compos\u00e9s de formule chimique CaBr2(H2O)x. Les compos\u00e9s individuels comprennent la mati\u00e8re anhydre (x = 0), l\u2019hexahydrate (x = 6) et le dihydrate rare (x = 2). Tous sont des poudres blanches qui se dissolvent dans l\u2019eau, et \u00e0 partir de ces solutions cristallise l\u2019hexahydrate. VIMATERIAL fournit diff\u00e9rents [&hellip;]<\/p>\n","protected":false},"featured_media":1029957,"comment_status":"open","ping_status":"closed","template":"","meta":{"_acf_changed":false},"product_brand":[],"product_cat":[239],"product_tag":[],"class_list":{"0":"post-1010119","1":"product","2":"type-product","3":"status-publish","4":"has-post-thumbnail","6":"product_cat-materiaux-halogenes","8":"first","9":"instock","10":"shipping-taxable","11":"product-type-variable"},"acf":[],"_links":{"self":[{"href":"https:\/\/vimaterial.de\/fr\/wp-json\/wp\/v2\/product\/1010119","targetHints":{"allow":["GET"]}}],"collection":[{"href":"https:\/\/vimaterial.de\/fr\/wp-json\/wp\/v2\/product"}],"about":[{"href":"https:\/\/vimaterial.de\/fr\/wp-json\/wp\/v2\/types\/product"}],"replies":[{"embeddable":true,"href":"https:\/\/vimaterial.de\/fr\/wp-json\/wp\/v2\/comments?post=1010119"}],"wp:featuredmedia":[{"embeddable":true,"href":"https:\/\/vimaterial.de\/fr\/wp-json\/wp\/v2\/media\/1029957"}],"wp:attachment":[{"href":"https:\/\/vimaterial.de\/fr\/wp-json\/wp\/v2\/media?parent=1010119"}],"wp:term":[{"taxonomy":"product_brand","embeddable":true,"href":"https:\/\/vimaterial.de\/fr\/wp-json\/wp\/v2\/product_brand?post=1010119"},{"taxonomy":"product_cat","embeddable":true,"href":"https:\/\/vimaterial.de\/fr\/wp-json\/wp\/v2\/product_cat?post=1010119"},{"taxonomy":"product_tag","embeddable":true,"href":"https:\/\/vimaterial.de\/fr\/wp-json\/wp\/v2\/product_tag?post=1010119"}],"curies":[{"name":"wp","href":"https:\/\/api.w.org\/{rel}","templated":true}]}}