{"id":1010115,"date":"2024-06-17T14:17:12","date_gmt":"2024-06-17T06:17:12","guid":{"rendered":"https:\/\/vimaterial.de\/product\/borure-de-calcium\/"},"modified":"2024-12-27T10:23:24","modified_gmt":"2024-12-27T02:23:24","slug":"borure-de-calcium","status":"publish","type":"product","link":"https:\/\/vimaterial.de\/fr\/product\/borure-de-calcium\/","title":{"rendered":"Borure de calcium"},"content":{"rendered":"<p>Le borure de calcium (parfois hexaborure de calcium) est un compos\u00e9 de calcium et de bore de formule chimique CaB6. Il a la structure cubique typique des hexaborures m\u00e9talliques, avec des unit\u00e9s octa\u00e9driques de 6 atomes de bore combin\u00e9es \u00e0 des atomes de calcium. Le CaB6 et le CaB6 dop\u00e9 au lanthane pr\u00e9sentent tous deux de faibles propri\u00e9t\u00e9s ferromagn\u00e9tiques. VIMATERIAL fournit \u00e9galement d\u2019autres borures, tels que le borure d\u2019aluminium (AlB2, AlB12), le borure de titane (TiB2), le borure de zirconium (ZrB2)&#8230; Pour toute demande, veuillez nous contacter.<\/p>\n<h2><span style=\"font-size: 14pt;\">Propri\u00e9t\u00e9s<\/span><\/h2>\n<p>Formule chimique : CaB6 Masse molaire : 104,94 g\/mol Apparence : poudre noire Densit\u00e9 : 2,45 g\/cm3 Point de fusion : 2 235 \u00b0C (4 055 \u00b0F ; 2 508 K)<\/p>\n<p>Solubilit\u00e9 dans l\u2019eau : insoluble<\/p>\n<h2><span style=\"font-size: 14pt;\">Application<\/span><\/h2>\n<p>L\u2019hexaborure de calcium est utilis\u00e9 dans la fabrication de l\u2019acier alli\u00e9 au bore et comme agent de d\u00e9soxydation dans la production de cuivre sans oxyg\u00e8ne. Ce dernier entra\u00eene une conductivit\u00e9 plus \u00e9lev\u00e9e que le cuivre d\u00e9soxyd\u00e9 au phosphore conventionnel en raison de la faible solubilit\u00e9 du bore dans le cuivre. Le borure de calcium peut \u00e9galement servir de mat\u00e9riau \u00e0 haute temp\u00e9rature, de protection de surface, d\u2019abrasifs, d\u2019outils et de mat\u00e9riau r\u00e9sistant \u00e0 l\u2019usure. Le borure de calcium est hautement conducteur, a une faible fonction de travail et peut donc \u00eatre utilis\u00e9 comme mat\u00e9riau de cathode chaude. Lorsqu\u2019il est utilis\u00e9 \u00e0 haute temp\u00e9rature, l\u2019hexaborure de calcium s\u2019oxyde, d\u00e9gradant ses propri\u00e9t\u00e9s et raccourcissant sa dur\u00e9e de vie utile. Le borure de calcium est \u00e9galement un candidat prometteur pour les mat\u00e9riaux thermo\u00e9lectriques de type n, car son facteur de puissance est sup\u00e9rieur ou comparable \u00e0 celui des mat\u00e9riaux thermo\u00e9lectriques courants Bi2Te3 et PbTe. Le borure de calcium peut \u00e9galement \u00eatre utilis\u00e9 comme antioxydant dans les r\u00e9fractaires \u00e0 liaison carbone. <\/p>\n<h2><span style=\"font-size: 14pt;\">Contr\u00f4le qualit\u00e9<\/span><\/h2>\n<p>Nos produits mettent en \u0153uvre le syst\u00e8me de gestion de la qualit\u00e9 le plus strict. Il existe des normes d\u2019inspection strictes pour les mat\u00e9riaux entrants, les processus, les inspections finales et les inspections d\u2019usine. Des mesures d\u2019isolement strictes seront adopt\u00e9es pour le traitement non qualifi\u00e9 afin d\u2019\u00e9viter que les produits non qualifi\u00e9s ne passent au processus suivant. Des \u00e9chantillons seront fournis aux clients selon les exigences du client pour la r\u00e9inspection.   <\/p>\n<h2><span style=\"font-size: 14pt;\">Emballage et stockage<\/span><\/h2>\n<p>Emballage sous vide int\u00e9rieur, emballage ext\u00e9rieur en carton. Ce produit doit \u00eatre scell\u00e9 et stock\u00e9 dans un environnement sec et frais. Il ne doit pas \u00eatre expos\u00e9 \u00e0 l\u2019air pendant une longue p\u00e9riode pour \u00e9viter que l\u2019humidit\u00e9 ne provoque une agglom\u00e9ration, ce qui affectera les performances de dispersion et l\u2019effet d\u2019utilisation. De plus, il doit \u00eatre \u00e9vit\u00e9 de forte pression et de contact avec des oxydants. Il doit \u00eatre transport\u00e9 comme une cargaison ordinaire.<\/p>\n","protected":false},"excerpt":{"rendered":"<p>Le borure de calcium (parfois hexaborure de calcium) est un compos\u00e9 de calcium et de bore de formule chimique CaB6. Il a la structure cubique typique des hexaborures m\u00e9talliques, avec des unit\u00e9s octa\u00e9driques de 6 atomes de bore combin\u00e9es \u00e0 des atomes de calcium. Le CaB6 et le CaB6 dop\u00e9 au lanthane pr\u00e9sentent tous deux [&hellip;]<\/p>\n","protected":false},"featured_media":1029952,"comment_status":"open","ping_status":"closed","template":"","meta":{"_acf_changed":false},"product_brand":[],"product_cat":[240],"product_tag":[],"class_list":{"0":"post-1010115","1":"product","2":"type-product","3":"status-publish","4":"has-post-thumbnail","6":"product_cat-materiaux-c-n-b-si","8":"first","9":"instock","10":"shipping-taxable","11":"purchasable","12":"product-type-variable"},"acf":[],"_links":{"self":[{"href":"https:\/\/vimaterial.de\/fr\/wp-json\/wp\/v2\/product\/1010115","targetHints":{"allow":["GET"]}}],"collection":[{"href":"https:\/\/vimaterial.de\/fr\/wp-json\/wp\/v2\/product"}],"about":[{"href":"https:\/\/vimaterial.de\/fr\/wp-json\/wp\/v2\/types\/product"}],"replies":[{"embeddable":true,"href":"https:\/\/vimaterial.de\/fr\/wp-json\/wp\/v2\/comments?post=1010115"}],"wp:featuredmedia":[{"embeddable":true,"href":"https:\/\/vimaterial.de\/fr\/wp-json\/wp\/v2\/media\/1029952"}],"wp:attachment":[{"href":"https:\/\/vimaterial.de\/fr\/wp-json\/wp\/v2\/media?parent=1010115"}],"wp:term":[{"taxonomy":"product_brand","embeddable":true,"href":"https:\/\/vimaterial.de\/fr\/wp-json\/wp\/v2\/product_brand?post=1010115"},{"taxonomy":"product_cat","embeddable":true,"href":"https:\/\/vimaterial.de\/fr\/wp-json\/wp\/v2\/product_cat?post=1010115"},{"taxonomy":"product_tag","embeddable":true,"href":"https:\/\/vimaterial.de\/fr\/wp-json\/wp\/v2\/product_tag?post=1010115"}],"curies":[{"name":"wp","href":"https:\/\/api.w.org\/{rel}","templated":true}]}}