{"id":1010088,"date":"2024-06-17T14:02:30","date_gmt":"2024-06-17T06:02:30","guid":{"rendered":"https:\/\/vimaterial.de\/product\/nitrure-de-bore-3\/"},"modified":"2024-11-12T14:20:53","modified_gmt":"2024-11-12T06:20:53","slug":"nitrure-de-bore-3","status":"publish","type":"product","link":"https:\/\/vimaterial.de\/fr\/product\/nitrure-de-bore-3\/","title":{"rendered":"Nitrure de bore"},"content":{"rendered":"<p>La cible de pulv\u00e9risation au nitrure de bore est un mat\u00e9riau utilis\u00e9 dans le processus de pulv\u00e9risation pour d\u00e9poser des films de nitrure de bore (BN) sur un substrat. La pulv\u00e9risation est un type de d\u00e9p\u00f4t physique en phase vapeur (PVD) o\u00f9 des ions ou des particules de haute \u00e9nergie frappent une cible, provoquant l\u2019\u00e9jection d\u2019atomes ou de mol\u00e9cules du mat\u00e9riau cible et leur d\u00e9p\u00f4t sur un substrat pour former un film mince. <\/p>\n<h2><span style=\"font-size: 14pt;\">Propri\u00e9t\u00e9s physiques&nbsp;:<\/span><\/h2>\n<p>Formule chimique&nbsp;:BN<\/p>\n<p>Masse molaire : 24,82 g\/mol<\/p>\n<p>Apparence&nbsp;: Les cibles de pulv\u00e9risation de nitrure de bore sont g\u00e9n\u00e9ralement des disques ou des plaques solides et blancs.<\/p>\n<p>Densit\u00e9&nbsp;:2,1 (h-BN)&nbsp;; 3,45 (c-BN) g\/cm3<\/p>\n<p>Point de fusion : 2 973 \u00b0C (5 383 \u00b0F&nbsp;; 3 246 K) sublime (cBN)<\/p>\n<p>Solubilit\u00e9 dans l\u2019eau : insoluble<\/p>\n<p>Puret\u00e9 : Les cibles de pulv\u00e9risation sont disponibles dans diff\u00e9rents degr\u00e9s de puret\u00e9, allant g\u00e9n\u00e9ralement de 99 % \u00e0 99,99 % pour les applications hautes performances. Isolation \u00e9lectrique : Le nitrure de bore est un excellent isolant \u00e9lectrique, ce qui le rend id\u00e9al pour les applications qui n\u00e9cessitent une isolation \u00e9lectrique ainsi qu\u2019une conductivit\u00e9 thermique \u00e9lev\u00e9e.<\/p>\n<h2><span style=\"font-size: 14pt;\">Types de cibles de pulv\u00e9risation au nitrure de bore :<\/span><\/h2>\n<h3><span style=\"font-size: 12pt;\">Nitrure de bore hexagonal (h-BN) :<\/span><\/h3>\n<p>Cette forme est souvent utilis\u00e9e pour cr\u00e9er des films minces lubrifiants ou isolants. Il a une structure en couches similaire au graphite, permettant le d\u00e9p\u00f4t de films minces aux propri\u00e9t\u00e9s lubrifiantes. Utilis\u00e9 pour sa conductivit\u00e9 thermique \u00e9lev\u00e9e et ses propri\u00e9t\u00e9s d\u2019isolation \u00e9lectrique. Courant dans des applications telles que les rev\u00eatements pour les appareils \u00e9lectroniques, les films optiques et comme rev\u00eatement protecteur dans les environnements \u00e0 haute temp\u00e9rature. <\/p>\n<h3><span style=\"font-size: 12pt;\">Nitrure de bore cubique (c-BN) :<\/span><\/h3>\n<p>Les cibles de pulv\u00e9risation au nitrure de bore cubique sont utilis\u00e9es lorsque l\u2019application exige une duret\u00e9, par exemple dans les outils de coupe, les mat\u00e9riaux abrasifs et les rev\u00eatements r\u00e9sistants \u00e0 l\u2019usure. Cette forme de BN est le deuxi\u00e8me mat\u00e9riau le plus dur connu (apr\u00e8s le diamant), ce qui la rend id\u00e9ale pour les films r\u00e9sistants \u00e0 l\u2019usure dans des conditions difficiles.<\/p>\n<h2><span style=\"font-size: 14pt;\">Applications:<\/span><\/h2>\n<p>D\u00e9p\u00f4t de couche mince :<\/p>\n<ul>\n<li>Rev\u00eatements lubrifiants : Les films hexagonaux de nitrure de bore sont couramment utilis\u00e9s comme lubrifiants dans les environnements \u00e0 haute temp\u00e9rature, notamment dans les pi\u00e8ces m\u00e9caniques, les rev\u00eatements de moules et les composants a\u00e9rospatiaux.<\/li>\n<li>Rev\u00eatements di\u00e9lectriques : Les films de nitrure de bore sont utilis\u00e9s comme mat\u00e9riaux di\u00e9lectriques dans les dispositifs \u00e9lectroniques et semi-conducteurs en raison de leurs excellentes propri\u00e9t\u00e9s d\u2019isolation \u00e9lectrique.<\/li>\n<\/ul>\n<p>Rev\u00eatements optiques : Les cibles de pulv\u00e9risation en nitrure de bore peuvent \u00eatre utilis\u00e9es dans des applications optiques, telles que dans des miroirs ou des rev\u00eatements qui doivent r\u00e9sister \u00e0 des temp\u00e9ratures \u00e9lev\u00e9es tout en offrant une clart\u00e9 optique. Gestion thermique : La conductivit\u00e9 thermique \u00e9lev\u00e9e du nitrure de bore le rend adapt\u00e9 aux applications de dissipation thermique et \u00e0 d\u2019autres composants \u00e9lectroniques o\u00f9 la dissipation de chaleur est critique. Rev\u00eatements r\u00e9sistants \u00e0 l\u2019usure : Les cibles de pulv\u00e9risation en nitrure de bore cubique sont utilis\u00e9es dans le d\u00e9p\u00f4t de films durs pour les outils de coupe, les produits abrasifs et les rev\u00eatements protecteurs dans les industries automobile et manufacturi\u00e8re. R\u00e9flecteurs de neutrons : Les films BN sont utilis\u00e9s dans les applications nucl\u00e9aires comme r\u00e9flecteurs de neutrons en raison de leur faible absorption de neutrons et de leur grande stabilit\u00e9 thermique.<\/p>\n","protected":false},"excerpt":{"rendered":"<p>La cible de pulv\u00e9risation au nitrure de bore est un mat\u00e9riau utilis\u00e9 dans le processus de pulv\u00e9risation pour d\u00e9poser des films de nitrure de bore (BN) sur un substrat. La pulv\u00e9risation est un type de d\u00e9p\u00f4t physique en phase vapeur (PVD) o\u00f9 des ions ou des particules de haute \u00e9nergie frappent une cible, provoquant l\u2019\u00e9jection [&hellip;]<\/p>\n","protected":false},"featured_media":1031174,"comment_status":"open","ping_status":"closed","template":"","meta":{"_acf_changed":false},"product_brand":[],"product_cat":[235],"product_tag":[],"class_list":{"0":"post-1010088","1":"product","2":"type-product","3":"status-publish","4":"has-post-thumbnail","6":"product_cat-cibles-de-pulverisation-planaire","8":"first","9":"instock","10":"shipping-taxable","11":"product-type-variable"},"acf":[],"_links":{"self":[{"href":"https:\/\/vimaterial.de\/fr\/wp-json\/wp\/v2\/product\/1010088","targetHints":{"allow":["GET"]}}],"collection":[{"href":"https:\/\/vimaterial.de\/fr\/wp-json\/wp\/v2\/product"}],"about":[{"href":"https:\/\/vimaterial.de\/fr\/wp-json\/wp\/v2\/types\/product"}],"replies":[{"embeddable":true,"href":"https:\/\/vimaterial.de\/fr\/wp-json\/wp\/v2\/comments?post=1010088"}],"wp:featuredmedia":[{"embeddable":true,"href":"https:\/\/vimaterial.de\/fr\/wp-json\/wp\/v2\/media\/1031174"}],"wp:attachment":[{"href":"https:\/\/vimaterial.de\/fr\/wp-json\/wp\/v2\/media?parent=1010088"}],"wp:term":[{"taxonomy":"product_brand","embeddable":true,"href":"https:\/\/vimaterial.de\/fr\/wp-json\/wp\/v2\/product_brand?post=1010088"},{"taxonomy":"product_cat","embeddable":true,"href":"https:\/\/vimaterial.de\/fr\/wp-json\/wp\/v2\/product_cat?post=1010088"},{"taxonomy":"product_tag","embeddable":true,"href":"https:\/\/vimaterial.de\/fr\/wp-json\/wp\/v2\/product_tag?post=1010088"}],"curies":[{"name":"wp","href":"https:\/\/api.w.org\/{rel}","templated":true}]}}