{"id":1010061,"date":"2024-06-17T14:02:31","date_gmt":"2024-06-17T06:02:31","guid":{"rendered":"https:\/\/vimaterial.de\/product\/carbone-3\/"},"modified":"2024-11-12T15:05:21","modified_gmt":"2024-11-12T07:05:21","slug":"carbone-3","status":"publish","type":"product","link":"https:\/\/vimaterial.de\/fr\/product\/carbone-3\/","title":{"rendered":"Carbone"},"content":{"rendered":"<p>Les granules de carbone sont des formes granulaires de carbone \u00e9l\u00e9mentaire, souvent utilis\u00e9es dans les applications n\u00e9cessitant un mat\u00e9riau en carbone de haute puret\u00e9 sous une forme moins poudreuse et plus maniable. Ces granul\u00e9s sont g\u00e9n\u00e9ralement fabriqu\u00e9s \u00e0 partir de sources de carbone de haute qualit\u00e9 et purifi\u00e9s pour contenir un minimum d\u2019impuret\u00e9s, atteignant un niveau de puret\u00e9 de 99,99 % ou plus. <\/p>\n<h2><span style=\"font-size: 14pt;\">Propri\u00e9t\u00e9s physiques&nbsp;:<\/span><\/h2>\n<p>Formule : C (carbone \u00e9l\u00e9mentaire). Puret\u00e9 : G\u00e9n\u00e9ralement \u226599,99 %, avec des niveaux ultra-faibles d\u2019impuret\u00e9s m\u00e9talliques et non m\u00e9talliques. Aspect : Noir, forme granuleuse grossi\u00e8re. Taille des particules : Disponible en granul\u00e9s d\u2019une taille allant de 0,5 mm \u00e0 quelques millim\u00e8tres, ce qui r\u00e9duit la poussi\u00e8re et facilite la manipulation. Densit\u00e9 : G\u00e9n\u00e9ralement similaire au carbone en poudre, environ 2,1 g\/cm\u00b3, bien qu\u2019elle puisse varier l\u00e9g\u00e8rement avec la porosit\u00e9. Structure : Les granul\u00e9s de carbone sont disponibles sous des formes amorphes et cristallines, telles que les granules de graphite, qui peuvent \u00eatre choisies en fonction des besoins de l\u2019application.<\/p>\n<h2><span style=\"font-size: 14pt;\">Applications:<\/span><\/h2>\n<p>Filtration et purification : Utilis\u00e9 dans les syst\u00e8mes de filtration de l\u2019eau et de l\u2019air, o\u00f9 le carbone de haute puret\u00e9 adsorbe efficacement les contaminants et les impuret\u00e9s. M\u00e9tallurgie : Utilis\u00e9 comme agent de c\u00e9mentation ou agent r\u00e9ducteur de haute puret\u00e9 dans l\u2019affinage et le traitement des m\u00e9taux. Production de batteries et de piles \u00e0 combustible : Fournit conductivit\u00e9 et stabilit\u00e9 dans certains types de technologies de batteries et de piles \u00e0 combustible. Traitement chimique : Agit comme mat\u00e9riau de support dans les catalyseurs ou comme r\u00e9actif dans les synth\u00e8ses chimiques de haute puret\u00e9. Applications \u00e0 haute temp\u00e9rature : Convient aux environnements o\u00f9 le carbone doit r\u00e9sister \u00e0 des temp\u00e9ratures \u00e9lev\u00e9es, comme dans les boucliers thermiques ou les mat\u00e9riaux r\u00e9fractaires.<\/p>\n<h2><span style=\"font-size: 14pt;\">Manipulation et s\u00e9curit\u00e9 :<\/span><\/h2>\n<p>Manipulation : Par rapport \u00e0 la poudre, les granul\u00e9s sont plus faciles \u00e0 manipuler avec un risque r\u00e9duit d\u2019inhalation de poussi\u00e8re, bien que les pr\u00e9cautions standard soient toujours recommand\u00e9es. Stockage&nbsp;: Stocker dans un endroit frais et sec pour \u00e9viter l\u2019oxydation ou la contamination&nbsp;; Les contenants scell\u00e9s sont pr\u00e9f\u00e9rables. Pr\u00e9cautions de s\u00e9curit\u00e9 : Bien que moins poussi\u00e9reux que la poudre, les granul\u00e9s de carbone de haute puret\u00e9 doivent toujours \u00eatre manipul\u00e9s avec des gants de protection, des lunettes de protection et une ventilation ad\u00e9quate.<\/p>\n","protected":false},"excerpt":{"rendered":"<p>Les granules de carbone sont des formes granulaires de carbone \u00e9l\u00e9mentaire, souvent utilis\u00e9es dans les applications n\u00e9cessitant un mat\u00e9riau en carbone de haute puret\u00e9 sous une forme moins poudreuse et plus maniable. Ces granul\u00e9s sont g\u00e9n\u00e9ralement fabriqu\u00e9s \u00e0 partir de sources de carbone de haute qualit\u00e9 et purifi\u00e9s pour contenir un minimum d\u2019impuret\u00e9s, atteignant un [&hellip;]<\/p>\n","protected":false},"featured_media":999162,"comment_status":"open","ping_status":"closed","template":"","meta":{"_acf_changed":false},"product_brand":[],"product_cat":[236],"product_tag":[],"class_list":{"0":"post-1010061","1":"product","2":"type-product","3":"status-publish","4":"has-post-thumbnail","6":"product_cat-materiaux-devaporation","8":"first","9":"instock","10":"shipping-taxable","11":"product-type-variable"},"acf":[],"_links":{"self":[{"href":"https:\/\/vimaterial.de\/fr\/wp-json\/wp\/v2\/product\/1010061","targetHints":{"allow":["GET"]}}],"collection":[{"href":"https:\/\/vimaterial.de\/fr\/wp-json\/wp\/v2\/product"}],"about":[{"href":"https:\/\/vimaterial.de\/fr\/wp-json\/wp\/v2\/types\/product"}],"replies":[{"embeddable":true,"href":"https:\/\/vimaterial.de\/fr\/wp-json\/wp\/v2\/comments?post=1010061"}],"wp:featuredmedia":[{"embeddable":true,"href":"https:\/\/vimaterial.de\/fr\/wp-json\/wp\/v2\/media\/999162"}],"wp:attachment":[{"href":"https:\/\/vimaterial.de\/fr\/wp-json\/wp\/v2\/media?parent=1010061"}],"wp:term":[{"taxonomy":"product_brand","embeddable":true,"href":"https:\/\/vimaterial.de\/fr\/wp-json\/wp\/v2\/product_brand?post=1010061"},{"taxonomy":"product_cat","embeddable":true,"href":"https:\/\/vimaterial.de\/fr\/wp-json\/wp\/v2\/product_cat?post=1010061"},{"taxonomy":"product_tag","embeddable":true,"href":"https:\/\/vimaterial.de\/fr\/wp-json\/wp\/v2\/product_tag?post=1010061"}],"curies":[{"name":"wp","href":"https:\/\/api.w.org\/{rel}","templated":true}]}}