{"id":1010035,"date":"2024-06-17T14:02:32","date_gmt":"2024-06-17T06:02:32","guid":{"rendered":"https:\/\/vimaterial.de\/product\/graphite-argent\/"},"modified":"2024-11-12T15:20:26","modified_gmt":"2024-11-12T07:20:26","slug":"graphite-argent","status":"publish","type":"product","link":"https:\/\/vimaterial.de\/fr\/product\/graphite-argent\/","title":{"rendered":"Graphite-Argent"},"content":{"rendered":"<p>La cible de pulv\u00e9risation graphite-argent est un mat\u00e9riau cible composite utilis\u00e9 dans les processus de d\u00e9p\u00f4t physique en phase vapeur (PVD) pour d\u00e9poser des films minces qui combinent les propri\u00e9t\u00e9s uniques du graphite (carbone) et de l\u2019argent. Cette cible est cr\u00e9\u00e9e en m\u00e9langeant du graphite de haute puret\u00e9 avec des particules d\u2019argent, ce qui permet d\u2019obtenir un mat\u00e9riau qui offre \u00e0 la fois conductivit\u00e9 \u00e9lectrique et lubrification. Ces cibles sont particuli\u00e8rement utiles dans les applications qui n\u00e9cessitent un faible frottement, une bonne r\u00e9sistance \u00e0 l\u2019usure et une conductivit\u00e9 \u00e9lev\u00e9e.  <\/p>\n<h2><span style=\"font-size: 14pt;\">Propri\u00e9t\u00e9s physiques&nbsp;:<\/span><\/h2>\n<p>Formule chimique : C-AG. Apparence&nbsp;: Gris \u00e0 gris fonc\u00e9, avec un \u00e9clat l\u00e9g\u00e8rement m\u00e9tallique d\u00fb \u00e0 la pr\u00e9sence d\u2019argent. Densit\u00e9 : Varie en fonction de la teneur en argent, mais g\u00e9n\u00e9ralement sup\u00e9rieure aux cibles en graphite pur. Structure : G\u00e9n\u00e9ralement une structure composite ou alli\u00e9e, o\u00f9 l\u2019argent est uniform\u00e9ment r\u00e9parti dans la matrice de graphite pour une pulv\u00e9risation uniforme.<\/p>\n<h2><span style=\"font-size: 14pt;\">Applications des cibles de pulv\u00e9risation en graphite-argent :<\/span><\/h2>\n<p>Industrie de l\u2019\u00e9lectronique et des semi-conducteurs : Utilis\u00e9 pour cr\u00e9er des rev\u00eatements conducteurs qui doivent \u00e9galement \u00eatre r\u00e9sistants \u00e0 l\u2019usure, en particulier dans les environnements \u00e0 haute temp\u00e9rature ou sujets aux frottements. Rev\u00eatements tribologiques : Utiles pour cr\u00e9er des rev\u00eatements sur des pi\u00e8ces mobiles, telles que des roulements et des contacts coulissants, en raison du pouvoir lubrifiant fourni par le graphite. Rev\u00eatements optiques : Dans certains dispositifs optiques, les films graphite-argent peuvent r\u00e9duire l\u2019\u00e9blouissement tout en offrant des propri\u00e9t\u00e9s conductrices. Composants a\u00e9rospatiaux et automobiles : Rev\u00eatements pour les composants qui doivent r\u00e9sister au frottement et \u00e0 l\u2019usure, ainsi qu\u2019aux temp\u00e9ratures extr\u00eames.<\/p>\n<h2><span style=\"font-size: 14pt;\">Manutention et stockage :<\/span><\/h2>\n<p>Manipulation : Manipulez avec pr\u00e9caution pour \u00e9viter l\u2019\u00e9caillage, en particulier avec des cibles plus grandes, car les mat\u00e9riaux composites peuvent \u00eatre cassants. Stockage&nbsp;: Stocker dans un environnement propre et sec, en \u00e9vitant la contamination qui pourrait affecter la puret\u00e9 des couches minces. Pr\u00e9cautions : \u00c9vitez l\u2019exposition \u00e0 une humidit\u00e9 \u00e9lev\u00e9e, car le graphite est l\u00e9g\u00e8rement poreux et peut absorber l\u2019humidit\u00e9, ce qui affecte les performances.<\/p>\n","protected":false},"excerpt":{"rendered":"<p>La cible de pulv\u00e9risation graphite-argent est un mat\u00e9riau cible composite utilis\u00e9 dans les processus de d\u00e9p\u00f4t physique en phase vapeur (PVD) pour d\u00e9poser des films minces qui combinent les propri\u00e9t\u00e9s uniques du graphite (carbone) et de l\u2019argent. Cette cible est cr\u00e9\u00e9e en m\u00e9langeant du graphite de haute puret\u00e9 avec des particules d\u2019argent, ce qui permet [&hellip;]<\/p>\n","protected":false},"featured_media":999192,"comment_status":"open","ping_status":"closed","template":"","meta":{"_acf_changed":false},"product_brand":[],"product_cat":[235],"product_tag":[],"class_list":{"0":"post-1010035","1":"product","2":"type-product","3":"status-publish","4":"has-post-thumbnail","6":"product_cat-cibles-de-pulverisation-planaire","8":"first","9":"instock","10":"shipping-taxable","11":"product-type-variable"},"acf":[],"_links":{"self":[{"href":"https:\/\/vimaterial.de\/fr\/wp-json\/wp\/v2\/product\/1010035","targetHints":{"allow":["GET"]}}],"collection":[{"href":"https:\/\/vimaterial.de\/fr\/wp-json\/wp\/v2\/product"}],"about":[{"href":"https:\/\/vimaterial.de\/fr\/wp-json\/wp\/v2\/types\/product"}],"replies":[{"embeddable":true,"href":"https:\/\/vimaterial.de\/fr\/wp-json\/wp\/v2\/comments?post=1010035"}],"wp:featuredmedia":[{"embeddable":true,"href":"https:\/\/vimaterial.de\/fr\/wp-json\/wp\/v2\/media\/999192"}],"wp:attachment":[{"href":"https:\/\/vimaterial.de\/fr\/wp-json\/wp\/v2\/media?parent=1010035"}],"wp:term":[{"taxonomy":"product_brand","embeddable":true,"href":"https:\/\/vimaterial.de\/fr\/wp-json\/wp\/v2\/product_brand?post=1010035"},{"taxonomy":"product_cat","embeddable":true,"href":"https:\/\/vimaterial.de\/fr\/wp-json\/wp\/v2\/product_cat?post=1010035"},{"taxonomy":"product_tag","embeddable":true,"href":"https:\/\/vimaterial.de\/fr\/wp-json\/wp\/v2\/product_tag?post=1010035"}],"curies":[{"name":"wp","href":"https:\/\/api.w.org\/{rel}","templated":true}]}}