{"id":1010028,"date":"2024-06-17T14:02:32","date_gmt":"2024-06-17T06:02:32","guid":{"rendered":"https:\/\/vimaterial.de\/product\/carbone\/"},"modified":"2024-11-12T15:11:01","modified_gmt":"2024-11-12T07:11:01","slug":"carbone","status":"publish","type":"product","link":"https:\/\/vimaterial.de\/fr\/product\/carbone\/","title":{"rendered":"Carbone"},"content":{"rendered":"<p>La cible de pulv\u00e9risation cathodique au carbone est un mat\u00e9riau \u00e0 base de carbone de haute puret\u00e9 con\u00e7u pour \u00eatre utilis\u00e9 dans les processus de pulv\u00e9risation. La pulv\u00e9risation est une technique de d\u00e9p\u00f4t physique en phase vapeur (PVD) o\u00f9 des atomes sont \u00e9ject\u00e9s d\u2019un mat\u00e9riau cible (dans ce cas, le carbone) en raison du bombardement par des particules de haute \u00e9nergie, g\u00e9n\u00e9ralement pour les applications en couches minces. Les cibles de pulv\u00e9risation cathodique au carbone sont con\u00e7ues pour produire des rev\u00eatements de carbone uniformes et de haute puret\u00e9 sur divers substrats et sont couramment utilis\u00e9es dans les applications \u00e9lectroniques, optiques et de rev\u00eatement dur.  <\/p>\n<h2><span style=\"font-size: 14pt;\">Propri\u00e9t\u00e9s physiques&nbsp;:<\/span><\/h2>\n<p>Formule : C. Apparence : Solide, en forme de disque ou de plaque, g\u00e9n\u00e9ralement noir avec une surface lisse. Densit\u00e9 : G\u00e9n\u00e9ralement autour de 2,1 g\/cm\u00b3 pour les cibles amorphes ou en graphite, bien que la densit\u00e9 puisse varier l\u00e9g\u00e8rement en fonction du processus de fabrication. Puret\u00e9 : G\u00e9n\u00e9ralement 99,99 % ou plus pour la plupart des applications de haute technologie, minimisant les impuret\u00e9s qui pourraient affecter la qualit\u00e9 des couches minces. Dimensions : Disponible en diff\u00e9rentes tailles (diam\u00e8tres et \u00e9paisseurs) en fonction de l\u2019\u00e9quipement et des exigences de rev\u00eatement. Structure : Souvent en carbone amorphe ou en graphite tr\u00e8s ordonn\u00e9, selon l\u2019application sp\u00e9cifique.<\/p>\n<h2><span style=\"font-size: 14pt;\">Applications:<\/span><\/h2>\n<p>Semi-conducteurs et micro\u00e9lectronique : Utilis\u00e9 dans la production de films de carbone pour les transistors, les diodes et d\u2019autres composants \u00e9lectroniques. Rev\u00eatements optiques : Les films de carbone fournissent des rev\u00eatements optiques pour les lentilles, les miroirs et d\u2019autres composants optiques, am\u00e9liorant la durabilit\u00e9 et les propri\u00e9t\u00e9s antireflets. Stockage de donn\u00e9es : Dans les disques durs et autres dispositifs de stockage, les cibles de pulv\u00e9risation de carbone sont utilis\u00e9es pour d\u00e9poser des couches protectrices et fonctionnelles. Rev\u00eatements biom\u00e9dicaux : Les films de carbone minces sont biocompatibles et sont parfois utilis\u00e9s dans les rev\u00eatements de dispositifs m\u00e9dicaux. Rev\u00eatements tribologiques : Les rev\u00eatements en carbone peuvent cr\u00e9er des surfaces \u00e0 faible frottement et r\u00e9sistantes \u00e0 l\u2019usure dans les pi\u00e8ces m\u00e9caniques.<\/p>\n<h2><span style=\"font-size: 14pt;\">Manutention et stockage :<\/span><\/h2>\n<p>Manipulation : Les cibles de pulv\u00e9risation de carbone sont fragiles, en particulier pour les grandes tailles, et doivent \u00eatre manipul\u00e9es avec pr\u00e9caution pour \u00e9viter l\u2019\u00e9caillage ou la fissuration. Entreposage : Entreposer dans un environnement sec et contr\u00f4l\u00e9, g\u00e9n\u00e9ralement dans l\u2019emballage fourni par le fabricant pour \u00e9viter la contamination ou l\u2019exposition \u00e0 l\u2019humidit\u00e9. Nettoyage : Utilisez des m\u00e9thodes de nettoyage non abrasives si n\u00e9cessaire, car les imperfections de surface peuvent affecter la qualit\u00e9 de la pulv\u00e9risation.<\/p>\n","protected":false},"excerpt":{"rendered":"<p>La cible de pulv\u00e9risation cathodique au carbone est un mat\u00e9riau \u00e0 base de carbone de haute puret\u00e9 con\u00e7u pour \u00eatre utilis\u00e9 dans les processus de pulv\u00e9risation. La pulv\u00e9risation est une technique de d\u00e9p\u00f4t physique en phase vapeur (PVD) o\u00f9 des atomes sont \u00e9ject\u00e9s d\u2019un mat\u00e9riau cible (dans ce cas, le carbone) en raison du bombardement [&hellip;]<\/p>\n","protected":false},"featured_media":1036396,"comment_status":"open","ping_status":"closed","template":"","meta":{"_acf_changed":false},"product_brand":[],"product_cat":[235],"product_tag":[],"class_list":{"0":"post-1010028","1":"product","2":"type-product","3":"status-publish","4":"has-post-thumbnail","6":"product_cat-cibles-de-pulverisation-planaire","8":"first","9":"instock","10":"shipping-taxable","11":"product-type-variable"},"acf":[],"_links":{"self":[{"href":"https:\/\/vimaterial.de\/fr\/wp-json\/wp\/v2\/product\/1010028","targetHints":{"allow":["GET"]}}],"collection":[{"href":"https:\/\/vimaterial.de\/fr\/wp-json\/wp\/v2\/product"}],"about":[{"href":"https:\/\/vimaterial.de\/fr\/wp-json\/wp\/v2\/types\/product"}],"replies":[{"embeddable":true,"href":"https:\/\/vimaterial.de\/fr\/wp-json\/wp\/v2\/comments?post=1010028"}],"wp:featuredmedia":[{"embeddable":true,"href":"https:\/\/vimaterial.de\/fr\/wp-json\/wp\/v2\/media\/1036396"}],"wp:attachment":[{"href":"https:\/\/vimaterial.de\/fr\/wp-json\/wp\/v2\/media?parent=1010028"}],"wp:term":[{"taxonomy":"product_brand","embeddable":true,"href":"https:\/\/vimaterial.de\/fr\/wp-json\/wp\/v2\/product_brand?post=1010028"},{"taxonomy":"product_cat","embeddable":true,"href":"https:\/\/vimaterial.de\/fr\/wp-json\/wp\/v2\/product_cat?post=1010028"},{"taxonomy":"product_tag","embeddable":true,"href":"https:\/\/vimaterial.de\/fr\/wp-json\/wp\/v2\/product_tag?post=1010028"}],"curies":[{"name":"wp","href":"https:\/\/api.w.org\/{rel}","templated":true}]}}