{"id":1010020,"date":"2024-06-17T14:04:00","date_gmt":"2024-06-17T06:04:00","guid":{"rendered":"https:\/\/vimaterial.de\/product\/carbonate-de-sodium\/"},"modified":"2024-11-12T16:23:04","modified_gmt":"2024-11-12T08:23:04","slug":"carbonate-de-sodium","status":"publish","type":"product","link":"https:\/\/vimaterial.de\/fr\/product\/carbonate-de-sodium\/","title":{"rendered":"Carbonate de soude"},"content":{"rendered":"<p>Le carbonate de sodium, Na2CO3, (\u00e9galement connu sous le nom de soude de lavage, de carbonate de soude et de cristaux de soude) est le compos\u00e9 inorganique de formule Na2CO3 et ses diff\u00e9rents hydrates. Toutes les formes sont des sels blancs solubles dans l\u2019eau.<\/p>\n<h2><span style=\"font-size: 14pt;\">Propri\u00e9t\u00e9s physiques&nbsp;:<\/span><\/h2>\n<p>Formule chimique&nbsp;:Na2CO3<\/p>\n<p>Masse molaire&nbsp;:105.9888 g\/mol<\/p>\n<p>Apparence&nbsp;:Blanc solide, hygroscopique<\/p>\n<p>Odeur&nbsp;:Inodore<\/p>\n<p>Densit\u00e9 :2,54 g\/cm3 (25 \u00b0C, anhydre)<\/p>\n<p>Point de fusion : Se d\u00e9compose au-dessus de 851 \u00b0C, lib\u00e9rant du dioxyde de carbone. Solubilit\u00e9 : Tr\u00e8s soluble dans l\u2019eau, cr\u00e9ant une solution alcaline.<\/p>\n<h2><span style=\"font-size: 14pt;\">Applications:<\/span><\/h2>\n<p>Fabrication du verre : L\u2019un des principaux ingr\u00e9dients de la production de verre, o\u00f9 il r\u00e9duit le point de fusion de la silice, ce qui rend le processus plus efficace. Production de d\u00e9tergents : Le carbonate de sodium est utilis\u00e9 dans les d\u00e9tergents et les savons en raison de sa capacit\u00e9 \u00e0 adoucir l\u2019eau, \u00e0 am\u00e9liorer le pouvoir nettoyant et \u00e0 agir comme un constructeur. Traitement de l\u2019eau : Agit comme un r\u00e9gulateur de pH dans les installations de traitement de l\u2019eau, ajustant l\u2019acidit\u00e9 de l\u2019eau \u00e0 des niveaux plus neutres. Additif alimentaire : Carbonate de sodium utilis\u00e9 en petites quantit\u00e9s dans l\u2019industrie alimentaire (E500) comme agent levant et r\u00e9gulateur d\u2019acidit\u00e9. Applications en laboratoire : Couramment utilis\u00e9 dans les laboratoires pour le titrage, les ajustements de pH et comme agent de s\u00e9chage.<\/p>\n<h2><span style=\"font-size: 14pt;\">Manutention et stockage :<\/span><\/h2>\n<p>Manipulation : Utilisez des gants et des lunettes de protection lors de la manipulation, car le carbonate de sodium est l\u00e9g\u00e8rement caustique et peut irriter la peau et les yeux. Stockage&nbsp;: Conserver dans un endroit frais et sec dans un r\u00e9cipient herm\u00e9tiquement ferm\u00e9 pour \u00e9viter l\u2019absorption d\u2019humidit\u00e9 et l\u2019agglutination. D\u00e9versement : En cas de d\u00e9versement, il peut \u00eatre balay\u00e9 avec pr\u00e9caution et rinc\u00e9 abondamment \u00e0 l\u2019eau.<\/p>\n","protected":false},"excerpt":{"rendered":"<p>Le carbonate de sodium, Na2CO3, (\u00e9galement connu sous le nom de soude de lavage, de carbonate de soude et de cristaux de soude) est le compos\u00e9 inorganique de formule Na2CO3 et ses diff\u00e9rents hydrates. Toutes les formes sont des sels blancs solubles dans l\u2019eau. Propri\u00e9t\u00e9s physiques&nbsp;: Formule chimique&nbsp;:Na2CO3 Masse molaire&nbsp;:105.9888 g\/mol Apparence&nbsp;:Blanc solide, hygroscopique Odeur&nbsp;:Inodore [&hellip;]<\/p>\n","protected":false},"featured_media":999206,"comment_status":"open","ping_status":"closed","template":"","meta":{"_acf_changed":false},"product_brand":[],"product_cat":[244],"product_tag":[],"class_list":{"0":"post-1010020","1":"product","2":"type-product","3":"status-publish","4":"has-post-thumbnail","6":"product_cat-autres-materiaux","8":"first","9":"instock","10":"shipping-taxable","11":"purchasable","12":"product-type-variable"},"acf":[],"_links":{"self":[{"href":"https:\/\/vimaterial.de\/fr\/wp-json\/wp\/v2\/product\/1010020","targetHints":{"allow":["GET"]}}],"collection":[{"href":"https:\/\/vimaterial.de\/fr\/wp-json\/wp\/v2\/product"}],"about":[{"href":"https:\/\/vimaterial.de\/fr\/wp-json\/wp\/v2\/types\/product"}],"replies":[{"embeddable":true,"href":"https:\/\/vimaterial.de\/fr\/wp-json\/wp\/v2\/comments?post=1010020"}],"wp:featuredmedia":[{"embeddable":true,"href":"https:\/\/vimaterial.de\/fr\/wp-json\/wp\/v2\/media\/999206"}],"wp:attachment":[{"href":"https:\/\/vimaterial.de\/fr\/wp-json\/wp\/v2\/media?parent=1010020"}],"wp:term":[{"taxonomy":"product_brand","embeddable":true,"href":"https:\/\/vimaterial.de\/fr\/wp-json\/wp\/v2\/product_brand?post=1010020"},{"taxonomy":"product_cat","embeddable":true,"href":"https:\/\/vimaterial.de\/fr\/wp-json\/wp\/v2\/product_cat?post=1010020"},{"taxonomy":"product_tag","embeddable":true,"href":"https:\/\/vimaterial.de\/fr\/wp-json\/wp\/v2\/product_tag?post=1010020"}],"curies":[{"name":"wp","href":"https:\/\/api.w.org\/{rel}","templated":true}]}}