{"id":1010016,"date":"2024-06-17T14:03:57","date_gmt":"2024-06-17T06:03:57","guid":{"rendered":"https:\/\/vimaterial.de\/product\/alliage-de-carbone-et-de-nickel\/"},"modified":"2024-11-12T15:24:55","modified_gmt":"2024-11-12T07:24:55","slug":"alliage-de-carbone-et-de-nickel","status":"publish","type":"product","link":"https:\/\/vimaterial.de\/fr\/product\/alliage-de-carbone-et-de-nickel\/","title":{"rendered":"Alliage carbone-nickel"},"content":{"rendered":"<p>La cible de pulv\u00e9risation en alliage carbone-nickel est un mat\u00e9riau cible composite qui combine le carbone et le nickel, utilis\u00e9 pour le d\u00e9p\u00f4t de couches minces via des proc\u00e9d\u00e9s de pulv\u00e9risation. L\u2019alliage offre un m\u00e9lange unique de propri\u00e9t\u00e9s des deux \u00e9l\u00e9ments : la r\u00e9sistance \u00e0 l\u2019usure et la duret\u00e9 du carbone et la ductilit\u00e9 et la r\u00e9sistance \u00e0 la corrosion du nickel. Cette combinaison le rend adapt\u00e9 \u00e0 la cr\u00e9ation de rev\u00eatements aux propri\u00e9t\u00e9s m\u00e9caniques et conductrices am\u00e9lior\u00e9es, souvent utilis\u00e9s dans des applications n\u00e9cessitant durabilit\u00e9 et conductivit\u00e9.  <\/p>\n<h2><span style=\"font-size: 14pt;\">Propri\u00e9t\u00e9s physiques&nbsp;:<\/span><\/h2>\n<p>Formule chimique&nbsp;: C-Ni (alliage carbone-nickel). Apparence&nbsp;: Gris m\u00e9tallique \u00e0 gris fonc\u00e9, selon la teneur en carbone. Densit\u00e9 : Varie en fonction de la composition, g\u00e9n\u00e9ralement sup\u00e9rieure aux cibles de carbone pur, mais inf\u00e9rieure aux cibles de nickel pur. Structure : Un m\u00e9lange homog\u00e8ne de particules de carbone et de nickel, avec certaines cibles contenant du nickel dans une matrice de carbone ou vice versa.<\/p>\n<h2><span style=\"font-size: 14pt;\">Applications des cibles de pulv\u00e9risation en alliage carbone-nickel :<\/span><\/h2>\n<p>Composants \u00e9lectroniques : Utilis\u00e9s pour cr\u00e9er des films minces dans les appareils \u00e9lectroniques qui n\u00e9cessitent des surfaces conductrices et r\u00e9sistantes \u00e0 l\u2019usure. Pi\u00e8ces m\u00e9caniques et outils : Couramment appliqu\u00e9s comme rev\u00eatements protecteurs sur les outils, les roulements et les composants m\u00e9caniques o\u00f9 la duret\u00e9 et la durabilit\u00e9 sont essentielles. Stockage de donn\u00e9es : Dans les dispositifs de stockage de donn\u00e9es magn\u00e9tiques, les couches de carbone-nickel peuvent offrir une surface conductrice et protectrice. Rev\u00eatements d\u00e9coratifs : Fournit une finition m\u00e9tallique durable et esth\u00e9tiquement attrayante dans le design automobile et industriel.<\/p>\n<h2><span style=\"font-size: 14pt;\">Manutention et stockage :<\/span><\/h2>\n<p>Manipulation : Doit \u00eatre manipul\u00e9 avec pr\u00e9caution pour \u00e9viter tout dommage ou contamination, en particulier \u00e0 la surface de la cible. Stockage : Stocker dans un environnement contr\u00f4l\u00e9 pour \u00e9viter l\u2019oxydation du nickel, en particulier dans les zones tr\u00e8s humides. Nettoyage : Utilisez des m\u00e9thodes non abrasives pour nettoyer la surface cible si n\u00e9cessaire, car les imperfections de surface peuvent affecter la qualit\u00e9 de la pulv\u00e9risation.<\/p>\n","protected":false},"excerpt":{"rendered":"<p>La cible de pulv\u00e9risation en alliage carbone-nickel est un mat\u00e9riau cible composite qui combine le carbone et le nickel, utilis\u00e9 pour le d\u00e9p\u00f4t de couches minces via des proc\u00e9d\u00e9s de pulv\u00e9risation. L\u2019alliage offre un m\u00e9lange unique de propri\u00e9t\u00e9s des deux \u00e9l\u00e9ments : la r\u00e9sistance \u00e0 l\u2019usure et la duret\u00e9 du carbone et la ductilit\u00e9 et [&hellip;]<\/p>\n","protected":false},"featured_media":999199,"comment_status":"open","ping_status":"closed","template":"","meta":{"_acf_changed":false},"product_brand":[],"product_cat":[235],"product_tag":[],"class_list":{"0":"post-1010016","1":"product","2":"type-product","3":"status-publish","4":"has-post-thumbnail","6":"product_cat-cibles-de-pulverisation-planaire","8":"first","9":"instock","10":"shipping-taxable","11":"product-type-variable"},"acf":[],"_links":{"self":[{"href":"https:\/\/vimaterial.de\/fr\/wp-json\/wp\/v2\/product\/1010016","targetHints":{"allow":["GET"]}}],"collection":[{"href":"https:\/\/vimaterial.de\/fr\/wp-json\/wp\/v2\/product"}],"about":[{"href":"https:\/\/vimaterial.de\/fr\/wp-json\/wp\/v2\/types\/product"}],"replies":[{"embeddable":true,"href":"https:\/\/vimaterial.de\/fr\/wp-json\/wp\/v2\/comments?post=1010016"}],"wp:featuredmedia":[{"embeddable":true,"href":"https:\/\/vimaterial.de\/fr\/wp-json\/wp\/v2\/media\/999199"}],"wp:attachment":[{"href":"https:\/\/vimaterial.de\/fr\/wp-json\/wp\/v2\/media?parent=1010016"}],"wp:term":[{"taxonomy":"product_brand","embeddable":true,"href":"https:\/\/vimaterial.de\/fr\/wp-json\/wp\/v2\/product_brand?post=1010016"},{"taxonomy":"product_cat","embeddable":true,"href":"https:\/\/vimaterial.de\/fr\/wp-json\/wp\/v2\/product_cat?post=1010016"},{"taxonomy":"product_tag","embeddable":true,"href":"https:\/\/vimaterial.de\/fr\/wp-json\/wp\/v2\/product_tag?post=1010016"}],"curies":[{"name":"wp","href":"https:\/\/api.w.org\/{rel}","templated":true}]}}