{"id":1010003,"date":"2024-06-17T14:04:01","date_gmt":"2024-06-17T06:04:01","guid":{"rendered":"https:\/\/vimaterial.de\/product\/chromate-de-sodium\/"},"modified":"2024-11-12T16:27:03","modified_gmt":"2024-11-12T08:27:03","slug":"chromate-de-sodium","status":"publish","type":"product","link":"https:\/\/vimaterial.de\/fr\/product\/chromate-de-sodium\/","title":{"rendered":"Sodium Chromate"},"content":{"rendered":"<p>Le chromate de sodium est le compos\u00e9 inorganique de formule Na2CrO4. Il existe sous la forme d\u2019un solide hygroscopique jaune, qui peut former des t\u00e9tra-, hexa- et d\u00e9cahydrates. C\u2019est un interm\u00e9diaire dans l\u2019extraction du chrome de ses minerais.<\/p>\n<h2><span style=\"font-size: 14pt;\">Propri\u00e9t\u00e9s physiques&nbsp;:<\/span><\/h2>\n<p>Formule chimique&nbsp;: Na2CrO4<\/p>\n<p>Masse molaire : 161,97 g\/mol<\/p>\n<p>Apparence&nbsp;: cristaux jaunes<\/p>\n<p>Odeur : inodore<\/p>\n<p>Densit\u00e9 : 2,698 g\/cm3<\/p>\n<p>Point de fusion : 792 \u00b0C (1 458 \u00b0F ; 1 065 K) (anhydre) 20 \u00b0C (d\u00e9cahydrat\u00e9)<\/p>\n<p>Solubilit\u00e9 dans l\u2019eau :31,8 g\/100 mL (0 \u00b0C) 84,5 g\/100 mL (25 \u00b0C) 126,7 g\/100 mL (100 \u00b0C)<\/p>\n<p>Solubilit\u00e9 : l\u00e9g\u00e8rement soluble dans l\u2019\u00e9thanol<\/p>\n<p>Solubilit\u00e9 dans le m\u00e9thanol : 0,344 g\/100 mL (25 \u00b0C)<\/p>\n<p>Susceptibilit\u00e9 magn\u00e9tique (\u03c7) : +55,0\u00b710\u22126 cm3\/mol<\/p>\n<p>Structure cristalline : orthorhombique<\/p>\n<h2><span style=\"font-size: 14pt;\">Applications:<\/span><\/h2>\n<p>Outre son r\u00f4le central dans la production de chrome \u00e0 partir de ses minerais, le chromate de sodium est utilis\u00e9 comme inhibiteur de corrosion dans l\u2019industrie p\u00e9troli\u00e8re. C\u2019est \u00e9galement un auxiliaire de teinture dans l\u2019industrie textile. Il s\u2019agit d\u2019un produit pharmaceutique diagnostique dans la d\u00e9termination du volume des globules rouges.<\/p>\n<p>En chimie organique, le chromate de sodium est utilis\u00e9 comme oxydant, convertissant les alcools primaires en acides carboxyliques et les alcools secondaires en c\u00e9tones.<\/p>\n<h2><span style=\"font-size: 14pt;\">Manutention et stockage :<\/span><\/h2>\n<p>Manipulation : N\u00e9cessite un \u00e9quipement de protection, y compris des gants, des lunettes de protection et des masques, car il est hautement toxique et corrosif. Entreposage : Conserver dans un contenant herm\u00e9tiquement ferm\u00e9 dans un endroit sec et bien ventil\u00e9, \u00e0 l\u2019abri des acides et des mati\u00e8res combustibles. D\u00e9versement : Nettoyez imm\u00e9diatement les d\u00e9versements \u00e0 l\u2019aide d\u2019un \u00e9quipement de protection appropri\u00e9, en \u00e9vitant le contact direct et l\u2019inhalation de poussi\u00e8re.<\/p>\n","protected":false},"excerpt":{"rendered":"<p>Le chromate de sodium est le compos\u00e9 inorganique de formule Na2CrO4. Il existe sous la forme d\u2019un solide hygroscopique jaune, qui peut former des t\u00e9tra-, hexa- et d\u00e9cahydrates. C\u2019est un interm\u00e9diaire dans l\u2019extraction du chrome de ses minerais. Propri\u00e9t\u00e9s physiques&nbsp;: Formule chimique&nbsp;: Na2CrO4 Masse molaire : 161,97 g\/mol Apparence&nbsp;: cristaux jaunes Odeur : inodore Densit\u00e9 [&hellip;]<\/p>\n","protected":false},"featured_media":999213,"comment_status":"open","ping_status":"closed","template":"","meta":{"_acf_changed":false},"product_brand":[],"product_cat":[244],"product_tag":[],"class_list":{"0":"post-1010003","1":"product","2":"type-product","3":"status-publish","4":"has-post-thumbnail","6":"product_cat-autres-materiaux","8":"first","9":"instock","10":"shipping-taxable","11":"product-type-variable"},"acf":[],"_links":{"self":[{"href":"https:\/\/vimaterial.de\/fr\/wp-json\/wp\/v2\/product\/1010003","targetHints":{"allow":["GET"]}}],"collection":[{"href":"https:\/\/vimaterial.de\/fr\/wp-json\/wp\/v2\/product"}],"about":[{"href":"https:\/\/vimaterial.de\/fr\/wp-json\/wp\/v2\/types\/product"}],"replies":[{"embeddable":true,"href":"https:\/\/vimaterial.de\/fr\/wp-json\/wp\/v2\/comments?post=1010003"}],"wp:featuredmedia":[{"embeddable":true,"href":"https:\/\/vimaterial.de\/fr\/wp-json\/wp\/v2\/media\/999213"}],"wp:attachment":[{"href":"https:\/\/vimaterial.de\/fr\/wp-json\/wp\/v2\/media?parent=1010003"}],"wp:term":[{"taxonomy":"product_brand","embeddable":true,"href":"https:\/\/vimaterial.de\/fr\/wp-json\/wp\/v2\/product_brand?post=1010003"},{"taxonomy":"product_cat","embeddable":true,"href":"https:\/\/vimaterial.de\/fr\/wp-json\/wp\/v2\/product_cat?post=1010003"},{"taxonomy":"product_tag","embeddable":true,"href":"https:\/\/vimaterial.de\/fr\/wp-json\/wp\/v2\/product_tag?post=1010003"}],"curies":[{"name":"wp","href":"https:\/\/api.w.org\/{rel}","templated":true}]}}