{"id":1009991,"date":"2024-06-17T14:04:05","date_gmt":"2024-06-17T06:04:05","guid":{"rendered":"https:\/\/vimaterial.de\/product\/sulfure-de-sodium-2\/"},"modified":"2024-11-12T16:42:37","modified_gmt":"2024-11-12T08:42:37","slug":"sulfure-de-sodium-2","status":"publish","type":"product","link":"https:\/\/vimaterial.de\/fr\/product\/sulfure-de-sodium-2\/","title":{"rendered":"Sulfure de sodium"},"content":{"rendered":"<p>Le sulfure de sodium est le compos\u00e9 chimique de formule Na2S, ou plus commun\u00e9ment son hydrate Na2S\u00b79H2O. Les deux sont des sels incolores solubles dans l\u2019eau qui donnent des solutions fortement alcalines.<\/p>\n<h2><span style=\"font-size: 14pt;\">Propri\u00e9t\u00e9s physiques&nbsp;:<\/span><\/h2>\n<p>Formule chimique&nbsp;:Na2S<\/p>\n<p>Masse molaire : 78,0452 g\/mol (anhydre)\/240,18 g\/mol (non ahydrat\u00e9)<\/p>\n<p>Apparence&nbsp;: solide incolore, hygroscopique<\/p>\n<p>Odeur&nbsp;:oeufs pourris<\/p>\n<p>Densit\u00e9&nbsp;:1,856 g \/ cm3 (anhydre) \/ 1,58 g \/ cm3 (pentahydrat\u00e9) \/ 1,43 g \/ cm3 (non hydrat\u00e9)<\/p>\n<p>Point de fusion :1 176 \u00b0C (2 149 \u00b0F ; 1 449 K) (anhydre)\/100 \u00b0C (pentahydrat\u00e9)\/50 \u00b0C (non ahydrat\u00e9)<\/p>\n<p>Solubilit\u00e9 dans l\u2019eau :12,4 g\/100 mL (0 \u00b0C)\/18,6 g\/100 mL (20 \u00b0C)\/39 g\/100 mL (50 \u00b0C) (hydrolyses)<\/p>\n<h2><span style=\"font-size: 14pt;\">Applications:<\/span><\/h2>\n<p>Traitement du cuir : Utilis\u00e9 pour \u00e9liminer les poils et autres prot\u00e9ines ind\u00e9sirables des peaux d\u2019animaux lors de la production de cuir. Industrie des p\u00e2tes et papiers : Utilis\u00e9 dans la fabrication du papier kraft pour d\u00e9composer la lignine dans la p\u00e2te de bois, ce qui rend la p\u00e2te plus facile \u00e0 traiter. Production chimique : Agit comme pr\u00e9curseur d\u2019autres produits chimiques, y compris les colorants, les compos\u00e9s contenant du soufre et les agents de flottation \u00e0 base de soufre dans l\u2019exploitation mini\u00e8re. Traitement de l\u2019eau : Sulfure de sodium utilis\u00e9 pour \u00e9liminer les m\u00e9taux lourds des eaux us\u00e9es en pr\u00e9cipitant les sulfures m\u00e9talliques, qui peuvent \u00eatre filtr\u00e9s hors de la solution. Industrie photographique : Sulfure de sodium utilis\u00e9 dans la fabrication de r\u00e9v\u00e9lateurs photographiques et de solutions de tonification au soufre.<\/p>\n<h2><span style=\"font-size: 14pt;\">Manutention et stockage :<\/span><\/h2>\n<p>Manipulation : Doit \u00eatre manipul\u00e9 avec un \u00e9quipement de protection, y compris des gants, des lunettes et des masques, car il est tr\u00e8s alcalin et \u00e9met du sulfure d\u2019hydrog\u00e8ne toxique. Stockage&nbsp;: Stocker dans un endroit frais, sec et bien ventil\u00e9, \u00e0 l\u2019abri de l\u2019humidit\u00e9, des acides et des agents oxydants. D\u00e9versement : En cas de d\u00e9versement, le sulfure de sodium doit \u00eatre contenu et neutralis\u00e9 avec de l\u2019acide dilu\u00e9 dans des conditions contr\u00f4l\u00e9es, avec une ventilation ad\u00e9quate pour \u00e9viter l\u2019accumulation de H\u2082S.<\/p>\n","protected":false},"excerpt":{"rendered":"<p>Le sulfure de sodium est le compos\u00e9 chimique de formule Na2S, ou plus commun\u00e9ment son hydrate Na2S\u00b79H2O. Les deux sont des sels incolores solubles dans l\u2019eau qui donnent des solutions fortement alcalines. Propri\u00e9t\u00e9s physiques&nbsp;: Formule chimique&nbsp;:Na2S Masse molaire : 78,0452 g\/mol (anhydre)\/240,18 g\/mol (non ahydrat\u00e9) Apparence&nbsp;: solide incolore, hygroscopique Odeur&nbsp;:oeufs pourris Densit\u00e9&nbsp;:1,856 g \/ cm3 [&hellip;]<\/p>\n","protected":false},"featured_media":999220,"comment_status":"open","ping_status":"closed","template":"","meta":{"_acf_changed":false},"product_brand":[],"product_cat":[238],"product_tag":[],"class_list":{"0":"post-1009991","1":"product","2":"type-product","3":"status-publish","4":"has-post-thumbnail","6":"product_cat-materiaux-de-chalcogenure","8":"first","9":"instock","10":"shipping-taxable","11":"purchasable","12":"product-type-variable"},"acf":[],"_links":{"self":[{"href":"https:\/\/vimaterial.de\/fr\/wp-json\/wp\/v2\/product\/1009991","targetHints":{"allow":["GET"]}}],"collection":[{"href":"https:\/\/vimaterial.de\/fr\/wp-json\/wp\/v2\/product"}],"about":[{"href":"https:\/\/vimaterial.de\/fr\/wp-json\/wp\/v2\/types\/product"}],"replies":[{"embeddable":true,"href":"https:\/\/vimaterial.de\/fr\/wp-json\/wp\/v2\/comments?post=1009991"}],"wp:featuredmedia":[{"embeddable":true,"href":"https:\/\/vimaterial.de\/fr\/wp-json\/wp\/v2\/media\/999220"}],"wp:attachment":[{"href":"https:\/\/vimaterial.de\/fr\/wp-json\/wp\/v2\/media?parent=1009991"}],"wp:term":[{"taxonomy":"product_brand","embeddable":true,"href":"https:\/\/vimaterial.de\/fr\/wp-json\/wp\/v2\/product_brand?post=1009991"},{"taxonomy":"product_cat","embeddable":true,"href":"https:\/\/vimaterial.de\/fr\/wp-json\/wp\/v2\/product_cat?post=1009991"},{"taxonomy":"product_tag","embeddable":true,"href":"https:\/\/vimaterial.de\/fr\/wp-json\/wp\/v2\/product_tag?post=1009991"}],"curies":[{"name":"wp","href":"https:\/\/api.w.org\/{rel}","templated":true}]}}