{"id":1009988,"date":"2024-06-17T14:04:02","date_gmt":"2024-06-17T06:04:02","guid":{"rendered":"https:\/\/vimaterial.de\/product\/sulfure-de-sodium\/"},"modified":"2024-11-12T16:39:06","modified_gmt":"2024-11-12T08:39:06","slug":"sulfure-de-sodium","status":"publish","type":"product","link":"https:\/\/vimaterial.de\/fr\/product\/sulfure-de-sodium\/","title":{"rendered":"Sulfure de sodium"},"content":{"rendered":"<p>Le sulfure de sodium est le compos\u00e9 chimique de formule Na2S, ou plus commun\u00e9ment son hydrate Na2S\u00b79H2O. Les deux sont des sels incolores solubles dans l\u2019eau qui donnent des solutions fortement alcalines.<\/p>\n<h2><span style=\"font-size: 14pt;\">Propri\u00e9t\u00e9s physiques&nbsp;:<\/span><\/h2>\n<p>Formule chimique&nbsp;:Na2S<\/p>\n<p>Masse molaire : 78,0452 g\/mol (anhydre)\/240,18 g\/mol (non ahydrat\u00e9)<\/p>\n<p>Apparence&nbsp;: solide incolore, hygroscopique<\/p>\n<p>Odeur&nbsp;:oeufs pourris<\/p>\n<p>Densit\u00e9&nbsp;:1,856 g \/ cm3 (anhydre) \/ 1,58 g \/ cm3 (pentahydrat\u00e9) \/ 1,43 g \/ cm3 (non hydrat\u00e9)<\/p>\n<p>Point de fusion :1 176 \u00b0C (2 149 \u00b0F ; 1 449 K) (anhydre)\/100 \u00b0C (pentahydrat\u00e9)\/50 \u00b0C (non ahydrat\u00e9)<\/p>\n<p>Solubilit\u00e9 dans l\u2019eau :12,4 g\/100 mL (0 \u00b0C)\/18,6 g\/100 mL (20 \u00b0C)\/39 g\/100 mL (50 \u00b0C) (hydrolyses)<\/p>\n<h2><span style=\"font-size: 14pt;\">Applications:<\/span><\/h2>\n<p>Le sulfure de sodium est principalement utilis\u00e9 dans le processus kraft dans l\u2019industrie des p\u00e2tes et papiers.<\/p>\n<p>Il est utilis\u00e9 dans le traitement de l\u2019eau comme agent pi\u00e9geur d\u2019oxyg\u00e8ne et aussi comme pr\u00e9cipitant de m\u00e9taux ; en photographie chimique pour tonifier les photographies en noir et blanc ; dans l\u2019industrie textile en tant qu\u2019agent de blanchiment, pour la d\u00e9sulfuration et comme agent de d\u00e9chloration ; et dans le commerce du cuir pour la sulfitisation des extraits tannants. Il est utilis\u00e9 dans la fabrication de produits chimiques comme agent de sulfonation et de sulfom\u00e9thylation. Il est utilis\u00e9 dans la production de produits chimiques en caoutchouc, de colorants soufr\u00e9s et d\u2019autres compos\u00e9s chimiques. Il est utilis\u00e9 dans d\u2019autres applications, notamment la flottation du minerai, la r\u00e9cup\u00e9ration du p\u00e9trole, la fabrication de colorants et les d\u00e9tergents. Il est \u00e9galement utilis\u00e9 lors du traitement du cuir, comme agent de d\u00e9pilage dans l\u2019op\u00e9ration de chaulage.<\/p>\n","protected":false},"excerpt":{"rendered":"<p>Le sulfure de sodium est le compos\u00e9 chimique de formule Na2S, ou plus commun\u00e9ment son hydrate Na2S\u00b79H2O. Les deux sont des sels incolores solubles dans l\u2019eau qui donnent des solutions fortement alcalines. Propri\u00e9t\u00e9s physiques&nbsp;: Formule chimique&nbsp;:Na2S Masse molaire : 78,0452 g\/mol (anhydre)\/240,18 g\/mol (non ahydrat\u00e9) Apparence&nbsp;: solide incolore, hygroscopique Odeur&nbsp;:oeufs pourris Densit\u00e9&nbsp;:1,856 g \/ cm3 [&hellip;]<\/p>\n","protected":false},"featured_media":999220,"comment_status":"open","ping_status":"closed","template":"","meta":{"_acf_changed":false},"product_brand":[],"product_cat":[236],"product_tag":[],"class_list":{"0":"post-1009988","1":"product","2":"type-product","3":"status-publish","4":"has-post-thumbnail","6":"product_cat-materiaux-devaporation","8":"first","9":"instock","10":"shipping-taxable","11":"product-type-variable"},"acf":[],"_links":{"self":[{"href":"https:\/\/vimaterial.de\/fr\/wp-json\/wp\/v2\/product\/1009988","targetHints":{"allow":["GET"]}}],"collection":[{"href":"https:\/\/vimaterial.de\/fr\/wp-json\/wp\/v2\/product"}],"about":[{"href":"https:\/\/vimaterial.de\/fr\/wp-json\/wp\/v2\/types\/product"}],"replies":[{"embeddable":true,"href":"https:\/\/vimaterial.de\/fr\/wp-json\/wp\/v2\/comments?post=1009988"}],"wp:featuredmedia":[{"embeddable":true,"href":"https:\/\/vimaterial.de\/fr\/wp-json\/wp\/v2\/media\/999220"}],"wp:attachment":[{"href":"https:\/\/vimaterial.de\/fr\/wp-json\/wp\/v2\/media?parent=1009988"}],"wp:term":[{"taxonomy":"product_brand","embeddable":true,"href":"https:\/\/vimaterial.de\/fr\/wp-json\/wp\/v2\/product_brand?post=1009988"},{"taxonomy":"product_cat","embeddable":true,"href":"https:\/\/vimaterial.de\/fr\/wp-json\/wp\/v2\/product_cat?post=1009988"},{"taxonomy":"product_tag","embeddable":true,"href":"https:\/\/vimaterial.de\/fr\/wp-json\/wp\/v2\/product_tag?post=1009988"}],"curies":[{"name":"wp","href":"https:\/\/api.w.org\/{rel}","templated":true}]}}