{"id":1009979,"date":"2024-06-17T14:04:05","date_gmt":"2024-06-17T06:04:05","guid":{"rendered":"https:\/\/vimaterial.de\/product\/titanate-de-sodium\/"},"modified":"2024-11-12T16:49:13","modified_gmt":"2024-11-12T08:49:13","slug":"titanate-de-sodium","status":"publish","type":"product","link":"https:\/\/vimaterial.de\/fr\/product\/titanate-de-sodium\/","title":{"rendered":"Titanate de sodium (oxyde de titane et de sodium)"},"content":{"rendered":"<p>Le titanate de sodium (Na\u2082Ti\u2083O\u2087) est un compos\u00e9 inorganique compos\u00e9 de sodium, de titane et d\u2019oxyg\u00e8ne. Il s\u2019agit souvent d\u2019un mat\u00e9riau cristallin ou en poudre brun ou gris fonc\u00e9. Le titanate de sodium de formule Na\u2082Ti\u2083O\u2087 est un autre type de titanate qui pr\u00e9sente des propri\u00e9t\u00e9s uniques, notamment sa grande stabilit\u00e9 thermique et sa capacit\u00e9 \u00e0 agir comme un mat\u00e9riau \u00e9changeur d\u2019ions.  <\/p>\n<h2><span style=\"font-size: 14pt;\">Propri\u00e9t\u00e9s physiques&nbsp;:<\/span><\/h2>\n<p>Formule chimique&nbsp;:Na2Ti3O7<\/p>\n<p>Poids mol\u00e9culaire : 257,78 g\/mol Apparence : G\u00e9n\u00e9ralement un mat\u00e9riau cristallin ou en poudre brun ou gris fonc\u00e9.<\/p>\n<p>Densit\u00e9 : 3,941 g\/cm3, solide<\/p>\n<p>Solubilit\u00e9 : Insoluble dans l\u2019eau, mais peut r\u00e9agir avec les acides pour lib\u00e9rer des ions titane et sodium. Structure : C\u2019est un membre de la famille des titanates, avec une structure en couches qui permet des propri\u00e9t\u00e9s d\u2019\u00e9change d\u2019ions. Stabilit\u00e9 thermique : Pr\u00e9sente une stabilit\u00e9 thermique \u00e9lev\u00e9e, ce qui le rend adapt\u00e9 aux applications \u00e0 haute temp\u00e9rature.<\/p>\n<h2><span style=\"font-size: 14pt;\">Applications du titanate de sodium (Na\u2082Ti\u2083O\u2087) :<\/span><\/h2>\n<p>Traitement des d\u00e9chets nucl\u00e9aires : Le titanate de sodium est utilis\u00e9 dans le processus d\u2019\u00e9change d\u2019ions pour l\u2019\u00e9limination des isotopes radioactifs, tels que le c\u00e9sium et le strontium, des flux de d\u00e9chets nucl\u00e9aires. C\u00e9ramique&nbsp;: Il est utilis\u00e9 dans la production de c\u00e9ramique en raison de son point de fusion \u00e9lev\u00e9, offrant une stabilit\u00e9 \u00e0 haute temp\u00e9rature dans les formulations c\u00e9ramiques. Catalyse&nbsp;: En tant que mat\u00e9riau \u00e9changeur d\u2019ions, il peut \u00eatre utilis\u00e9 dans des applications catalytiques, telles que le support de catalyseurs ou dans des processus tels que les r\u00e9actions d\u2019oxydation. Purification de l\u2019eau : Utilis\u00e9 pour l\u2019\u00e9limination des ions de m\u00e9taux lourds et dans diverses applications d\u2019\u00e9change d\u2019ions, en particulier dans l\u2019assainissement de l\u2019environnement.<\/p>\n<h2><span style=\"font-size: 14pt;\">Manutention et stockage :<\/span><\/h2>\n<p>Manipulation : Le titanate de sodium doit \u00eatre manipul\u00e9 avec soin, en particulier sous sa forme en poudre, car les fines particules de poussi\u00e8re peuvent irriter le syst\u00e8me respiratoire. Stockage&nbsp;: Conserver dans un endroit sec et frais, \u00e0 l\u2019abri des acides pour \u00e9viter les r\u00e9actions chimiques ind\u00e9sirables. Gardez les contenants herm\u00e9tiquement ferm\u00e9s pour \u00e9viter l\u2019absorption d\u2019humidit\u00e9.<\/p>\n","protected":false},"excerpt":{"rendered":"<p>Le titanate de sodium (Na\u2082Ti\u2083O\u2087) est un compos\u00e9 inorganique compos\u00e9 de sodium, de titane et d\u2019oxyg\u00e8ne. Il s\u2019agit souvent d\u2019un mat\u00e9riau cristallin ou en poudre brun ou gris fonc\u00e9. Le titanate de sodium de formule Na\u2082Ti\u2083O\u2087 est un autre type de titanate qui pr\u00e9sente des propri\u00e9t\u00e9s uniques, notamment sa grande stabilit\u00e9 thermique et sa capacit\u00e9 [&hellip;]<\/p>\n","protected":false},"featured_media":999237,"comment_status":"open","ping_status":"closed","template":"","meta":{"_acf_changed":false},"product_brand":[],"product_cat":[244],"product_tag":[],"class_list":{"0":"post-1009979","1":"product","2":"type-product","3":"status-publish","4":"has-post-thumbnail","6":"product_cat-autres-materiaux","8":"first","9":"instock","10":"shipping-taxable","11":"purchasable","12":"product-type-variable"},"acf":[],"_links":{"self":[{"href":"https:\/\/vimaterial.de\/fr\/wp-json\/wp\/v2\/product\/1009979","targetHints":{"allow":["GET"]}}],"collection":[{"href":"https:\/\/vimaterial.de\/fr\/wp-json\/wp\/v2\/product"}],"about":[{"href":"https:\/\/vimaterial.de\/fr\/wp-json\/wp\/v2\/types\/product"}],"replies":[{"embeddable":true,"href":"https:\/\/vimaterial.de\/fr\/wp-json\/wp\/v2\/comments?post=1009979"}],"wp:featuredmedia":[{"embeddable":true,"href":"https:\/\/vimaterial.de\/fr\/wp-json\/wp\/v2\/media\/999237"}],"wp:attachment":[{"href":"https:\/\/vimaterial.de\/fr\/wp-json\/wp\/v2\/media?parent=1009979"}],"wp:term":[{"taxonomy":"product_brand","embeddable":true,"href":"https:\/\/vimaterial.de\/fr\/wp-json\/wp\/v2\/product_brand?post=1009979"},{"taxonomy":"product_cat","embeddable":true,"href":"https:\/\/vimaterial.de\/fr\/wp-json\/wp\/v2\/product_cat?post=1009979"},{"taxonomy":"product_tag","embeddable":true,"href":"https:\/\/vimaterial.de\/fr\/wp-json\/wp\/v2\/product_tag?post=1009979"}],"curies":[{"name":"wp","href":"https:\/\/api.w.org\/{rel}","templated":true}]}}