{"id":1009927,"date":"2024-06-17T14:17:12","date_gmt":"2024-06-17T06:17:12","guid":{"rendered":"https:\/\/vimaterial.de\/product\/oxalate-de-calcium-hydrate\/"},"modified":"2024-12-26T17:35:41","modified_gmt":"2024-12-26T09:35:41","slug":"oxalate-de-calcium-hydrate","status":"publish","type":"product","link":"https:\/\/vimaterial.de\/fr\/product\/oxalate-de-calcium-hydrate\/","title":{"rendered":"Oxalate de calcium hydrat\u00e9"},"content":{"rendered":"<p>Hydrate d\u2019oxalate de calcium, formule chimique : CaC\u2082O\u2084\u00b7xH\u2082O, est un oxalate de calcium contenant de l\u2019eau cristalline, que l\u2019on trouve couramment dans les domaines de la biologie et de la chimie. VIMATERIAL fournit diff\u00e9rents types d\u2019oxalates, veuillez nous contacter si vous en avez besoin.<\/p>\n<h2><span style=\"font-size: 14pt;\">Propri\u00e9t\u00e9s<\/span><\/h2>\n<p>Formule chimique : CaC\u2082O\u2084\u00b7xH\u2082O Poids mol\u00e9culaire : 146.11200 Apparence : poudre brun clair Solubilit\u00e9 : presque insoluble dans l\u2019eau, l\u00e9g\u00e8rement soluble dans l\u2019acide. Stabilit\u00e9&nbsp;: Le chauffage peut perdre de l\u2019eau cristalline pour former de l\u2019oxalate de calcium anhydre.<\/p>\n<h2><span style=\"font-size: 14pt;\">M\u00e9thode de pr\u00e9paration du m\u00e9tavanadate de potassium<\/span><\/h2>\n<p>1. M\u00e9langez un sel de calcium soluble (comme le chlorure de calcium) avec une solution d\u2019oxalate (comme l\u2019acide oxalique ou l\u2019oxalate de potassium). 2. Remuez \u00e0 temp\u00e9rature ambiante pour r\u00e9agir pour former un pr\u00e9cipit\u00e9 d\u2019oxalate de calcium. 3. Filtrez le pr\u00e9cipit\u00e9 et lavez-le \u00e0 l\u2019eau distill\u00e9e. 4. S\u00e9cher pour obtenir de l\u2019oxalate de calcium hydrat\u00e9.<\/p>\n<h2><span style=\"font-size: 14pt;\">Application<\/span><\/h2>\n<p>1. Biologie : L\u2019hydrate d\u2019oxalate de calcium est une forme cristalline courante chez les plantes (comme les cristaux d\u2019oxalate dans les cellules v\u00e9g\u00e9tales). C\u2019est aussi le principal composant des calculs r\u00e9naux humains. 2. Recherche chimique&nbsp;: L\u2019hydrate d\u2019oxalate de calcium est utilis\u00e9 pour la recherche et l\u2019analyse des propri\u00e9t\u00e9s chimiques de l\u2019oxalate. 3. Application industrielle&nbsp;: L\u2019hydrate d\u2019oxalate de calcium est utilis\u00e9 comme source de calcium ou interm\u00e9diaire d\u2019oxalate.<\/p>\n<h2><span style=\"font-size: 14pt;\">Contr\u00f4le qualit\u00e9<\/span><\/h2>\n<p>Nos produits mettent en \u0153uvre le syst\u00e8me de gestion de la qualit\u00e9 le plus strict. Il existe des normes d\u2019inspection strictes pour les mat\u00e9riaux entrants, les processus, les inspections finales et les inspections d\u2019usine. Des mesures d\u2019isolement strictes seront adopt\u00e9es pour le traitement non qualifi\u00e9 afin d\u2019\u00e9viter que les produits non qualifi\u00e9s ne passent au processus suivant. Des \u00e9chantillons seront fournis aux clients selon les exigences du client pour la r\u00e9inspection.   <\/p>\n<h2><span style=\"font-size: 14pt;\">Emballage et stockage<\/span><\/h2>\n<p>Emballage sous vide int\u00e9rieur, emballage ext\u00e9rieur en carton. R\u00e9cipient scell\u00e9 pour \u00e9viter l\u2019absorption d\u2019humidit\u00e9. Conserver dans un environnement sec, ventil\u00e9 et frais. \u00c9vitez tout contact avec des acides forts ou des oxydants forts pour \u00e9viter la d\u00e9composition ou les r\u00e9actions secondaires.<\/p>\n<p>&nbsp;<\/p>\n","protected":false},"excerpt":{"rendered":"<p>Hydrate d\u2019oxalate de calcium, formule chimique : CaC\u2082O\u2084\u00b7xH\u2082O, est un oxalate de calcium contenant de l\u2019eau cristalline, que l\u2019on trouve couramment dans les domaines de la biologie et de la chimie. VIMATERIAL fournit diff\u00e9rents types d\u2019oxalates, veuillez nous contacter si vous en avez besoin. Propri\u00e9t\u00e9s Formule chimique : CaC\u2082O\u2084\u00b7xH\u2082O Poids mol\u00e9culaire : 146.11200 Apparence : [&hellip;]<\/p>\n","protected":false},"featured_media":1029962,"comment_status":"open","ping_status":"closed","template":"","meta":{"_acf_changed":false},"product_brand":[],"product_cat":[244],"product_tag":[],"class_list":{"0":"post-1009927","1":"product","2":"type-product","3":"status-publish","4":"has-post-thumbnail","6":"product_cat-autres-materiaux","8":"first","9":"instock","10":"shipping-taxable","11":"purchasable","12":"product-type-variable"},"acf":[],"_links":{"self":[{"href":"https:\/\/vimaterial.de\/fr\/wp-json\/wp\/v2\/product\/1009927","targetHints":{"allow":["GET"]}}],"collection":[{"href":"https:\/\/vimaterial.de\/fr\/wp-json\/wp\/v2\/product"}],"about":[{"href":"https:\/\/vimaterial.de\/fr\/wp-json\/wp\/v2\/types\/product"}],"replies":[{"embeddable":true,"href":"https:\/\/vimaterial.de\/fr\/wp-json\/wp\/v2\/comments?post=1009927"}],"wp:featuredmedia":[{"embeddable":true,"href":"https:\/\/vimaterial.de\/fr\/wp-json\/wp\/v2\/media\/1029962"}],"wp:attachment":[{"href":"https:\/\/vimaterial.de\/fr\/wp-json\/wp\/v2\/media?parent=1009927"}],"wp:term":[{"taxonomy":"product_brand","embeddable":true,"href":"https:\/\/vimaterial.de\/fr\/wp-json\/wp\/v2\/product_brand?post=1009927"},{"taxonomy":"product_cat","embeddable":true,"href":"https:\/\/vimaterial.de\/fr\/wp-json\/wp\/v2\/product_cat?post=1009927"},{"taxonomy":"product_tag","embeddable":true,"href":"https:\/\/vimaterial.de\/fr\/wp-json\/wp\/v2\/product_tag?post=1009927"}],"curies":[{"name":"wp","href":"https:\/\/api.w.org\/{rel}","templated":true}]}}