{"id":1009916,"date":"2024-06-17T14:17:13","date_gmt":"2024-06-17T06:17:13","guid":{"rendered":"https:\/\/vimaterial.de\/product\/chlorure-de-calcium-hexahydrate\/"},"modified":"2024-09-24T17:59:54","modified_gmt":"2024-09-24T09:59:54","slug":"chlorure-de-calcium-hexahydrate","status":"publish","type":"product","link":"https:\/\/vimaterial.de\/fr\/product\/chlorure-de-calcium-hexahydrate\/","title":{"rendered":"Chlorure de calcium hexahydrat\u00e9"},"content":{"rendered":"<p>Le chlorure de calcium hexahydrat\u00e9 (CaCl\u2082\u00b76H\u2082O) est une forme hydrat\u00e9e de chlorure de calcium, contenant six mol\u00e9cules d\u2019eau pour chaque mol\u00e9cule de chlorure de calcium. Ce compos\u00e9 a une vari\u00e9t\u00e9 d\u2019utilisations industrielles, commerciales et scientifiques en raison de sa solubilit\u00e9 \u00e9lev\u00e9e, de ses propri\u00e9t\u00e9s d\u2019absorption de l\u2019humidit\u00e9 et de sa faible toxicit\u00e9.<\/p>\n<p>Caract\u00e9ristiques<\/p>\n<p>Formule chimique : CaCl\u2082\u00b76H\u2082O<\/p>\n<p>Poids mol\u00e9culaire : 219,08 g\/mol<\/p>\n<p>Aspect physique : Poudre cristalline blanche \u00e0 incolore. Il est tr\u00e8s hygroscopique (absorbe facilement l\u2019humidit\u00e9 de l\u2019air).<\/p>\n<p>Solubilit\u00e9 : Hautement soluble dans l\u2019eau (offre un effet rafra\u00eechissant lorsqu\u2019il est dissous en raison de sa dissolution endothermique). Soluble dans l\u2019\u00e9thanol et le m\u00e9thanol. Insoluble dans les solvants organiques comme l\u2019\u00e9ther.<\/p>\n<p>Point de fusion : 30\u00b0C (commence \u00e0 perdre de l\u2019eau de cristallisation et fond)<\/p>\n<p>Densit\u00e9 : 1,71 g\/cm\u00b3<\/p>\n<p>R\u00e9activit\u00e9 : Hygroscopique, absorbe rapidement l\u2019humidit\u00e9 et peut se d\u00e9liqu\u00e9fier (se dissoudre dans sa propre humidit\u00e9 absorb\u00e9e s\u2019il est expos\u00e9 \u00e0 l\u2019air humide). Ininflammable et stable dans des conditions normales. Lorsqu\u2019il est dissous dans l\u2019eau, il subit un effet de refroidissement en raison de son processus de dissolution hautement endothermique.<\/p>\n<p>Applications<\/p>\n<p>Utilisations en laboratoire : En laboratoire, le CaCl\u2082\u00b76H\u2082O est utilis\u00e9 comme r\u00e9actif pour diverses r\u00e9actions chimiques et proc\u00e9d\u00e9s. Il est \u00e9galement utilis\u00e9 dans des exp\u00e9riences impliquant des r\u00e9actions endothermiques ou pour induire un stress osmotique dans des \u00e9tudes biologiques.<\/p>\n<p>Traitement de l\u2019eau : Dans le traitement des eaux us\u00e9es, le chlorure de calcium hexahydrat\u00e9 est utilis\u00e9 pour \u00e9liminer les impuret\u00e9s et ajuster la duret\u00e9 de l\u2019eau. Il se lie \u00e0 d\u2019autres ions pour aider \u00e0 neutraliser les conditions acides dans l\u2019eau et peut \u00e9galement \u00eatre utilis\u00e9 pour contr\u00f4ler la poussi\u00e8re dans des zones telles que les chantiers de construction.<\/p>\n<p>Agriculture\u00a0: En agriculture, il est utilis\u00e9 pour compl\u00e9ter le calcium dans le sol, en particulier pour les cultures sujettes \u00e0 une carence en calcium, comme les tomates et les pommes, afin de pr\u00e9venir des troubles tels que la pourriture apicale et la tache am\u00e8re. Il est \u00e9galement appliqu\u00e9 en pulv\u00e9risation foliaire pour corriger les carences en nutriments pendant la saison de croissance.<\/p>\n<p>Stockage et manipulation : La poudre de chlorure de calcium hexahydrat\u00e9 doit \u00eatre conserv\u00e9e dans des r\u00e9cipients herm\u00e9tiques pour \u00e9viter d\u2019absorber l\u2019humidit\u00e9 de l\u2019air et de devenir d\u00e9liquescente.<\/p>\n<p>La poudre de chlorure de calcium hexahydrat\u00e9 (CaCl\u2082\u00b76H\u2082O) est un compos\u00e9 tr\u00e8s polyvalent connu pour ses propri\u00e9t\u00e9s hygroscopiques et sa capacit\u00e9 \u00e0 absorber l\u2019humidit\u00e9 de l\u2019environnement. Il est largement utilis\u00e9 dans le d\u00e9givrage, les d\u00e9shydratants, la transformation des aliments, les additifs pour b\u00e9ton, le traitement de l\u2019eau et les syst\u00e8mes de r\u00e9frig\u00e9ration. En raison de sa faible toxicit\u00e9, il est \u00e9galement utilis\u00e9 dans les industries alimentaire, pharmaceutique et m\u00e9dicale. Cependant, un stockage et une manipulation appropri\u00e9s sont n\u00e9cessaires pour maintenir son efficacit\u00e9 et emp\u00eacher l\u2019absorption ind\u00e9sirable d\u2019humidit\u00e9.<\/p>\n","protected":false},"excerpt":{"rendered":"<p>Le chlorure de calcium hexahydrat\u00e9 (CaCl\u2082\u00b76H\u2082O) est une forme hydrat\u00e9e de chlorure de calcium, contenant six mol\u00e9cules d\u2019eau pour chaque mol\u00e9cule de chlorure de calcium.<br \/>\nCe compos\u00e9 a une vari\u00e9t\u00e9 d\u2019utilisations industrielles, commerciales et scientifiques en raison de sa solubilit\u00e9 \u00e9lev\u00e9e, de ses propri\u00e9t\u00e9s d\u2019absorption de l\u2019humidit\u00e9 et de sa faible toxicit\u00e9.<br \/>\nLa poudre de chlorure de calcium hexahydrat\u00e9 (CaCl\u2082\u00b76H\u2082O) est un compos\u00e9 tr\u00e8s polyvalent connu pour ses propri\u00e9t\u00e9s hygroscopiques et sa capacit\u00e9 \u00e0 absorber l\u2019humidit\u00e9 de l\u2019environnement.<br \/>\nIl est largement utilis\u00e9 dans le d\u00e9givrage, les d\u00e9shydratants, la transformation des aliments, les additifs pour b\u00e9ton, le traitement de l\u2019eau et les syst\u00e8mes de r\u00e9frig\u00e9ration.<br \/>\nEn raison de sa faible toxicit\u00e9, il est \u00e9galement utilis\u00e9 dans les industries alimentaire, pharmaceutique et m\u00e9dicale.<br \/>\nCependant, un stockage et une manipulation appropri\u00e9s sont n\u00e9cessaires pour maintenir son efficacit\u00e9 et emp\u00eacher l\u2019absorption ind\u00e9sirable d\u2019humidit\u00e9.<\/p>\n","protected":false},"featured_media":1031197,"comment_status":"open","ping_status":"closed","template":"","meta":{"_acf_changed":false},"product_brand":[],"product_cat":[239],"product_tag":[],"class_list":{"0":"post-1009916","1":"product","2":"type-product","3":"status-publish","4":"has-post-thumbnail","6":"product_cat-materiaux-halogenes","8":"first","9":"instock","10":"shipping-taxable","11":"product-type-variable"},"acf":[],"_links":{"self":[{"href":"https:\/\/vimaterial.de\/fr\/wp-json\/wp\/v2\/product\/1009916","targetHints":{"allow":["GET"]}}],"collection":[{"href":"https:\/\/vimaterial.de\/fr\/wp-json\/wp\/v2\/product"}],"about":[{"href":"https:\/\/vimaterial.de\/fr\/wp-json\/wp\/v2\/types\/product"}],"replies":[{"embeddable":true,"href":"https:\/\/vimaterial.de\/fr\/wp-json\/wp\/v2\/comments?post=1009916"}],"wp:featuredmedia":[{"embeddable":true,"href":"https:\/\/vimaterial.de\/fr\/wp-json\/wp\/v2\/media\/1031197"}],"wp:attachment":[{"href":"https:\/\/vimaterial.de\/fr\/wp-json\/wp\/v2\/media?parent=1009916"}],"wp:term":[{"taxonomy":"product_brand","embeddable":true,"href":"https:\/\/vimaterial.de\/fr\/wp-json\/wp\/v2\/product_brand?post=1009916"},{"taxonomy":"product_cat","embeddable":true,"href":"https:\/\/vimaterial.de\/fr\/wp-json\/wp\/v2\/product_cat?post=1009916"},{"taxonomy":"product_tag","embeddable":true,"href":"https:\/\/vimaterial.de\/fr\/wp-json\/wp\/v2\/product_tag?post=1009916"}],"curies":[{"name":"wp","href":"https:\/\/api.w.org\/{rel}","templated":true}]}}