{"id":1009903,"date":"2024-06-17T14:17:13","date_gmt":"2024-06-17T06:17:13","guid":{"rendered":"https:\/\/vimaterial.de\/product\/chromate-de-calcium\/"},"modified":"2024-12-27T14:35:54","modified_gmt":"2024-12-27T06:35:54","slug":"chromate-de-calcium","status":"publish","type":"product","link":"https:\/\/vimaterial.de\/fr\/product\/chromate-de-calcium\/","title":{"rendered":"Calcium Chromate"},"content":{"rendered":"<p>Le chromate de calcium (CaCrO4) est un solide jaune vif. Il se pr\u00e9sente normalement sous forme de dihydrate, bien que la forme tr\u00e8s rarement naturelle (min\u00e9rale), connue sous le nom de chromatite, soit anhydre. Tr\u00e8s toxique. VIMATERIAL peut produire des poudres chimiques de haute puret\u00e9. Si vous avez des besoins, n\u2019h\u00e9sitez pas \u00e0 nous contacter.<\/p>\n<h2><span style=\"font-size: 14pt;\">Propri\u00e9t\u00e9s<\/span><\/h2>\n<p>Formule chimique&nbsp;:CaCrO4 Masse molaire&nbsp;: 156.072 g\/mol Apparence&nbsp;:poudre jaune vif Densit\u00e9&nbsp;:3,12 g\/cm3 Point de fusion&nbsp;:2 710 \u00b0C (4 910 \u00b0F&nbsp;; 2 980 K) Solubilit\u00e9&nbsp;:soluble dans l\u2019acidepratiquement insoluble dans l\u2019alcool Structure cristalline&nbsp;:monoclinique<\/p>\n<h2><span style=\"font-size: 14pt;\">Application<\/span><\/h2>\n<p>Le chromate de calcium est utilis\u00e9 comme pigment, inhibiteur de corrosion, et dans la galvanoplastie, le traitement photochimique et le traitement des d\u00e9chets industriels.<\/p>\n<h2><span style=\"font-size: 14pt;\">Contr\u00f4le qualit\u00e9<\/span><\/h2>\n<p>Nos produits mettent en \u0153uvre le syst\u00e8me de gestion de la qualit\u00e9 le plus strict. Il existe des normes d\u2019inspection strictes pour les mat\u00e9riaux entrants, les processus, les inspections finales et les inspections d\u2019usine. Des mesures d\u2019isolement strictes seront adopt\u00e9es pour le traitement non qualifi\u00e9 afin d\u2019\u00e9viter que les produits non qualifi\u00e9s ne passent au processus suivant. Des \u00e9chantillons seront fournis aux clients selon les exigences du client pour la r\u00e9inspection.   <\/p>\n<h2><span style=\"font-size: 14pt;\">Emballage et stockage<\/span><\/h2>\n<p>Emballage sous vide, la quantit\u00e9 d\u2019emballage peut \u00eatre fournie selon les exigences du client et emball\u00e9e s\u00e9par\u00e9ment. Le chromate de calcium doit \u00eatre stock\u00e9 dans un entrep\u00f4t frais et ventil\u00e9. Tenir \u00e0 l\u2019\u00e9cart du feu et des sources de chaleur. \u00c9vitez la lumi\u00e8re directe du soleil. Conserver dans des emballages scell\u00e9s. Stocker s\u00e9par\u00e9ment des agents r\u00e9ducteurs, des mat\u00e9riaux inflammables (combustibles) et des produits chimiques comestibles. \u00c9vitez de m\u00e9langer. La zone de stockage doit \u00eatre \u00e9quip\u00e9e de mat\u00e9riaux appropri\u00e9s pour contenir les fuites.<\/p>\n","protected":false},"excerpt":{"rendered":"<p>Le chromate de calcium (CaCrO4) est un solide jaune vif. Il se pr\u00e9sente normalement sous forme de dihydrate, bien que la forme tr\u00e8s rarement naturelle (min\u00e9rale), connue sous le nom de chromatite, soit anhydre. Tr\u00e8s toxique. VIMATERIAL peut produire des poudres chimiques de haute puret\u00e9. Si vous avez des besoins, n\u2019h\u00e9sitez pas \u00e0 nous contacter. [&hellip;]<\/p>\n","protected":false},"featured_media":1029977,"comment_status":"open","ping_status":"closed","template":"","meta":{"_acf_changed":false},"product_brand":[],"product_cat":[244],"product_tag":[],"class_list":{"0":"post-1009903","1":"product","2":"type-product","3":"status-publish","4":"has-post-thumbnail","6":"product_cat-autres-materiaux","8":"first","9":"instock","10":"shipping-taxable","11":"product-type-variable"},"acf":[],"_links":{"self":[{"href":"https:\/\/vimaterial.de\/fr\/wp-json\/wp\/v2\/product\/1009903","targetHints":{"allow":["GET"]}}],"collection":[{"href":"https:\/\/vimaterial.de\/fr\/wp-json\/wp\/v2\/product"}],"about":[{"href":"https:\/\/vimaterial.de\/fr\/wp-json\/wp\/v2\/types\/product"}],"replies":[{"embeddable":true,"href":"https:\/\/vimaterial.de\/fr\/wp-json\/wp\/v2\/comments?post=1009903"}],"wp:featuredmedia":[{"embeddable":true,"href":"https:\/\/vimaterial.de\/fr\/wp-json\/wp\/v2\/media\/1029977"}],"wp:attachment":[{"href":"https:\/\/vimaterial.de\/fr\/wp-json\/wp\/v2\/media?parent=1009903"}],"wp:term":[{"taxonomy":"product_brand","embeddable":true,"href":"https:\/\/vimaterial.de\/fr\/wp-json\/wp\/v2\/product_brand?post=1009903"},{"taxonomy":"product_cat","embeddable":true,"href":"https:\/\/vimaterial.de\/fr\/wp-json\/wp\/v2\/product_cat?post=1009903"},{"taxonomy":"product_tag","embeddable":true,"href":"https:\/\/vimaterial.de\/fr\/wp-json\/wp\/v2\/product_tag?post=1009903"}],"curies":[{"name":"wp","href":"https:\/\/api.w.org\/{rel}","templated":true}]}}