{"id":1009876,"date":"2024-06-17T14:17:13","date_gmt":"2024-06-17T06:17:13","guid":{"rendered":"https:\/\/vimaterial.de\/product\/titanate-de-calcium-et-de-cuivre\/"},"modified":"2024-12-27T13:36:39","modified_gmt":"2024-12-27T05:36:39","slug":"titanate-de-calcium-et-de-cuivre","status":"publish","type":"product","link":"https:\/\/vimaterial.de\/fr\/product\/titanate-de-calcium-et-de-cuivre\/","title":{"rendered":"Titanate de calcium et de cuivre"},"content":{"rendered":"<p>La poudre de titanate de cuivre et de calcium (CaCu3Ti4012), \u00e9galement connue sous le nom de CCT0, est un mat\u00e9riau de stockage d\u2019\u00e9nergie inorganique \u00e0 constante di\u00e9lectrique \u00e9lev\u00e9e avec d\u2019excellentes performances globales. Il est largement utilis\u00e9 dans les domaines de haute technologie tels que le stockage d\u2019\u00e9nergie \u00e0 haute densit\u00e9, les dispositifs \u00e0 couche mince et les condensateurs \u00e0 haut di\u00e9lectrique. VIMATERIAL peut produire de la poudre CCTO de haute puret\u00e9. Si vous avez des besoins, n\u2019h\u00e9sitez pas \u00e0 nous contacter. <\/p>\n<h2><span style=\"font-size: 14pt;\">Propri\u00e9t\u00e9s<\/span><\/h2>\n<p>Formule chimique&nbsp;:CaCu3Ti4O12 Masse molaire&nbsp;:614.1789 g\/mol Apparence&nbsp;:solide brun Densit\u00e9&nbsp;:4,7 g\/cm3, solide Point de fusion&nbsp;:1000 \u00b0C Constante di\u00e9lectrique (\u03b5)&nbsp;: 129805 Perte di\u00e9lectrique (tg\u03b4)&nbsp;: 0.43<\/p>\n<h2><span style=\"font-size: 14pt;\">Structure et propri\u00e9t\u00e9s du titanate de calcium et de cuivre<\/span><\/h2>\n<p>Le titanate de cuivre et de calcium est un mat\u00e9riau stratifi\u00e9. Dans sa structure cristalline, les atomes de calcium sont en position intercouche, et des lacunes t\u00e9tra\u00e9driques se forment entre deux couches de titanate de cuivre. Cette structure facilite la circulation des \u00e9lectrons et des ions \u00e0 l\u2019int\u00e9rieur du mat\u00e9riau, am\u00e9liorant ainsi ses propri\u00e9t\u00e9s \u00e9lectrochimiques. Compar\u00e9 aux mat\u00e9riaux d\u2019\u00e9lectrode positive de batterie traditionnels, le titanate de cuivre et de calcium a une capacit\u00e9 sp\u00e9cifique \u00e9lev\u00e9e, peut stocker plus d\u2019\u00e9nergie \u00e9lectrique et a une longue dur\u00e9e de vie. Au cours du processus cyclique de charge et de d\u00e9charge, sa structure est relativement stable et difficile \u00e0 changer. De plus, le titanate de calcium et de cuivre a un faible co\u00fbt et peut remplacer directement les mat\u00e9riaux traditionnels des \u00e9lectrodes positives pour r\u00e9duire le co\u00fbt de fabrication des batteries.  <\/p>\n<h2><span style=\"font-size: 14pt;\">Application<\/span><\/h2>\n<p>Les caract\u00e9ristiques de stockage d\u2019\u00e9nergie \u00e9lectronique de CCTO sont largement utilis\u00e9es dans les mat\u00e9riaux de stockage d\u2019\u00e9nergie de photor\u00e9g\u00e9n\u00e9ration solaire, les condensateurs, les r\u00e9sistances, les cellules solaires, les batteries \u00e0 \u00e9nergie nouvelle, les nouvelles batteries et d\u2019autres industries&nbsp;; Il peut \u00eatre utilis\u00e9 dans la m\u00e9moire vive dynamique, c\u2019est-\u00e0-dire la DRAM ; Il peut \u00e9galement \u00eatre utilis\u00e9 dans les condensateurs a\u00e9rospatiaux haut de gamme, les panneaux solaires, etc.<\/p>\n<h2><span style=\"font-size: 14pt;\">Contr\u00f4le qualit\u00e9<\/span><\/h2>\n<p>Nos produits mettent en \u0153uvre le syst\u00e8me de gestion de la qualit\u00e9 le plus strict. Il existe des normes d\u2019inspection strictes pour les mat\u00e9riaux entrants, les processus, les inspections finales et les inspections d\u2019usine. Des mesures d\u2019isolement strictes seront adopt\u00e9es pour le traitement non qualifi\u00e9 afin d\u2019\u00e9viter que les produits non qualifi\u00e9s ne passent au processus suivant. Des \u00e9chantillons seront fournis aux clients selon les exigences du client pour la r\u00e9inspection.   <\/p>\n<h2><span style=\"font-size: 14pt;\">Emballage et stockage<\/span><\/h2>\n<p>Emballage sous vide, la quantit\u00e9 d\u2019emballage peut \u00eatre fournie selon les exigences du client et emball\u00e9e s\u00e9par\u00e9ment. Ce produit est emball\u00e9 dans un sac en plastique rempli de gaz inerte et scell\u00e9 dans un environnement sec et frais. Il ne doit pas \u00eatre expos\u00e9 \u00e0 l\u2019air pour emp\u00eacher l\u2019humidit\u00e9 de s\u2019oxyder et de s\u2019agglom\u00e9rer, ce qui affecte les performances de dispersion et l\u2019effet d\u2019utilisation&nbsp;;<\/p>\n","protected":false},"excerpt":{"rendered":"<p>La poudre de titanate de cuivre et de calcium (CaCu3Ti4012), \u00e9galement connue sous le nom de CCT0, est un mat\u00e9riau de stockage d\u2019\u00e9nergie inorganique \u00e0 constante di\u00e9lectrique \u00e9lev\u00e9e avec d\u2019excellentes performances globales. Il est largement utilis\u00e9 dans les domaines de haute technologie tels que le stockage d\u2019\u00e9nergie \u00e0 haute densit\u00e9, les dispositifs \u00e0 couche mince [&hellip;]<\/p>\n","protected":false},"featured_media":1029982,"comment_status":"open","ping_status":"closed","template":"","meta":{"_acf_changed":false},"product_brand":[],"product_cat":[244],"product_tag":[],"class_list":{"0":"post-1009876","1":"product","2":"type-product","3":"status-publish","4":"has-post-thumbnail","6":"product_cat-autres-materiaux","8":"first","9":"instock","10":"shipping-taxable","11":"product-type-variable"},"acf":[],"_links":{"self":[{"href":"https:\/\/vimaterial.de\/fr\/wp-json\/wp\/v2\/product\/1009876","targetHints":{"allow":["GET"]}}],"collection":[{"href":"https:\/\/vimaterial.de\/fr\/wp-json\/wp\/v2\/product"}],"about":[{"href":"https:\/\/vimaterial.de\/fr\/wp-json\/wp\/v2\/types\/product"}],"replies":[{"embeddable":true,"href":"https:\/\/vimaterial.de\/fr\/wp-json\/wp\/v2\/comments?post=1009876"}],"wp:featuredmedia":[{"embeddable":true,"href":"https:\/\/vimaterial.de\/fr\/wp-json\/wp\/v2\/media\/1029982"}],"wp:attachment":[{"href":"https:\/\/vimaterial.de\/fr\/wp-json\/wp\/v2\/media?parent=1009876"}],"wp:term":[{"taxonomy":"product_brand","embeddable":true,"href":"https:\/\/vimaterial.de\/fr\/wp-json\/wp\/v2\/product_brand?post=1009876"},{"taxonomy":"product_cat","embeddable":true,"href":"https:\/\/vimaterial.de\/fr\/wp-json\/wp\/v2\/product_cat?post=1009876"},{"taxonomy":"product_tag","embeddable":true,"href":"https:\/\/vimaterial.de\/fr\/wp-json\/wp\/v2\/product_tag?post=1009876"}],"curies":[{"name":"wp","href":"https:\/\/api.w.org\/{rel}","templated":true}]}}