{"id":1009862,"date":"2024-06-17T14:18:53","date_gmt":"2024-06-17T06:18:53","guid":{"rendered":"https:\/\/vimaterial.de\/product\/fluorure-de-calcium\/"},"modified":"2024-12-27T11:19:10","modified_gmt":"2024-12-27T03:19:10","slug":"fluorure-de-calcium","status":"publish","type":"product","link":"https:\/\/vimaterial.de\/fr\/product\/fluorure-de-calcium\/","title":{"rendered":"Fluorure de calcium"},"content":{"rendered":"<p>Le fluorure de calcium est le compos\u00e9 inorganique des \u00e9l\u00e9ments calcium et fluor de formule CaF2. C\u2019est un solide blanc insoluble, mais soluble dans les acides forts et certains acides organiques. VIMATERIAL fournit \u00e9galement des granules de fluorure de calcium et des cibles de fluorure de calcium.<\/p>\n<h2><span style=\"font-size: 14pt;\">Propri\u00e9t\u00e9s<\/span><\/h2>\n<p>Formule chimique :CaF2 Masse molaire :78,075 g\u00b7mol\u22121 Apparence :Solide cristallin blanc (les monocristaux sont transparents) Densit\u00e9 :3,18 g\/cm3 Point de fusion :1 418 \u00b0C (2 584 \u00b0F&nbsp;; 1 691 K) Point d\u2019\u00e9bullition :2 533 \u00b0C (4 591 \u00b0F&nbsp;; 2 806 K) Solubilit\u00e9 :Soluble dans l\u2019eau, insoluble dans l\u2019ac\u00e9tone l\u00e9g\u00e8rement soluble dans l\u2019acide Indice de r\u00e9fraction (nD)&nbsp;:1,4338<\/p>\n<h2><span style=\"font-size: 14pt;\">Application<\/span><\/h2>\n<p>1. Champ optique : Les cristaux de CaF2 ont un faible indice de r\u00e9fraction et de faibles caract\u00e9ristiques de dispersion, et sont souvent utilis\u00e9s pour fabriquer des lentilles optiques, des prismes et des mat\u00e9riaux de fen\u00eatre, et pr\u00e9sentent d\u2019excellentes performances dans les syst\u00e8mes optiques dans les bandes ultraviolette et infrarouge. 2. Industrie m\u00e9tallurgique : Le fluorure de calcium peut \u00eatre utilis\u00e9 comme flux dans la production d\u2019acier et d\u2019aluminium pour am\u00e9liorer l\u2019efficacit\u00e9 de purification des m\u00e9taux. 3. Industrie du verre&nbsp;: Le fluorure de calcium est un composant important dans la fabrication du verre et peut \u00eatre utilis\u00e9 pour produire des verres sp\u00e9ciaux tels que le verre optique et le verre contenant du fluor, donnant au verre des propri\u00e9t\u00e9s optiques uniques et une durabilit\u00e9. 4. Industrie c\u00e9ramique&nbsp;: Le fluorure de calcium est utilis\u00e9 comme flux dans l\u2019industrie c\u00e9ramique pour r\u00e9duire la temp\u00e9rature de frittage et am\u00e9liorer les propri\u00e9t\u00e9s m\u00e9caniques et la r\u00e9sistance \u00e0 la corrosion chimique du produit. 5. Industrie chimique&nbsp;: Le fluorure de calcium est une mati\u00e8re premi\u00e8re pour la production de fluorure. Il peut g\u00e9n\u00e9rer du fluorure d\u2019hydrog\u00e8ne (HF) par des r\u00e9actions chimiques, ce qui est un pr\u00e9curseur important pour la production d\u2019une vari\u00e9t\u00e9 de fluorures organiques et inorganiques. Ces fluorures sont largement utilis\u00e9s dans la production de r\u00e9frig\u00e9rants, de pesticides et de m\u00e9dicaments.<\/p>\n<h2><span style=\"font-size: 14pt;\">Contr\u00f4le qualit\u00e9<\/span><\/h2>\n<p>Nos produits mettent en \u0153uvre le syst\u00e8me de gestion de la qualit\u00e9 le plus strict. Il existe des normes d\u2019inspection strictes pour les mat\u00e9riaux entrants, les processus, les inspections finales et les inspections d\u2019usine. Des mesures d\u2019isolement strictes seront adopt\u00e9es pour le traitement non qualifi\u00e9 afin d\u2019\u00e9viter que les produits non qualifi\u00e9s ne passent au processus suivant. Des \u00e9chantillons seront fournis aux clients selon les exigences du client pour la r\u00e9inspection.   <\/p>\n<h2><span style=\"font-size: 14pt;\">Emballage et stockage<\/span><\/h2>\n<p>Emballage sous vide int\u00e9rieur, emballage ext\u00e9rieur en carton. Le fluorure de calcium doit \u00eatre stock\u00e9 dans un endroit sec, ventil\u00e9 et frais, et \u00e9viter de le m\u00e9langer avec des acides forts, des alcalis forts et d\u2019autres substances. Pendant le transport, l\u2019emballage doit \u00e9viter d\u2019\u00eatre endommag\u00e9 et de fuir afin d\u2019\u00e9viter la pollution de l\u2019environnement ou les blessures. De plus, les d\u00e9chets de fluorure de calcium doivent \u00eatre trait\u00e9s sans danger conform\u00e9ment aux exigences de protection de l\u2019environnement afin d\u2019\u00e9viter la pollution de l\u2019environnement.<\/p>\n","protected":false},"excerpt":{"rendered":"<p>Le fluorure de calcium est le compos\u00e9 inorganique des \u00e9l\u00e9ments calcium et fluor de formule CaF2. C\u2019est un solide blanc insoluble, mais soluble dans les acides forts et certains acides organiques. VIMATERIAL fournit \u00e9galement des granules de fluorure de calcium et des cibles de fluorure de calcium. Propri\u00e9t\u00e9s Formule chimique :CaF2 Masse molaire :78,075 g\u00b7mol\u22121 [&hellip;]<\/p>\n","protected":false},"featured_media":1029987,"comment_status":"open","ping_status":"closed","template":"","meta":{"_acf_changed":false},"product_brand":[],"product_cat":[239],"product_tag":[],"class_list":{"0":"post-1009862","1":"product","2":"type-product","3":"status-publish","4":"has-post-thumbnail","6":"product_cat-materiaux-halogenes","8":"first","9":"instock","10":"shipping-taxable","11":"purchasable","12":"product-type-variable"},"acf":[],"_links":{"self":[{"href":"https:\/\/vimaterial.de\/fr\/wp-json\/wp\/v2\/product\/1009862","targetHints":{"allow":["GET"]}}],"collection":[{"href":"https:\/\/vimaterial.de\/fr\/wp-json\/wp\/v2\/product"}],"about":[{"href":"https:\/\/vimaterial.de\/fr\/wp-json\/wp\/v2\/types\/product"}],"replies":[{"embeddable":true,"href":"https:\/\/vimaterial.de\/fr\/wp-json\/wp\/v2\/comments?post=1009862"}],"wp:featuredmedia":[{"embeddable":true,"href":"https:\/\/vimaterial.de\/fr\/wp-json\/wp\/v2\/media\/1029987"}],"wp:attachment":[{"href":"https:\/\/vimaterial.de\/fr\/wp-json\/wp\/v2\/media?parent=1009862"}],"wp:term":[{"taxonomy":"product_brand","embeddable":true,"href":"https:\/\/vimaterial.de\/fr\/wp-json\/wp\/v2\/product_brand?post=1009862"},{"taxonomy":"product_cat","embeddable":true,"href":"https:\/\/vimaterial.de\/fr\/wp-json\/wp\/v2\/product_cat?post=1009862"},{"taxonomy":"product_tag","embeddable":true,"href":"https:\/\/vimaterial.de\/fr\/wp-json\/wp\/v2\/product_tag?post=1009862"}],"curies":[{"name":"wp","href":"https:\/\/api.w.org\/{rel}","templated":true}]}}