{"id":1009828,"date":"2024-06-17T14:05:26","date_gmt":"2024-06-17T06:05:26","guid":{"rendered":"https:\/\/vimaterial.de\/product\/bromure-de-sodium\/"},"modified":"2024-11-12T18:02:04","modified_gmt":"2024-11-12T10:02:04","slug":"bromure-de-sodium","status":"publish","type":"product","link":"https:\/\/vimaterial.de\/fr\/product\/bromure-de-sodium\/","title":{"rendered":"Bromure de sodium"},"content":{"rendered":"<p>Le bromure de sodium est un compos\u00e9 inorganique de formule NaBr. Il s\u2019agit d\u2019un solide cristallin blanc \u00e0 point de fusion \u00e9lev\u00e9 qui ressemble au chlorure de sodium.<\/p>\n<h2><span style=\"font-size: 14pt;\">Propri\u00e9t\u00e9s physiques&nbsp;:<\/span><\/h2>\n<p>Formule chimique&nbsp;:NaBr<\/p>\n<p>Masse molaire : 102,894 g\u00b7mol\u22121<\/p>\n<p>Apparence&nbsp;:Poudre blanche, hygroscopique<\/p>\n<p>Densit\u00e9 : 3,21 g\/cm3 (anhydre)\/2,18 g\/cm3 (dihydrat\u00e9) Point de fusion : 747 \u00b0C (1 377 \u00b0F ; 1 020 K) (anhydre)\/36 \u00b0C (97 \u00b0F ; 309 K) (dihydrat\u00e9) se d\u00e9compose<\/p>\n<p>Point d\u2019\u00e9bullition :1 390 \u00b0C (2 530 \u00b0F&nbsp;; 1 660 K)<\/p>\n<p>Solubilit\u00e9 dans l\u2019eau :71,35 g\/100 mL (\u221220 \u00b0C)\/79,52 g\/100 mL (0 \u00b0C)\/94,32 g\/100 mL (25 \u00b0C)\/104,9 g\/100 mL (40 \u00b0C)\/116,2 g\/100 mL (100 \u00b0C)<\/p>\n<p>Structure cristalline&nbsp;:Cubique<\/p>\n<h2><span style=\"font-size: 14pt;\">Applications:<\/span><\/h2>\n<p>Produits pharmaceutiques : Le bromure de sodium a \u00e9t\u00e9 historiquement utilis\u00e9 comme s\u00e9datif et anticonvulsivant en m\u00e9decine, bien qu\u2019il ait \u00e9t\u00e9 largement remplac\u00e9 par d\u2019autres m\u00e9dicaments aujourd\u2019hui. Il \u00e9tait autrefois utilis\u00e9 dans le traitement de l\u2019\u00e9pilepsie et des troubles anxieux. Photographie : Le bromure de sodium est utilis\u00e9 dans les proc\u00e9d\u00e9s photographiques, en particulier dans la pr\u00e9paration d\u2019\u00e9mulsions photographiques. Il r\u00e9agit avec le nitrate d\u2019argent pour former du bromure d\u2019argent, qui est sensible \u00e0 la lumi\u00e8re et crucial pour le d\u00e9veloppement de films traditionnels. Traitement de l\u2019eau : Le bromure de sodium est utilis\u00e9 dans le traitement de l\u2019eau, en particulier dans l\u2019eau des tours de refroidissement et des piscines, o\u00f9 il peut agir comme un d\u00e9sinfectant ou un biocide. Il peut aider \u00e0 contr\u00f4ler la croissance des algues et des bact\u00e9ries. Applications industrielles : Le bromure de sodium est utilis\u00e9 dans la pr\u00e9paration d\u2019autres compos\u00e9s de brome, tels que le bromure d\u2019hydrog\u00e8ne (HBr) et les retardateurs de flamme brom\u00e9s. Il est \u00e9galement utilis\u00e9 dans l\u2019industrie p\u00e9troli\u00e8re et gazi\u00e8re, o\u00f9 il est utilis\u00e9 dans les fluides de forage. Synth\u00e8se chimique : Le bromure de sodium sert de source de brome dans diverses synth\u00e8ses chimiques, telles que la production de compos\u00e9s brom\u00e9s utilis\u00e9s dans les industries pharmaceutiques et agrochimiques. <\/p>\n<h2><span style=\"font-size: 14pt;\">Consid\u00e9rations de s\u00e9curit\u00e9 :<\/span><\/h2>\n<p>Toxicit\u00e9&nbsp;: Le bromure de sodium est relativement peu toxique, mais comme la plupart des compos\u00e9s du bromure, il peut \u00eatre nocif s\u2019il est ing\u00e9r\u00e9 en grande quantit\u00e9. L\u2019ingestion ou l\u2019inhalation de grandes quantit\u00e9s peut causer des probl\u00e8mes respiratoires ou des troubles gastro-intestinaux. L\u2019inhalation de la poussi\u00e8re peut provoquer une irritation des voies respiratoires et des yeux. Manipulation et entreposage : Le bromure de sodium doit \u00eatre manipul\u00e9 avec soin, en particulier sous forme de poudre, afin d\u2019\u00e9viter l\u2019inhalation de poussi\u00e8re. Il doit \u00eatre stock\u00e9 dans un endroit frais et sec, \u00e0 l\u2019abri des agents oxydants puissants, des acides et de l\u2019humidit\u00e9 pour \u00e9viter la d\u00e9gradation ou les r\u00e9actions ind\u00e9sirables.  <\/p>\n","protected":false},"excerpt":{"rendered":"<p>Le bromure de sodium est un compos\u00e9 inorganique de formule NaBr. Il s\u2019agit d\u2019un solide cristallin blanc \u00e0 point de fusion \u00e9lev\u00e9 qui ressemble au chlorure de sodium. Propri\u00e9t\u00e9s physiques&nbsp;: Formule chimique&nbsp;:NaBr Masse molaire : 102,894 g\u00b7mol\u22121 Apparence&nbsp;:Poudre blanche, hygroscopique Densit\u00e9 : 3,21 g\/cm3 (anhydre)\/2,18 g\/cm3 (dihydrat\u00e9) Point de fusion : 747 \u00b0C (1 377 [&hellip;]<\/p>\n","protected":false},"featured_media":1039930,"comment_status":"open","ping_status":"closed","template":"","meta":{"_acf_changed":false},"product_brand":[],"product_cat":[239],"product_tag":[],"class_list":{"0":"post-1009828","1":"product","2":"type-product","3":"status-publish","4":"has-post-thumbnail","6":"product_cat-materiaux-halogenes","8":"first","9":"instock","10":"shipping-taxable","11":"product-type-variable"},"acf":[],"_links":{"self":[{"href":"https:\/\/vimaterial.de\/fr\/wp-json\/wp\/v2\/product\/1009828","targetHints":{"allow":["GET"]}}],"collection":[{"href":"https:\/\/vimaterial.de\/fr\/wp-json\/wp\/v2\/product"}],"about":[{"href":"https:\/\/vimaterial.de\/fr\/wp-json\/wp\/v2\/types\/product"}],"replies":[{"embeddable":true,"href":"https:\/\/vimaterial.de\/fr\/wp-json\/wp\/v2\/comments?post=1009828"}],"wp:featuredmedia":[{"embeddable":true,"href":"https:\/\/vimaterial.de\/fr\/wp-json\/wp\/v2\/media\/1039930"}],"wp:attachment":[{"href":"https:\/\/vimaterial.de\/fr\/wp-json\/wp\/v2\/media?parent=1009828"}],"wp:term":[{"taxonomy":"product_brand","embeddable":true,"href":"https:\/\/vimaterial.de\/fr\/wp-json\/wp\/v2\/product_brand?post=1009828"},{"taxonomy":"product_cat","embeddable":true,"href":"https:\/\/vimaterial.de\/fr\/wp-json\/wp\/v2\/product_cat?post=1009828"},{"taxonomy":"product_tag","embeddable":true,"href":"https:\/\/vimaterial.de\/fr\/wp-json\/wp\/v2\/product_tag?post=1009828"}],"curies":[{"name":"wp","href":"https:\/\/api.w.org\/{rel}","templated":true}]}}