{"id":1009793,"date":"2024-06-17T14:05:27","date_gmt":"2024-06-17T06:05:27","guid":{"rendered":"https:\/\/vimaterial.de\/product\/fluorure-de-sodium-2\/"},"modified":"2024-11-13T10:59:50","modified_gmt":"2024-11-13T02:59:50","slug":"fluorure-de-sodium-2","status":"publish","type":"product","link":"https:\/\/vimaterial.de\/fr\/product\/fluorure-de-sodium-2\/","title":{"rendered":"Fluorure de sodium"},"content":{"rendered":"<p>Le fluorure de sodium (NaF) est un compos\u00e9 inorganique de formule NaF. C\u2019est un solide incolore ou blanc qui est facilement soluble dans l\u2019eau. C\u2019est une source courante de fluorure dans la production de produits pharmaceutiques et est utilis\u00e9 pour pr\u00e9venir les caries dentaires.<\/p>\n<h2><span style=\"font-size: 14pt;\">Propri\u00e9t\u00e9s physiques&nbsp;:<\/span><\/h2>\n<p>Formule chimique&nbsp;: NaF<\/p>\n<p>Masse molaire&nbsp;:41.988173 g\/mol<\/p>\n<p>Apparence&nbsp;: Solide blanc \u00e0 verd\u00e2tre<\/p>\n<p>Odeur&nbsp;:inodore<\/p>\n<p>Densit\u00e9&nbsp;:2.558 g\/cm3<\/p>\n<p>Point de fusion :993 \u00b0C (1 819 \u00b0F&nbsp;; 1 266 K)<\/p>\n<p>Point d\u2019\u00e9bullition :1 704 \u00b0C (3 099 \u00b0F&nbsp;; 1 977 K)<\/p>\n<p>Solubilit\u00e9 dans l\u2019eau :36,4 g\/L (0 \u00b0C)&nbsp;;\/40,4 g\/L (20 \u00b0C)&nbsp;;\/50,5 g\/L (100 \u00b0C)<\/p>\n<p>Solubilit\u00e9 : l\u00e9g\u00e8rement soluble dans le HF, ammoniac n\u00e9gligeable dans l\u2019alcool, l\u2019ac\u00e9tone, le SO2, le dim\u00e9thylformamide<\/p>\n<h2><span style=\"font-size: 14pt;\">Applications:<\/span><\/h2>\n<p>Sant\u00e9 dentaire : Le fluorure de sodium est bien connu pour son r\u00f4le dans les produits dentaires, tels que le dentifrice et les rince-bouche, en raison de sa capacit\u00e9 \u00e0 aider \u00e0 r\u00e9duire la carie dentaire et \u00e0 renforcer l\u2019\u00e9mail. Il est \u00e9galement utilis\u00e9 dans les programmes de fluoration de l\u2019eau pour pr\u00e9venir les caries au niveau communautaire. Traitement de l\u2019eau : En plus de la fluoration, le fluorure de sodium est parfois utilis\u00e9 pour \u00e9liminer certains m\u00e9taux de l\u2019eau, car il peut se lier aux ions m\u00e9talliques. Fabrication chimique : Le fluorure de sodium est utilis\u00e9 dans la synth\u00e8se d\u2019autres compos\u00e9s fluor\u00e9s et dans les processus de gravure et de polissage chimiques, en particulier pour le verre et la c\u00e9ramique. M\u00e9tallurgie : Il sert de flux dans la production d\u2019aluminium et d\u2019autres m\u00e9taux, r\u00e9duisant les points de fusion et am\u00e9liorant l\u2019\u00e9coulement du m\u00e9tal en fusion. Pesticides et insecticides : Le NaF est utilis\u00e9 dans certains produits antiparasitaires, car les ions fluorure sont toxiques pour les insectes et autres parasites. Pr\u00e9servation du bois : Le fluorure de sodium peut \u00eatre utilis\u00e9 comme produit de pr\u00e9servation du bois, aidant \u00e0 prot\u00e9ger contre la pourriture et les infestations de parasites. <\/p>\n<h2><span style=\"font-size: 14pt;\">Consid\u00e9rations de s\u00e9curit\u00e9 :<\/span><\/h2>\n<p>Toxicit\u00e9&nbsp;: Le fluorure de sodium est toxique en grandes quantit\u00e9s. Bien qu\u2019il soit sans danger \u00e0 de faibles concentrations, comme dans les produits dentaires ou l\u2019eau potable, des concentrations plus \u00e9lev\u00e9es peuvent \u00eatre nocives en cas d\u2019ingestion, provoquant des sympt\u00f4mes tels que des naus\u00e9es, des douleurs abdominales et, dans les cas graves, m\u00eame des effets neurologiques. Manipulation et entreposage : Le fluorure de sodium doit \u00eatre manipul\u00e9 avec soin, en \u00e9vitant l\u2019inhalation de poussi\u00e8re ou l\u2019ingestion. L\u2019\u00e9quipement de protection individuelle (EPI) est recommand\u00e9 et doit \u00eatre stock\u00e9 dans un endroit frais et sec, \u00e0 l\u2019abri des acides. <\/p>\n","protected":false},"excerpt":{"rendered":"<p>Le fluorure de sodium (NaF) est un compos\u00e9 inorganique de formule NaF. C\u2019est un solide incolore ou blanc qui est facilement soluble dans l\u2019eau. C\u2019est une source courante de fluorure dans la production de produits pharmaceutiques et est utilis\u00e9 pour pr\u00e9venir les caries dentaires. Propri\u00e9t\u00e9s physiques&nbsp;: Formule chimique&nbsp;: NaF Masse molaire&nbsp;:41.988173 g\/mol Apparence&nbsp;: Solide blanc [&hellip;]<\/p>\n","protected":false},"featured_media":999296,"comment_status":"open","ping_status":"closed","template":"","meta":{"_acf_changed":false},"product_brand":[],"product_cat":[239],"product_tag":[],"class_list":{"0":"post-1009793","1":"product","2":"type-product","3":"status-publish","4":"has-post-thumbnail","6":"product_cat-materiaux-halogenes","8":"first","9":"instock","10":"shipping-taxable","11":"purchasable","12":"product-type-variable"},"acf":[],"_links":{"self":[{"href":"https:\/\/vimaterial.de\/fr\/wp-json\/wp\/v2\/product\/1009793","targetHints":{"allow":["GET"]}}],"collection":[{"href":"https:\/\/vimaterial.de\/fr\/wp-json\/wp\/v2\/product"}],"about":[{"href":"https:\/\/vimaterial.de\/fr\/wp-json\/wp\/v2\/types\/product"}],"replies":[{"embeddable":true,"href":"https:\/\/vimaterial.de\/fr\/wp-json\/wp\/v2\/comments?post=1009793"}],"wp:featuredmedia":[{"embeddable":true,"href":"https:\/\/vimaterial.de\/fr\/wp-json\/wp\/v2\/media\/999296"}],"wp:attachment":[{"href":"https:\/\/vimaterial.de\/fr\/wp-json\/wp\/v2\/media?parent=1009793"}],"wp:term":[{"taxonomy":"product_brand","embeddable":true,"href":"https:\/\/vimaterial.de\/fr\/wp-json\/wp\/v2\/product_brand?post=1009793"},{"taxonomy":"product_cat","embeddable":true,"href":"https:\/\/vimaterial.de\/fr\/wp-json\/wp\/v2\/product_cat?post=1009793"},{"taxonomy":"product_tag","embeddable":true,"href":"https:\/\/vimaterial.de\/fr\/wp-json\/wp\/v2\/product_tag?post=1009793"}],"curies":[{"name":"wp","href":"https:\/\/api.w.org\/{rel}","templated":true}]}}