{"id":1009771,"date":"2024-06-17T14:05:28","date_gmt":"2024-06-17T06:05:28","guid":{"rendered":"https:\/\/vimaterial.de\/product\/fluorure-de-sodium\/"},"modified":"2024-11-13T14:12:45","modified_gmt":"2024-11-13T06:12:45","slug":"fluorure-de-sodium","status":"publish","type":"product","link":"https:\/\/vimaterial.de\/fr\/product\/fluorure-de-sodium\/","title":{"rendered":"Fluorure de sodium"},"content":{"rendered":"<p>La cible de pulv\u00e9risation de fluorure de sodium est une forme sp\u00e9cialis\u00e9e de fluorure de sodium utilis\u00e9e dans les techniques de d\u00e9p\u00f4t de couches minces, telles que le d\u00e9p\u00f4t physique en phase vapeur (PVD) et la pulv\u00e9risation, pour cr\u00e9er des rev\u00eatements uniformes de haute puret\u00e9 sur divers substrats. Cette cible permet le d\u00e9p\u00f4t pr\u00e9cis de fluorure de sodium dans des applications n\u00e9cessitant des rev\u00eatements optiques, \u00e9lectroniques ou protecteurs. <\/p>\n<h2><span style=\"font-size: 14pt;\">Propri\u00e9t\u00e9s physiques&nbsp;:<\/span><\/h2>\n<p>Formule : NaF Poids mol\u00e9culaire : 41,99 g\/mol Apparence : La cible se pr\u00e9sente g\u00e9n\u00e9ralement sous la forme d\u2019un solide dense et blanc, g\u00e9n\u00e9ralement sous la forme d\u2019un disque circulaire ou rectangulaire, pr\u00e9par\u00e9 pour \u00eatre mont\u00e9 dans un \u00e9quipement de pulv\u00e9risation. Puret\u00e9 : Des niveaux de puret\u00e9 \u00e9lev\u00e9s, souvent de 99,9 % ou plus, sont n\u00e9cessaires pour les cibles de pulv\u00e9risation afin de garantir la qualit\u00e9 et la consistance des films d\u00e9pos\u00e9s. Densit\u00e9 : Environ 2,558 g\/cm\u00b3, ce qui garantit la durabilit\u00e9 pendant le processus de pulv\u00e9risation. Propri\u00e9t\u00e9s thermiques : Le fluorure de sodium a un point de fusion d\u2019environ 993 \u00b0C (1 819 \u00b0F), ce qui convient aux conditions de pulv\u00e9risation \u00e0 haute temp\u00e9rature.<\/p>\n<h2><span style=\"font-size: 14pt;\">Applications:<\/span><\/h2>\n<p>Rev\u00eatements optiques : Les cibles de pulv\u00e9risation de fluorure de sodium sont largement utilis\u00e9es pour d\u00e9poser des films minces pour les rev\u00eatements optiques en raison de leur transparence dans les r\u00e9gions ultraviolettes (UV) et infrarouges (IR). Ces rev\u00eatements sont souvent appliqu\u00e9s sur les lentilles, les miroirs et autres dispositifs optiques pour am\u00e9liorer les performances et contr\u00f4ler la transmission de la lumi\u00e8re. Semi-conducteurs et composants \u00e9lectroniques : Les cibles de pulv\u00e9risation de fluorure de sodium sont parfois appliqu\u00e9es dans la fabrication de semi-conducteurs et sur les composants \u00e9lectroniques pour modifier les propri\u00e9t\u00e9s de surface ou fournir des couches isolantes. Rev\u00eatements protecteurs et antireflets : Les cibles de pulv\u00e9risation au fluorure de sodium sont utilis\u00e9es dans les rev\u00eatements protecteurs qui r\u00e9sistent \u00e0 l\u2019humidit\u00e9, aux produits chimiques et \u00e0 d\u2019autres facteurs environnementaux, ce qui les rend id\u00e9ales pour les applications dans des environnements difficiles ou r\u00e9actifs. Recherche et d\u00e9veloppement : Les cibles de pulv\u00e9risation de fluorure de sodium sont utilis\u00e9es en R&amp;D pour la science des mat\u00e9riaux et la technologie des couches minces, permettant des rev\u00eatements exp\u00e9rimentaux pour le d\u00e9veloppement de nouveaux produits et l\u2019analyse des propri\u00e9t\u00e9s des films de fluorure de sodium. <\/p>\n<h2><span style=\"font-size: 14pt;\">S\u00e9curit\u00e9 et manipulation :<\/span><\/h2>\n<p>\u00c9quipement de protection : La manipulation des cibles de fluorure de sodium n\u00e9cessite un \u00e9quipement de protection appropri\u00e9, car la poussi\u00e8re de fluorure de sodium peut \u00eatre toxique si elle est inhal\u00e9e ou ing\u00e9r\u00e9e. Il est recommand\u00e9 de porter des lunettes de s\u00e9curit\u00e9, des gants et des masques. Stockage&nbsp;: Stocker dans un endroit sec et frais, \u00e0 l\u2019abri de l\u2019humidit\u00e9 et des mat\u00e9riaux incompatibles comme les acides forts pour \u00e9viter les probl\u00e8mes de d\u00e9composition ou de r\u00e9activit\u00e9. <\/p>\n<p>&nbsp;<\/p>\n","protected":false},"excerpt":{"rendered":"<p>La cible de pulv\u00e9risation de fluorure de sodium est une forme sp\u00e9cialis\u00e9e de fluorure de sodium utilis\u00e9e dans les techniques de d\u00e9p\u00f4t de couches minces, telles que le d\u00e9p\u00f4t physique en phase vapeur (PVD) et la pulv\u00e9risation, pour cr\u00e9er des rev\u00eatements uniformes de haute puret\u00e9 sur divers substrats. Cette cible permet le d\u00e9p\u00f4t pr\u00e9cis de [&hellip;]<\/p>\n","protected":false},"featured_media":999304,"comment_status":"open","ping_status":"closed","template":"","meta":{"_acf_changed":false},"product_brand":[],"product_cat":[235],"product_tag":[],"class_list":{"0":"post-1009771","1":"product","2":"type-product","3":"status-publish","4":"has-post-thumbnail","6":"product_cat-cibles-de-pulverisation-planaire","8":"first","9":"instock","10":"shipping-taxable","11":"product-type-variable"},"acf":[],"_links":{"self":[{"href":"https:\/\/vimaterial.de\/fr\/wp-json\/wp\/v2\/product\/1009771","targetHints":{"allow":["GET"]}}],"collection":[{"href":"https:\/\/vimaterial.de\/fr\/wp-json\/wp\/v2\/product"}],"about":[{"href":"https:\/\/vimaterial.de\/fr\/wp-json\/wp\/v2\/types\/product"}],"replies":[{"embeddable":true,"href":"https:\/\/vimaterial.de\/fr\/wp-json\/wp\/v2\/comments?post=1009771"}],"wp:featuredmedia":[{"embeddable":true,"href":"https:\/\/vimaterial.de\/fr\/wp-json\/wp\/v2\/media\/999304"}],"wp:attachment":[{"href":"https:\/\/vimaterial.de\/fr\/wp-json\/wp\/v2\/media?parent=1009771"}],"wp:term":[{"taxonomy":"product_brand","embeddable":true,"href":"https:\/\/vimaterial.de\/fr\/wp-json\/wp\/v2\/product_brand?post=1009771"},{"taxonomy":"product_cat","embeddable":true,"href":"https:\/\/vimaterial.de\/fr\/wp-json\/wp\/v2\/product_cat?post=1009771"},{"taxonomy":"product_tag","embeddable":true,"href":"https:\/\/vimaterial.de\/fr\/wp-json\/wp\/v2\/product_tag?post=1009771"}],"curies":[{"name":"wp","href":"https:\/\/api.w.org\/{rel}","templated":true}]}}