{"id":1009746,"date":"2024-06-17T14:05:36","date_gmt":"2024-06-17T06:05:36","guid":{"rendered":"https:\/\/vimaterial.de\/product\/magnesium-metal-5\/"},"modified":"2024-11-13T14:55:13","modified_gmt":"2024-11-13T06:55:13","slug":"magnesium-metal-5","status":"publish","type":"product","link":"https:\/\/vimaterial.de\/fr\/product\/magnesium-metal-5\/","title":{"rendered":"Magn\u00e9sium m\u00e9tal"},"content":{"rendered":"<p>Les granul\u00e9s de magn\u00e9sium sont des formes compactes, cylindriques ou rondes de magn\u00e9sium m\u00e9tallique, con\u00e7ues pour fournir une quantit\u00e9 contr\u00f4l\u00e9e de magn\u00e9sium dans diverses applications. Ces granul\u00e9s sont couramment utilis\u00e9s dans les processus m\u00e9tallurgiques, chimiques et industriels en raison de leur taille et de leur forme uniformes, offrant une manipulation pratique et des taux de r\u00e9action constants. <\/p>\n<h2><span style=\"font-size: 14pt;\">Propri\u00e9t\u00e9s physiques&nbsp;:<\/span><\/h2>\n<p>Formule&nbsp;: Mg Num\u00e9ro atomique&nbsp;: 12 Apparence&nbsp;: Les granul\u00e9s de magn\u00e9sium sont m\u00e9talliques, avec une couleur gris argent\u00e9 brillant. Taille et forme : G\u00e9n\u00e9ralement form\u00e9 en petits cylindres ou sph\u00e8res uniformes, qui sont plus faciles \u00e0 manipuler et \u00e0 mesurer que les granul\u00e9s irr\u00e9guliers ou la poudre. Densit\u00e9 : Environ 1,74 g\/cm\u00b3, ce qui fait du magn\u00e9sium l\u2019un des m\u00e9taux les plus l\u00e9gers. Point de fusion : Environ 650 \u00b0C (1 202 \u00b0F), permettant une fusion contr\u00f4l\u00e9e dans les processus m\u00e9tallurgiques.<\/p>\n<h2><span style=\"font-size: 14pt;\">Applications:<\/span><\/h2>\n<p>M\u00e9tallurgie : Les pastilles de magn\u00e9sium sont souvent ajout\u00e9es au fer ou \u00e0 l\u2019acier en fusion pour \u00e9liminer le soufre et d\u2019autres impuret\u00e9s, am\u00e9liorant ainsi la qualit\u00e9 de l\u2019alliage final. Agent d\u2019alliage : Utilis\u00e9 dans la production d\u2019alliages l\u00e9gers d\u2019aluminium-magn\u00e9sium, qui sont essentiels dans les industries a\u00e9rospatiale et automobile. R\u00e9actions chimiques : En laboratoire et dans l\u2019industrie, les granul\u00e9s de magn\u00e9sium servent de forme pratique de magn\u00e9sium pour diverses r\u00e9actions, y compris celles qui g\u00e9n\u00e8rent de l\u2019hydrog\u00e8ne. Protection cathodique : Les granules de magn\u00e9sium peuvent agir comme une anode sacrificielle dans les syst\u00e8mes de protection contre la corrosion, en particulier dans les chauffe-eau et les canalisations.<\/p>\n<h2><span style=\"font-size: 14pt;\">S\u00e9curit\u00e9 et stockage :<\/span><\/h2>\n<p>Inflammable : Les granul\u00e9s de magn\u00e9sium sont inflammables, surtout \u00e0 haute temp\u00e9rature. Gardez-les \u00e0 l\u2019\u00e9cart des flammes et des sources de chaleur. Stockage&nbsp;: Conserver dans un r\u00e9cipient frais, sec et herm\u00e9tique pour \u00e9viter l\u2019oxydation et l\u2019exposition \u00e0 l\u2019humidit\u00e9. Pr\u00e9cautions de manipulation : Utilisez des gants pour \u00e9viter tout contact direct avec la peau, car les huiles et l\u2019humidit\u00e9 peuvent favoriser l\u2019oxydation. Dans les environnements industriels, utilisez des \u00e9quipements de s\u00e9curit\u00e9 pour manipuler de grandes quantit\u00e9s en toute s\u00e9curit\u00e9. <\/p>\n","protected":false},"excerpt":{"rendered":"<p>Les granul\u00e9s de magn\u00e9sium sont des formes compactes, cylindriques ou rondes de magn\u00e9sium m\u00e9tallique, con\u00e7ues pour fournir une quantit\u00e9 contr\u00f4l\u00e9e de magn\u00e9sium dans diverses applications. Ces granul\u00e9s sont couramment utilis\u00e9s dans les processus m\u00e9tallurgiques, chimiques et industriels en raison de leur taille et de leur forme uniformes, offrant une manipulation pratique et des taux de [&hellip;]<\/p>\n","protected":false},"featured_media":999328,"comment_status":"open","ping_status":"closed","template":"","meta":{"_acf_changed":false},"product_brand":[],"product_cat":[236],"product_tag":[],"class_list":{"0":"post-1009746","1":"product","2":"type-product","3":"status-publish","4":"has-post-thumbnail","6":"product_cat-materiaux-devaporation","8":"first","9":"instock","10":"shipping-taxable","11":"purchasable","12":"product-type-variable"},"acf":[],"_links":{"self":[{"href":"https:\/\/vimaterial.de\/fr\/wp-json\/wp\/v2\/product\/1009746","targetHints":{"allow":["GET"]}}],"collection":[{"href":"https:\/\/vimaterial.de\/fr\/wp-json\/wp\/v2\/product"}],"about":[{"href":"https:\/\/vimaterial.de\/fr\/wp-json\/wp\/v2\/types\/product"}],"replies":[{"embeddable":true,"href":"https:\/\/vimaterial.de\/fr\/wp-json\/wp\/v2\/comments?post=1009746"}],"wp:featuredmedia":[{"embeddable":true,"href":"https:\/\/vimaterial.de\/fr\/wp-json\/wp\/v2\/media\/999328"}],"wp:attachment":[{"href":"https:\/\/vimaterial.de\/fr\/wp-json\/wp\/v2\/media?parent=1009746"}],"wp:term":[{"taxonomy":"product_brand","embeddable":true,"href":"https:\/\/vimaterial.de\/fr\/wp-json\/wp\/v2\/product_brand?post=1009746"},{"taxonomy":"product_cat","embeddable":true,"href":"https:\/\/vimaterial.de\/fr\/wp-json\/wp\/v2\/product_cat?post=1009746"},{"taxonomy":"product_tag","embeddable":true,"href":"https:\/\/vimaterial.de\/fr\/wp-json\/wp\/v2\/product_tag?post=1009746"}],"curies":[{"name":"wp","href":"https:\/\/api.w.org\/{rel}","templated":true}]}}