{"id":1009727,"date":"2024-06-17T14:05:36","date_gmt":"2024-06-17T06:05:36","guid":{"rendered":"https:\/\/vimaterial.de\/product\/magnesium-metal-3\/"},"modified":"2024-11-13T14:49:58","modified_gmt":"2024-11-13T06:49:58","slug":"magnesium-metal-3","status":"publish","type":"product","link":"https:\/\/vimaterial.de\/fr\/product\/magnesium-metal-3\/","title":{"rendered":"Magn\u00e9sium m\u00e9tal"},"content":{"rendered":"<p>Les granules de magn\u00e9sium sont de petites particules de magn\u00e9sium m\u00e9tallique de forme irr\u00e9guli\u00e8re, souvent utilis\u00e9es pour leur grande r\u00e9activit\u00e9 et leurs propri\u00e9t\u00e9s l\u00e9g\u00e8res. Ces granul\u00e9s trouvent des applications dans les r\u00e9actions chimiques, la pyrotechnie, la m\u00e9tallurgie et la recherche, o\u00f9 des taux de r\u00e9action et une surface contr\u00f4l\u00e9s sont essentiels. <\/p>\n<h2><span style=\"font-size: 14pt;\">Propri\u00e9t\u00e9s physiques&nbsp;:<\/span><\/h2>\n<p>Formule&nbsp;: Mg Num\u00e9ro atomique&nbsp;: 12 Apparence&nbsp;: Les granules de magn\u00e9sium se pr\u00e9sentent sous forme de particules m\u00e9talliques brillantes de couleur gris argent\u00e9. Taille&nbsp;: G\u00e9n\u00e9ralement disponible dans des tailles allant de grains fins (microns) \u00e0 des granul\u00e9s plus gros, selon l\u2019application. Densit\u00e9 : Environ 1,74 g\/cm\u00b3, ce qui fait du magn\u00e9sium l\u2019un des mat\u00e9riaux m\u00e9talliques les plus l\u00e9gers. Point de fusion : Environ 650 \u00b0C (1 202 \u00b0F), ce qui lui permet de fondre relativement facilement par rapport \u00e0 d\u2019autres m\u00e9taux.<\/p>\n<h2><span style=\"font-size: 14pt;\">Applications:<\/span><\/h2>\n<p>Pyrotechnie et feux d\u2019artifice : Les granules de magn\u00e9sium sont utilis\u00e9s pour produire des \u00e9tincelles blanches brillantes et intenses dans les feux d\u2019artifice et les fus\u00e9es \u00e9clairantes. R\u00e9actions chimiques : Dans les laboratoires, ils sont couramment utilis\u00e9s comme agent r\u00e9ducteur dans les r\u00e9actions, o\u00f9 ils donnent des \u00e9lectrons \u00e0 d\u2019autres \u00e9l\u00e9ments ou compos\u00e9s. M\u00e9tallurgie : Les granul\u00e9s de magn\u00e9sium sont utilis\u00e9s pour \u00e9liminer les impuret\u00e9s soufr\u00e9es du fer et de l\u2019acier fondus et pour am\u00e9liorer les propri\u00e9t\u00e9s des alliages d\u2019aluminium. Production d\u2019hydrog\u00e8ne : La r\u00e9action du magn\u00e9sium avec l\u2019eau, en particulier dans des conditions acides ou chaudes, peut produire de l\u2019hydrog\u00e8ne gazeux, utile dans la recherche et la production chimique.<\/p>\n<h2><span style=\"font-size: 14pt;\">S\u00e9curit\u00e9 et stockage :<\/span><\/h2>\n<p>Inflammable : Les granules de magn\u00e9sium peuvent s\u2019enflammer facilement, en particulier sous forme de particules fines. Ils doivent \u00eatre tenus \u00e0 l\u2019\u00e9cart des sources de chaleur, des flammes et des \u00e9tincelles. Stockage&nbsp;: Stocker dans des r\u00e9cipients herm\u00e9tiques dans un endroit frais et sec, \u00e0 l\u2019abri des oxydants et de l\u2019humidit\u00e9, qui peuvent induire de la corrosion ou enflammer le mat\u00e9riau. Pr\u00e9cautions de manipulation : Utilisez un \u00e9quipement de protection pour \u00e9viter tout contact avec la peau et \u00e9vitez d\u2019inhaler la poussi\u00e8re g\u00e9n\u00e9r\u00e9e par la manipulation, car les fines particules de magn\u00e9sium peuvent \u00eatre dangereuses. <\/p>\n","protected":false},"excerpt":{"rendered":"<p>Les granules de magn\u00e9sium sont de petites particules de magn\u00e9sium m\u00e9tallique de forme irr\u00e9guli\u00e8re, souvent utilis\u00e9es pour leur grande r\u00e9activit\u00e9 et leurs propri\u00e9t\u00e9s l\u00e9g\u00e8res. Ces granul\u00e9s trouvent des applications dans les r\u00e9actions chimiques, la pyrotechnie, la m\u00e9tallurgie et la recherche, o\u00f9 des taux de r\u00e9action et une surface contr\u00f4l\u00e9s sont essentiels. Propri\u00e9t\u00e9s physiques&nbsp;: Formule&nbsp;: Mg [&hellip;]<\/p>\n","protected":false},"featured_media":999328,"comment_status":"open","ping_status":"closed","template":"","meta":{"_acf_changed":false},"product_brand":[],"product_cat":[236],"product_tag":[],"class_list":{"0":"post-1009727","1":"product","2":"type-product","3":"status-publish","4":"has-post-thumbnail","6":"product_cat-materiaux-devaporation","8":"first","9":"instock","10":"shipping-taxable","11":"purchasable","12":"product-type-variable"},"acf":[],"_links":{"self":[{"href":"https:\/\/vimaterial.de\/fr\/wp-json\/wp\/v2\/product\/1009727","targetHints":{"allow":["GET"]}}],"collection":[{"href":"https:\/\/vimaterial.de\/fr\/wp-json\/wp\/v2\/product"}],"about":[{"href":"https:\/\/vimaterial.de\/fr\/wp-json\/wp\/v2\/types\/product"}],"replies":[{"embeddable":true,"href":"https:\/\/vimaterial.de\/fr\/wp-json\/wp\/v2\/comments?post=1009727"}],"wp:featuredmedia":[{"embeddable":true,"href":"https:\/\/vimaterial.de\/fr\/wp-json\/wp\/v2\/media\/999328"}],"wp:attachment":[{"href":"https:\/\/vimaterial.de\/fr\/wp-json\/wp\/v2\/media?parent=1009727"}],"wp:term":[{"taxonomy":"product_brand","embeddable":true,"href":"https:\/\/vimaterial.de\/fr\/wp-json\/wp\/v2\/product_brand?post=1009727"},{"taxonomy":"product_cat","embeddable":true,"href":"https:\/\/vimaterial.de\/fr\/wp-json\/wp\/v2\/product_cat?post=1009727"},{"taxonomy":"product_tag","embeddable":true,"href":"https:\/\/vimaterial.de\/fr\/wp-json\/wp\/v2\/product_tag?post=1009727"}],"curies":[{"name":"wp","href":"https:\/\/api.w.org\/{rel}","templated":true}]}}