{"id":1009709,"date":"2024-06-17T14:05:36","date_gmt":"2024-06-17T06:05:36","guid":{"rendered":"https:\/\/vimaterial.de\/product\/magnesium-metal\/"},"modified":"2024-11-13T14:43:16","modified_gmt":"2024-11-13T06:43:16","slug":"magnesium-metal","status":"publish","type":"product","link":"https:\/\/vimaterial.de\/fr\/product\/magnesium-metal\/","title":{"rendered":"Magn\u00e9sium m\u00e9tal"},"content":{"rendered":"<p>La feuille m\u00e9tallique de magn\u00e9sium est une couche mince et flexible de magn\u00e9sium qui est appr\u00e9ci\u00e9e pour sa l\u00e9g\u00e8ret\u00e9, son rapport r\u00e9sistance\/poids \u00e9lev\u00e9 et son excellente usinabilit\u00e9. La feuille de magn\u00e9sium est utilis\u00e9e dans diverses industries, notamment l\u2019a\u00e9rospatiale, l\u2019\u00e9lectronique, le traitement chimique et la recherche. Il est g\u00e9n\u00e9ralement disponible en diff\u00e9rentes \u00e9paisseurs, en fonction des exigences de l\u2019application.  <\/p>\n<h2><span style=\"font-size: 14pt;\">Propri\u00e9t\u00e9s physiques&nbsp;:<\/span><\/h2>\n<p>Formule : Mg Num\u00e9ro atomique : 12 Apparence : La feuille de magn\u00e9sium m\u00e9tallique se pr\u00e9sente sous la forme d\u2019un m\u00e9tal blanc argent\u00e9 et brillant. Densit\u00e9 : Environ 1,74 g\/cm\u00b3, ce qui en fait l\u2019un des m\u00e9taux de construction les plus l\u00e9gers. Point de fusion : 650 \u00b0C (1 202 \u00b0F), ce qui est relativement faible par rapport aux autres m\u00e9taux structurels. \u00c9paisseur : La feuille de magn\u00e9sium est g\u00e9n\u00e9ralement disponible dans des formats ultra-minces, allant de quelques microm\u00e8tres \u00e0 quelques millim\u00e8tres d\u2019\u00e9paisseur.<\/p>\n<h2><span style=\"font-size: 14pt;\">Applications:<\/span><\/h2>\n<p>A\u00e9rospatiale et automobile : Le faible poids de la feuille m\u00e9tallique de magn\u00e9sium la rend adapt\u00e9e aux composants a\u00e9rospatiaux et automobiles o\u00f9 la r\u00e9duction de poids est essentielle. \u00c9lectronique : Utilis\u00e9 dans les batteries, en particulier dans les batteries magn\u00e9sium-air et autres batteries m\u00e9tal-air, comme mat\u00e9riau d\u2019anode l\u00e9ger. Recherche et traitement chimiques : La feuille m\u00e9tallique de magn\u00e9sium est utilis\u00e9e dans les laboratoires de recherche pour les exp\u00e9riences impliquant des r\u00e9actions au magn\u00e9sium, car elle fournit une surface contr\u00f4l\u00e9e pour les \u00e9tudes de r\u00e9action. Biom\u00e9dical : Dans certains cas, le magn\u00e9sium est utilis\u00e9 pour les implants biod\u00e9gradables ; Cependant, son utilisation sous forme de feuille est plus limit\u00e9e dans les domaines biom\u00e9dicaux. Pyrotechnie : La haute r\u00e9activit\u00e9 de la feuille de magn\u00e9sium avec l\u2019oxyg\u00e8ne la rend utile dans la pyrotechnie et la poudre flash, car elle s\u2019enflamme facilement et br\u00fble vivement.<\/p>\n<h2><span style=\"font-size: 14pt;\">S\u00e9curit\u00e9 et stockage :<\/span><\/h2>\n<p>Inflammable : Une extr\u00eame prudence est requise en raison de l\u2019inflammabilit\u00e9 du magn\u00e9sium. \u00c9vitez les temp\u00e9ratures \u00e9lev\u00e9es, les flammes nues et les \u00e9tincelles lors de la manipulation du papier d\u2019aluminium. Stockage&nbsp;: Stocker dans un endroit sec, frais et bien ventil\u00e9, \u00e0 l\u2019abri des oxydants et des sources d\u2019humidit\u00e9. Il doit \u00eatre conserv\u00e9 dans des r\u00e9cipients herm\u00e9tiques pour minimiser l\u2019oxydation. Pr\u00e9cautions de manipulation : Manipuler avec des gants pour \u00e9viter la contamination, car les huiles de la peau peuvent contribuer \u00e0 l\u2019oxydation. <\/p>\n","protected":false},"excerpt":{"rendered":"<p>La feuille m\u00e9tallique de magn\u00e9sium est une couche mince et flexible de magn\u00e9sium qui est appr\u00e9ci\u00e9e pour sa l\u00e9g\u00e8ret\u00e9, son rapport r\u00e9sistance\/poids \u00e9lev\u00e9 et son excellente usinabilit\u00e9. La feuille de magn\u00e9sium est utilis\u00e9e dans diverses industries, notamment l\u2019a\u00e9rospatiale, l\u2019\u00e9lectronique, le traitement chimique et la recherche. Il est g\u00e9n\u00e9ralement disponible en diff\u00e9rentes \u00e9paisseurs, en fonction des [&hellip;]<\/p>\n","protected":false},"featured_media":999345,"comment_status":"open","ping_status":"closed","template":"","meta":{"_acf_changed":false},"product_brand":[],"product_cat":[245],"product_tag":[],"class_list":{"0":"post-1009709","1":"product","2":"type-product","3":"status-publish","4":"has-post-thumbnail","6":"product_cat-profil-fr","8":"first","9":"instock","10":"shipping-taxable","11":"purchasable","12":"product-type-variable"},"acf":[],"_links":{"self":[{"href":"https:\/\/vimaterial.de\/fr\/wp-json\/wp\/v2\/product\/1009709","targetHints":{"allow":["GET"]}}],"collection":[{"href":"https:\/\/vimaterial.de\/fr\/wp-json\/wp\/v2\/product"}],"about":[{"href":"https:\/\/vimaterial.de\/fr\/wp-json\/wp\/v2\/types\/product"}],"replies":[{"embeddable":true,"href":"https:\/\/vimaterial.de\/fr\/wp-json\/wp\/v2\/comments?post=1009709"}],"wp:featuredmedia":[{"embeddable":true,"href":"https:\/\/vimaterial.de\/fr\/wp-json\/wp\/v2\/media\/999345"}],"wp:attachment":[{"href":"https:\/\/vimaterial.de\/fr\/wp-json\/wp\/v2\/media?parent=1009709"}],"wp:term":[{"taxonomy":"product_brand","embeddable":true,"href":"https:\/\/vimaterial.de\/fr\/wp-json\/wp\/v2\/product_brand?post=1009709"},{"taxonomy":"product_cat","embeddable":true,"href":"https:\/\/vimaterial.de\/fr\/wp-json\/wp\/v2\/product_cat?post=1009709"},{"taxonomy":"product_tag","embeddable":true,"href":"https:\/\/vimaterial.de\/fr\/wp-json\/wp\/v2\/product_tag?post=1009709"}],"curies":[{"name":"wp","href":"https:\/\/api.w.org\/{rel}","templated":true}]}}