{"id":1009592,"date":"2024-06-17T14:08:11","date_gmt":"2024-06-17T06:08:11","guid":{"rendered":"https:\/\/vimaterial.de\/product\/nitrure-de-magnesium\/"},"modified":"2024-11-13T17:37:30","modified_gmt":"2024-11-13T09:37:30","slug":"nitrure-de-magnesium","status":"publish","type":"product","link":"https:\/\/vimaterial.de\/fr\/product\/nitrure-de-magnesium\/","title":{"rendered":"Nitrure de magn\u00e9sium"},"content":{"rendered":"<p>Le nitrure de magn\u00e9sium, qui poss\u00e8de la formule chimique Mg3N2, est un compos\u00e9 inorganique de magn\u00e9sium et d\u2019azote. \u00c0 temp\u00e9rature et pression ambiantes, il s\u2019agit d\u2019une poudre jaune verd\u00e2tre.<\/p>\n<h2><span style=\"font-size: 14pt;\">Propri\u00e9t\u00e9s physiques<\/span><\/h2>\n<p>Formule chimique&nbsp;: Mg3N2<\/p>\n<p>Masse molaire : 100,9494 g\/mol<\/p>\n<p>Apparence&nbsp;:poudre jaune verd\u00e2tre<\/p>\n<p>Densit\u00e9&nbsp;:2.712 g\/cm3<\/p>\n<p>Point de fusion : env. 1500\u00b0C<\/p>\n<h2><span style=\"font-size: 14pt;\">Applications<\/span><\/h2>\n<p>Le nitrure de magn\u00e9sium a \u00e9t\u00e9 le catalyseur de la premi\u00e8re synth\u00e8se pratique du borazon (nitrure de bore cubique).<\/p>\n<p>Robert H. Wentorf, Jr. essayait de convertir la forme hexagonale du nitrure de bore en forme cubique par une combinaison de chaleur, de pression et d\u2019un catalyseur. Il avait d\u00e9j\u00e0 essay\u00e9 tous les catalyseurs logiques (par exemple, ceux qui catalysent la synth\u00e8se du diamant), mais sans succ\u00e8s.<\/p>\n<p>Par d\u00e9sespoir et curiosit\u00e9 (il l\u2019a appel\u00e9e l\u2019approche \u00ab faire le maximum d\u2019erreurs \u00bb[6]), il a ajout\u00e9 un fil de magn\u00e9sium au nitrure de bore hexagonal et lui a donn\u00e9 la m\u00eame pression et le m\u00eame traitement thermique. Lorsqu\u2019il a examin\u00e9 le fil au microscope, il a trouv\u00e9 de minuscules bosses sombres accroch\u00e9es \u00e0 celui-ci. Ces morceaux pouvaient rayer un bloc poli de carbure de bore, ce que seul le diamant \u00e9tait connu pour faire.<\/p>\n<p>De l\u2019odeur de l\u2019ammoniac, caus\u00e9e par la r\u00e9action du nitrure de magn\u00e9sium avec l\u2019humidit\u00e9 de l\u2019air, il a d\u00e9duit que le magn\u00e9sium m\u00e9tal avait r\u00e9agi avec le nitrure de bore pour former du nitrure de magn\u00e9sium, qui \u00e9tait le v\u00e9ritable catalyseur.<\/p>\n<p>Lors de l\u2019isolement de l\u2019argon, William Ramsay a pass\u00e9 de l\u2019air sec sur du cuivre pour \u00e9liminer l\u2019oxyg\u00e8ne et sur du magn\u00e9sium pour \u00e9liminer l\u2019azote, formant ainsi du nitrure de magn\u00e9sium.<\/p>\n","protected":false},"excerpt":{"rendered":"<p>Le nitrure de magn\u00e9sium, qui poss\u00e8de la formule chimique Mg3N2, est un compos\u00e9 inorganique de magn\u00e9sium et d\u2019azote. \u00c0 temp\u00e9rature et pression ambiantes, il s\u2019agit d\u2019une poudre jaune verd\u00e2tre. Propri\u00e9t\u00e9s physiques Formule chimique&nbsp;: Mg3N2 Masse molaire : 100,9494 g\/mol Apparence&nbsp;:poudre jaune verd\u00e2tre Densit\u00e9&nbsp;:2.712 g\/cm3 Point de fusion : env. 1500\u00b0C Applications Le nitrure de magn\u00e9sium [&hellip;]<\/p>\n","protected":false},"featured_media":999434,"comment_status":"open","ping_status":"closed","template":"","meta":{"_acf_changed":false},"product_brand":[],"product_cat":[240],"product_tag":[],"class_list":{"0":"post-1009592","1":"product","2":"type-product","3":"status-publish","4":"has-post-thumbnail","6":"product_cat-materiaux-c-n-b-si","8":"first","9":"instock","10":"shipping-taxable","11":"purchasable","12":"product-type-variable"},"acf":[],"_links":{"self":[{"href":"https:\/\/vimaterial.de\/fr\/wp-json\/wp\/v2\/product\/1009592","targetHints":{"allow":["GET"]}}],"collection":[{"href":"https:\/\/vimaterial.de\/fr\/wp-json\/wp\/v2\/product"}],"about":[{"href":"https:\/\/vimaterial.de\/fr\/wp-json\/wp\/v2\/types\/product"}],"replies":[{"embeddable":true,"href":"https:\/\/vimaterial.de\/fr\/wp-json\/wp\/v2\/comments?post=1009592"}],"wp:featuredmedia":[{"embeddable":true,"href":"https:\/\/vimaterial.de\/fr\/wp-json\/wp\/v2\/media\/999434"}],"wp:attachment":[{"href":"https:\/\/vimaterial.de\/fr\/wp-json\/wp\/v2\/media?parent=1009592"}],"wp:term":[{"taxonomy":"product_brand","embeddable":true,"href":"https:\/\/vimaterial.de\/fr\/wp-json\/wp\/v2\/product_brand?post=1009592"},{"taxonomy":"product_cat","embeddable":true,"href":"https:\/\/vimaterial.de\/fr\/wp-json\/wp\/v2\/product_cat?post=1009592"},{"taxonomy":"product_tag","embeddable":true,"href":"https:\/\/vimaterial.de\/fr\/wp-json\/wp\/v2\/product_tag?post=1009592"}],"curies":[{"name":"wp","href":"https:\/\/api.w.org\/{rel}","templated":true}]}}