{"id":1009549,"date":"2024-06-17T14:08:41","date_gmt":"2024-06-17T06:08:41","guid":{"rendered":"https:\/\/vimaterial.de\/product\/borure-de-magnesium\/"},"modified":"2024-11-13T17:27:52","modified_gmt":"2024-11-13T09:27:52","slug":"borure-de-magnesium","status":"publish","type":"product","link":"https:\/\/vimaterial.de\/fr\/product\/borure-de-magnesium\/","title":{"rendered":"Borure de magn\u00e9sium"},"content":{"rendered":"<p>Le borure de magn\u00e9sium est le compos\u00e9 inorganique de formule MgB2. Il s\u2019agit d\u2019un solide gris fonc\u00e9, insoluble dans l\u2019eau, la structure cristalline appartient au syst\u00e8me hexagonal. Il s\u2019agit d\u2019un compos\u00e9 intercalaire avec des couches altern\u00e9es de magn\u00e9sium et de bore.<\/p>\n<p>MgB2 est un supraconducteur multibande, c\u2019est-\u00e0-dire que chaque surface de Fermi a un \u00e9cart d\u2019\u00e9nergie supraconducteur diff\u00e9rent. Pour MgB2, la liaison sigma du bore est forte et induit un grand \u00e9cart supraconducteur d\u2019onde S, et la liaison pi est faible et induit un petit \u00e9cart d\u2019onde S. Les \u00e9tats quasi-particulaires des vortex de grand espace sont fortement confin\u00e9s au noyau du vortex. D\u2019autre part, les \u00e9tats quasi-particulaires de petit espace sont faiblement li\u00e9s au noyau du vortex. Ainsi, ils peuvent \u00eatre d\u00e9localis\u00e9s et se chevaucher facilement entre des vortex adjacents. Une telle d\u00e9localisation peut fortement contribuer \u00e0 la conductivit\u00e9 thermique, qui montre une augmentation brutale au-dessus de Hc1.<\/p>\n<h2><span style=\"font-size: 14pt;\">Propri\u00e9t\u00e9s physiques<\/span><\/h2>\n<p>Formule chimique&nbsp;: MgB2<\/p>\n<p>Densit\u00e9 2,57 g\/cm3<\/p>\n<p>Masse molaire 45,93 g\/mol<\/p>\n<p>Structure cristalline : Hexagonale, hP3<\/p>\n<p>Point de fusion 830 \u00b0C (1 530 \u00b0F&nbsp;; 1 100 K) (se d\u00e9compose)<\/p>\n<p>Groupe d\u2019espaces&nbsp;:P6\/mmm, n\u00b0 191<\/p>\n<h2><span style=\"font-size: 14pt;\">Applications<\/span><\/h2>\n<h3><span style=\"font-size: 12pt;\">1. Supraconducteurs<\/span><\/h3>\n<p>Ses propri\u00e9t\u00e9s supraconductrices et son faible co\u00fbt rendent le borure de magn\u00e9sium attrayant pour une vari\u00e9t\u00e9 d\u2019applications. Pour ces applications, la poudre de borure de magn\u00e9sium est compress\u00e9e avec de l\u2019argent m\u00e9tallique (ou de l\u2019acier inoxydable 316) en fil et parfois en ruban adh\u00e9sif via le proc\u00e9d\u00e9 PIT. <\/p>\n<h3><span style=\"font-size: 12pt;\">2. Propulseurs, explosifs, pyrotechnie<\/span><\/h3>\n<p>Contrairement au bore \u00e9l\u00e9mentaire dont la combustion est incompl\u00e8te \u00e0 travers la couche d\u2019oxyde vitreux emp\u00eachant la diffusion de l\u2019oxyg\u00e8ne, le borure de magn\u00e9sium br\u00fble compl\u00e8tement lorsqu\u2019il est enflamm\u00e9 dans l\u2019oxyg\u00e8ne ou en m\u00e9lange avec des oxydants. Ainsi, le borure de magn\u00e9sium a \u00e9t\u00e9 propos\u00e9 comme carburant dans les jets dynamiques. En outre, l\u2019utilisation du MgB2 dans les explosifs et les propergols am\u00e9lior\u00e9s a \u00e9t\u00e9 propos\u00e9e pour les m\u00eames raisons.<\/p>\n","protected":false},"excerpt":{"rendered":"<p>Le borure de magn\u00e9sium est le compos\u00e9 inorganique de formule MgB2. Il s\u2019agit d\u2019un solide gris fonc\u00e9, insoluble dans l\u2019eau, la structure cristalline appartient au syst\u00e8me hexagonal. Il s\u2019agit d\u2019un compos\u00e9 intercalaire avec des couches altern\u00e9es de magn\u00e9sium et de bore. MgB2 est un supraconducteur multibande, c\u2019est-\u00e0-dire que chaque surface de Fermi a un \u00e9cart [&hellip;]<\/p>\n","protected":false},"featured_media":999464,"comment_status":"open","ping_status":"closed","template":"","meta":{"_acf_changed":false},"product_brand":[],"product_cat":[240],"product_tag":[],"class_list":{"0":"post-1009549","1":"product","2":"type-product","3":"status-publish","4":"has-post-thumbnail","6":"product_cat-materiaux-c-n-b-si","8":"first","9":"instock","10":"shipping-taxable","11":"purchasable","12":"product-type-variable"},"acf":[],"_links":{"self":[{"href":"https:\/\/vimaterial.de\/fr\/wp-json\/wp\/v2\/product\/1009549","targetHints":{"allow":["GET"]}}],"collection":[{"href":"https:\/\/vimaterial.de\/fr\/wp-json\/wp\/v2\/product"}],"about":[{"href":"https:\/\/vimaterial.de\/fr\/wp-json\/wp\/v2\/types\/product"}],"replies":[{"embeddable":true,"href":"https:\/\/vimaterial.de\/fr\/wp-json\/wp\/v2\/comments?post=1009549"}],"wp:featuredmedia":[{"embeddable":true,"href":"https:\/\/vimaterial.de\/fr\/wp-json\/wp\/v2\/media\/999464"}],"wp:attachment":[{"href":"https:\/\/vimaterial.de\/fr\/wp-json\/wp\/v2\/media?parent=1009549"}],"wp:term":[{"taxonomy":"product_brand","embeddable":true,"href":"https:\/\/vimaterial.de\/fr\/wp-json\/wp\/v2\/product_brand?post=1009549"},{"taxonomy":"product_cat","embeddable":true,"href":"https:\/\/vimaterial.de\/fr\/wp-json\/wp\/v2\/product_cat?post=1009549"},{"taxonomy":"product_tag","embeddable":true,"href":"https:\/\/vimaterial.de\/fr\/wp-json\/wp\/v2\/product_tag?post=1009549"}],"curies":[{"name":"wp","href":"https:\/\/api.w.org\/{rel}","templated":true}]}}