{"id":1009539,"date":"2024-06-17T14:08:42","date_gmt":"2024-06-17T06:08:42","guid":{"rendered":"https:\/\/vimaterial.de\/product\/chlorure-de-magnesium\/"},"modified":"2024-11-13T17:58:30","modified_gmt":"2024-11-13T09:58:30","slug":"chlorure-de-magnesium","status":"publish","type":"product","link":"https:\/\/vimaterial.de\/fr\/product\/chlorure-de-magnesium\/","title":{"rendered":"Chlorure de magn\u00e9sium"},"content":{"rendered":"<p>Le chlorure de magn\u00e9sium est le nom du compos\u00e9 chimique de formule MgCl2 et de ses diff\u00e9rents hydrates MgCl2(H2O)x. Ces sels sont des halog\u00e9nures ioniques typiques, \u00e9tant tr\u00e8s solubles dans l\u2019eau.<\/p>\n<h2><span style=\"font-size: 14pt;\">Propri\u00e9t\u00e9s:<\/span><\/h2>\n<p>Formule chimique&nbsp;: MgCl2<\/p>\n<p>Masse molaire : 95,211 g\/mol (anhydre)\/203,31 g\/mol (hexahydrat\u00e9)<\/p>\n<p>Apparence&nbsp;:solide cristallin blanc ou incolore<\/p>\n<p>Densit\u00e9 : 2,32 g\/cm3 (anhydre)\/1,569 g\/cm3 (hexahydrat\u00e9)<\/p>\n<p>Point de fusion :714 \u00b0C (1 317 \u00b0F ; 987 K) 117 \u00b0C (243 \u00b0F ; 390 K) (hexahydrat\u00e9) \u00e0 chauffage rapide : un chauffage lent conduit \u00e0 la d\u00e9composition \u00e0 partir de 300 \u00b0C (572 \u00b0F ; 573 K)<\/p>\n<p>Point d\u2019\u00e9bullition :1 412 \u00b0C (2 574 \u00b0F&nbsp;; 1 685 K)<\/p>\n<p>Solubilit\u00e9 dans l\u2019eau : anhydre 52,9 g\/100 mL (0 \u00b0C)\/54,3 g\/100 mL (20 \u00b0C)\/72,6 g\/100 mL (100 \u00b0C)<\/p>\n<p>hexahydrate 235 g\/100 mL (20 \u00b0C)<\/p>\n<p>Solubilit\u00e9 : l\u00e9g\u00e8rement soluble dans l\u2019ac\u00e9tone, pyridine\/solubilit\u00e9 dans l\u2019\u00e9thanol 7,4 g\/100 mL (30 \u00b0C)<\/p>\n<h2><span style=\"font-size: 14pt;\">Applications<\/span><\/h2>\n<p>D\u00e9gla\u00e7age et d\u00e9neigement : Le chlorure de magn\u00e9sium est couramment utilis\u00e9 comme agent de d\u00e9gla\u00e7age pour les routes, les autoroutes et les all\u00e9es pi\u00e9tonni\u00e8res pendant les mois d\u2019hiver. Il fonctionne efficacement \u00e0 des temp\u00e9ratures plus basses que le chlorure de sodium (NaCl) et est moins corrosif pour les v\u00e9hicules et les infrastructures. Production de magn\u00e9sium : Le MgCl\u2082 est un interm\u00e9diaire cl\u00e9 dans la production de magn\u00e9sium m\u00e9tallique. Il est produit \u00e0 partir d\u2019eau de mer ou de saumures, puis \u00e9lectrolys\u00e9 pour produire du magn\u00e9sium m\u00e9tallique dans un processus connu sous le nom de proc\u00e9d\u00e9 Dow ou \u00e9lectrolyse du MgCl\u2082 fondu. Traitement de l\u2019eau : Le chlorure de magn\u00e9sium est utilis\u00e9 dans les processus de purification de l\u2019eau, en particulier pour \u00e9liminer les contaminants de l\u2019eau par coagulation ou floculation. Applications pharmaceutiques et m\u00e9dicales : Le chlorure de magn\u00e9sium est parfois utilis\u00e9 dans le traitement de la carence en magn\u00e9sium. Il peut \u00e9galement \u00eatre trouv\u00e9 dans les suppl\u00e9ments oraux et est utilis\u00e9 dans certaines formulations m\u00e9dicales pour ses propri\u00e9t\u00e9s laxatives et antiacides. Industrie alimentaire&nbsp;: Dans l\u2019alimentation, le chlorure de magn\u00e9sium (parfois appel\u00e9 E511) est utilis\u00e9 comme additif alimentaire, souvent comme coagulant dans la production de tofu ou comme agent raffermissant dans les cornichons. Contr\u00f4le de la poussi\u00e8re : Le chlorure de magn\u00e9sium est utilis\u00e9 dans la suppression de la poussi\u00e8re routi\u00e8re et la stabilisation des sols, en particulier dans les zones o\u00f9 la conservation de l\u2019eau est une pr\u00e9occupation, car il aide \u00e0 lier les particules de poussi\u00e8re \u00e0 la surface et r\u00e9duit la poussi\u00e8re en suspension dans l\u2019air. Batterie et stockage d\u2019\u00e9nergie : Le chlorure de magn\u00e9sium est \u00e9galement \u00e0 l\u2019\u00e9tude pour une utilisation dans les batteries au magn\u00e9sium-ion, qui constituent une alternative prometteuse aux batteries lithium-ion en raison de l\u2019abondance, de la s\u00e9curit\u00e9 et de la densit\u00e9 \u00e9nerg\u00e9tique du magn\u00e9sium. <\/p>\n","protected":false},"excerpt":{"rendered":"<p>Le chlorure de magn\u00e9sium est le nom du compos\u00e9 chimique de formule MgCl2 et de ses diff\u00e9rents hydrates MgCl2(H2O)x. Ces sels sont des halog\u00e9nures ioniques typiques, \u00e9tant tr\u00e8s solubles dans l\u2019eau. Propri\u00e9t\u00e9s: Formule chimique&nbsp;: MgCl2 Masse molaire : 95,211 g\/mol (anhydre)\/203,31 g\/mol (hexahydrat\u00e9) Apparence&nbsp;:solide cristallin blanc ou incolore Densit\u00e9 : 2,32 g\/cm3 (anhydre)\/1,569 g\/cm3 (hexahydrat\u00e9) [&hellip;]<\/p>\n","protected":false},"featured_media":999486,"comment_status":"open","ping_status":"closed","template":"","meta":{"_acf_changed":false},"product_brand":[],"product_cat":[239],"product_tag":[],"class_list":{"0":"post-1009539","1":"product","2":"type-product","3":"status-publish","4":"has-post-thumbnail","6":"product_cat-materiaux-halogenes","8":"first","9":"instock","10":"shipping-taxable","11":"purchasable","12":"product-type-variable"},"acf":[],"_links":{"self":[{"href":"https:\/\/vimaterial.de\/fr\/wp-json\/wp\/v2\/product\/1009539","targetHints":{"allow":["GET"]}}],"collection":[{"href":"https:\/\/vimaterial.de\/fr\/wp-json\/wp\/v2\/product"}],"about":[{"href":"https:\/\/vimaterial.de\/fr\/wp-json\/wp\/v2\/types\/product"}],"replies":[{"embeddable":true,"href":"https:\/\/vimaterial.de\/fr\/wp-json\/wp\/v2\/comments?post=1009539"}],"wp:featuredmedia":[{"embeddable":true,"href":"https:\/\/vimaterial.de\/fr\/wp-json\/wp\/v2\/media\/999486"}],"wp:attachment":[{"href":"https:\/\/vimaterial.de\/fr\/wp-json\/wp\/v2\/media?parent=1009539"}],"wp:term":[{"taxonomy":"product_brand","embeddable":true,"href":"https:\/\/vimaterial.de\/fr\/wp-json\/wp\/v2\/product_brand?post=1009539"},{"taxonomy":"product_cat","embeddable":true,"href":"https:\/\/vimaterial.de\/fr\/wp-json\/wp\/v2\/product_cat?post=1009539"},{"taxonomy":"product_tag","embeddable":true,"href":"https:\/\/vimaterial.de\/fr\/wp-json\/wp\/v2\/product_tag?post=1009539"}],"curies":[{"name":"wp","href":"https:\/\/api.w.org\/{rel}","templated":true}]}}