{"id":1009532,"date":"2024-06-17T14:08:42","date_gmt":"2024-06-17T06:08:42","guid":{"rendered":"https:\/\/vimaterial.de\/product\/bromure-de-magnesium\/"},"modified":"2024-11-13T17:35:24","modified_gmt":"2024-11-13T09:35:24","slug":"bromure-de-magnesium","status":"publish","type":"product","link":"https:\/\/vimaterial.de\/fr\/product\/bromure-de-magnesium\/","title":{"rendered":"Bromure de magn\u00e9sium"},"content":{"rendered":"<p>Le bromure de magn\u00e9sium (MgBr\u2082) est un compos\u00e9 inorganique compos\u00e9 de magn\u00e9sium et de brome. Il est couramment utilis\u00e9 dans une vari\u00e9t\u00e9 d\u2019applications industrielles, chimiques et pharmaceutiques. Le bromure de magn\u00e9sium est un sel qui existe g\u00e9n\u00e9ralement sous la forme d\u2019un solide blanc hygroscopique soluble dans l\u2019eau et d\u2019autres solvants.  <\/p>\n<h2><span style=\"font-size: 14pt;\">Propri\u00e9t\u00e9s physiques<\/span><\/h2>\n<p>Formule chimique :MgBr2 (anhydre)\/MgBr2\u00b76H2O (hexahydrat\u00e9) Masse molaire :184,113 g\/mol (anhydre)\/292,204 g\/mol (hexahydrat\u00e9)<\/p>\n<p>Apparence&nbsp;:cristaux hexagonaux hygroscopiques blancs (anhydres) cristaux monocliniques incolores (hexahydrat\u00e9s)<\/p>\n<p>Densit\u00e9 : 3,72 g\/cm3 (anhydre)\/2,07 g\/cm3 (hexahydrat\u00e9)<\/p>\n<p>Point de fusion :711 \u00b0C (1 312 \u00b0F&nbsp;; 984 K) 172,4 \u00b0C, se d\u00e9compose (hexahydrat\u00e9)<\/p>\n<p>Point d\u2019\u00e9bullition :1 250 \u00b0C (2 280 \u00b0F&nbsp;; 1 520 K)<\/p>\n<p>Solubilit\u00e9 dans l\u2019eau :102 g\/100 mL (anhydre)\/316 g\/100 mL (0 \u00b0C, hexahydrat\u00e9)<\/p>\n<p>Solubilit\u00e9 : \u00e9thanol : 6,9 g\/100 mL<\/p>\n<p>m\u00e9thanol : 21,8 g\/100 mL<\/p>\n<p>Susceptibilit\u00e9 magn\u00e9tique (\u03c7) : \u221272,0\u00b710\u22126 cm3\/mol<\/p>\n<h2><span style=\"font-size: 14pt;\">Applications<\/span><\/h2>\n<p>Synth\u00e8se chimique : Le bromure de magn\u00e9sium est utilis\u00e9 dans la pr\u00e9paration de divers autres produits chimiques, y compris des compos\u00e9s organiques et inorganiques, par des r\u00e9actions telles que l\u2019\u00e9change d\u2019halog\u00e8nes ou comme catalyseur dans certains processus chimiques. Industrie pharmaceutique : Le MgBr\u2082 est utilis\u00e9 dans les formulations pharmaceutiques, o\u00f9 il peut \u00eatre une source de magn\u00e9sium dans les m\u00e9dicaments ou utilis\u00e9 pour ses propri\u00e9t\u00e9s s\u00e9datives et relaxantes musculaires. On le trouve parfois dans les m\u00e9dicaments contre l\u2019anxi\u00e9t\u00e9, les spasmes musculaires ou comme laxatif dans certaines formulations. Source de magn\u00e9sium : Le bromure de magn\u00e9sium est utilis\u00e9 comme source de magn\u00e9sium dans la production de magn\u00e9sium m\u00e9tallique et d\u2019autres compos\u00e9s \u00e0 base de magn\u00e9sium. Il peut \u00eatre utilis\u00e9 dans la pr\u00e9paration d\u2019alliages de magn\u00e9sium et comme r\u00e9actif dans la fabrication d\u2019autres sels de magn\u00e9sium. Industrie p\u00e9troli\u00e8re et gazi\u00e8re : Le MgBr\u2082 est utilis\u00e9 dans l\u2019industrie p\u00e9troli\u00e8re dans le cadre des fluides de forage, o\u00f9 il aide \u00e0 contr\u00f4ler la viscosit\u00e9 et la densit\u00e9 des fluides. Ignifugation : Le MgBr\u2082 peut \u00eatre utilis\u00e9 dans les applications d\u2019ignifugation en raison de son point de fusion \u00e9lev\u00e9 et de sa nature stable. Il est \u00e9galement parfois utilis\u00e9 dans la pr\u00e9paration de mat\u00e9riaux ignifuges.<\/p>\n<h2><span style=\"font-size: 14pt;\">S\u00e9curit\u00e9 et manipulation<\/span><\/h2>\n<p>Toxicit\u00e9&nbsp;: Le bromure de magn\u00e9sium est g\u00e9n\u00e9ralement consid\u00e9r\u00e9 comme peu toxique, bien qu\u2019il doive toujours \u00eatre manipul\u00e9 avec pr\u00e9caution, en particulier dans les environnements industriels o\u00f9 de grandes quantit\u00e9s sont impliqu\u00e9es. L\u2019ingestion ou une exposition excessive peut provoquer une irritation du syst\u00e8me digestif ou de la peau. Stockage&nbsp;: En raison de sa nature hygroscopique, le bromure de magn\u00e9sium doit \u00eatre stock\u00e9 dans des r\u00e9cipients herm\u00e9tiquement ferm\u00e9s pour \u00e9viter l\u2019absorption d\u2019humidit\u00e9, ce qui pourrait le d\u00e9grader ou former des formes hydrat\u00e9es du sel. <\/p>\n","protected":false},"excerpt":{"rendered":"<p>Le bromure de magn\u00e9sium (MgBr\u2082) est un compos\u00e9 inorganique compos\u00e9 de magn\u00e9sium et de brome. Il est couramment utilis\u00e9 dans une vari\u00e9t\u00e9 d\u2019applications industrielles, chimiques et pharmaceutiques. Le bromure de magn\u00e9sium est un sel qui existe g\u00e9n\u00e9ralement sous la forme d\u2019un solide blanc hygroscopique soluble dans l\u2019eau et d\u2019autres solvants. Propri\u00e9t\u00e9s physiques Formule chimique :MgBr2 [&hellip;]<\/p>\n","protected":false},"featured_media":999479,"comment_status":"open","ping_status":"closed","template":"","meta":{"_acf_changed":false},"product_brand":[],"product_cat":[239],"product_tag":[],"class_list":{"0":"post-1009532","1":"product","2":"type-product","3":"status-publish","4":"has-post-thumbnail","6":"product_cat-materiaux-halogenes","8":"first","9":"instock","10":"shipping-taxable","11":"product-type-variable"},"acf":[],"_links":{"self":[{"href":"https:\/\/vimaterial.de\/fr\/wp-json\/wp\/v2\/product\/1009532","targetHints":{"allow":["GET"]}}],"collection":[{"href":"https:\/\/vimaterial.de\/fr\/wp-json\/wp\/v2\/product"}],"about":[{"href":"https:\/\/vimaterial.de\/fr\/wp-json\/wp\/v2\/types\/product"}],"replies":[{"embeddable":true,"href":"https:\/\/vimaterial.de\/fr\/wp-json\/wp\/v2\/comments?post=1009532"}],"wp:featuredmedia":[{"embeddable":true,"href":"https:\/\/vimaterial.de\/fr\/wp-json\/wp\/v2\/media\/999479"}],"wp:attachment":[{"href":"https:\/\/vimaterial.de\/fr\/wp-json\/wp\/v2\/media?parent=1009532"}],"wp:term":[{"taxonomy":"product_brand","embeddable":true,"href":"https:\/\/vimaterial.de\/fr\/wp-json\/wp\/v2\/product_brand?post=1009532"},{"taxonomy":"product_cat","embeddable":true,"href":"https:\/\/vimaterial.de\/fr\/wp-json\/wp\/v2\/product_cat?post=1009532"},{"taxonomy":"product_tag","embeddable":true,"href":"https:\/\/vimaterial.de\/fr\/wp-json\/wp\/v2\/product_tag?post=1009532"}],"curies":[{"name":"wp","href":"https:\/\/api.w.org\/{rel}","templated":true}]}}