{"id":1009517,"date":"2024-06-17T14:08:43","date_gmt":"2024-06-17T06:08:43","guid":{"rendered":"https:\/\/vimaterial.de\/product\/fluorure-de-magnesium-3\/"},"modified":"2024-11-13T16:28:42","modified_gmt":"2024-11-13T08:28:42","slug":"fluorure-de-magnesium-3","status":"publish","type":"product","link":"https:\/\/vimaterial.de\/fr\/product\/fluorure-de-magnesium-3\/","title":{"rendered":"Fluorure de magn\u00e9sium"},"content":{"rendered":"<p>Le fluorure de magn\u00e9sium (MgF2) est un compos\u00e9 inorganique compos\u00e9 de magn\u00e9sium et de fluor, commun\u00e9ment connu pour sa grande transparence et sa durabilit\u00e9. Il est largement utilis\u00e9 dans l\u2019optique et d\u2019autres applications sp\u00e9cialis\u00e9es en raison de ses propri\u00e9t\u00e9s favorables. <\/p>\n<h2><span style=\"font-size: 14pt;\">Propri\u00e9t\u00e9s physiques&nbsp;:<\/span><\/h2>\n<p>Formule chimique&nbsp;: MgF2<\/p>\n<p>Masse molaire : 62,3018 g\/mol<\/p>\n<p>Apparence&nbsp;:Cristaux t\u00e9tragonaux blancs<\/p>\n<p>Densit\u00e9&nbsp;:3.148 g\/cm3<\/p>\n<p>Point de fusion :1 263 \u00b0C (2 305 \u00b0F ; 1 536 K)<\/p>\n<p>Point d\u2019\u00e9bullition :2 260 \u00b0C (4 100 \u00b0F&nbsp;; 2 530 K)<\/p>\n<p>Solubilit\u00e9 dans l\u2019eau : 0,013 g\/100 mL<\/p>\n<p>Solubilit\u00e9&nbsp;:Insoluble dans l\u2019\u00e9thanol<\/p>\n<p>Susceptibilit\u00e9 magn\u00e9tique (\u03c7) :\u221222,7\u22c510\u22126 cm3\/mol<\/p>\n<p>Indice de r\u00e9fraction (nD)&nbsp;:1.37397<\/p>\n<p>Structure&nbsp;: Il a une structure cristalline t\u00e9tragonale, ce qui contribue \u00e0 ses propri\u00e9t\u00e9s optiques uniques, y compris une large plage de transparence.<\/p>\n<h2><span style=\"font-size: 14pt;\">Applications:<\/span><\/h2>\n<p>Optiques et rev\u00eatements : En raison de sa large gamme de transparence, le MgF2 est fr\u00e9quemment utilis\u00e9 pour les lentilles, les fen\u00eatres et les prismes des dispositifs optiques, y compris les cam\u00e9ras, les t\u00e9lescopes et les syst\u00e8mes laser. Il est souvent appliqu\u00e9 sous forme de couche mince pour r\u00e9duire les reflets sur les objectifs et les \u00e9crans. Optique UV : La transparence UV du fluorure de magn\u00e9sium le rend id\u00e9al pour les optiques et les instruments UV, tels que les spectrom\u00e8tres, o\u00f9 une transmission pr\u00e9cise de la lumi\u00e8re UV est essentielle. Applications \u00e0 haute temp\u00e9rature : Le MgF2 peut r\u00e9sister \u00e0 des temp\u00e9ratures \u00e9lev\u00e9es et est utilis\u00e9 dans certaines applications sp\u00e9cialis\u00e9es dans l\u2019a\u00e9rospatiale et l\u2019\u00e9lectronique \u00e0 haute temp\u00e9rature. <\/p>\n<h2><span style=\"font-size: 14pt;\">Fabrication et transformation :<\/span><\/h2>\n<p>Le MgF2 peut \u00eatre transform\u00e9 en lentilles, en prismes ou en rev\u00eatements par des proc\u00e9d\u00e9s tels que le d\u00e9p\u00f4t sous vide ou le frittage. Son point de fusion \u00e9lev\u00e9 (1 261 \u00b0C) lui permet de r\u00e9sister aux exigences des environnements \u00e0 haute temp\u00e9rature, mais sa fragilit\u00e9 n\u00e9cessite une manipulation soigneuse lors de la mise en forme et du polissage. <\/p>\n","protected":false},"excerpt":{"rendered":"<p>Le fluorure de magn\u00e9sium (MgF2) est un compos\u00e9 inorganique compos\u00e9 de magn\u00e9sium et de fluor, commun\u00e9ment connu pour sa grande transparence et sa durabilit\u00e9. Il est largement utilis\u00e9 dans l\u2019optique et d\u2019autres applications sp\u00e9cialis\u00e9es en raison de ses propri\u00e9t\u00e9s favorables. Propri\u00e9t\u00e9s physiques&nbsp;: Formule chimique&nbsp;: MgF2 Masse molaire : 62,3018 g\/mol Apparence&nbsp;:Cristaux t\u00e9tragonaux blancs Densit\u00e9&nbsp;:3.148 g\/cm3 [&hellip;]<\/p>\n","protected":false},"featured_media":999494,"comment_status":"open","ping_status":"closed","template":"","meta":{"_acf_changed":false},"product_brand":[],"product_cat":[236],"product_tag":[],"class_list":{"0":"post-1009517","1":"product","2":"type-product","3":"status-publish","4":"has-post-thumbnail","6":"product_cat-materiaux-devaporation","8":"first","9":"instock","10":"shipping-taxable","11":"purchasable","12":"product-type-variable"},"acf":[],"_links":{"self":[{"href":"https:\/\/vimaterial.de\/fr\/wp-json\/wp\/v2\/product\/1009517","targetHints":{"allow":["GET"]}}],"collection":[{"href":"https:\/\/vimaterial.de\/fr\/wp-json\/wp\/v2\/product"}],"about":[{"href":"https:\/\/vimaterial.de\/fr\/wp-json\/wp\/v2\/types\/product"}],"replies":[{"embeddable":true,"href":"https:\/\/vimaterial.de\/fr\/wp-json\/wp\/v2\/comments?post=1009517"}],"wp:featuredmedia":[{"embeddable":true,"href":"https:\/\/vimaterial.de\/fr\/wp-json\/wp\/v2\/media\/999494"}],"wp:attachment":[{"href":"https:\/\/vimaterial.de\/fr\/wp-json\/wp\/v2\/media?parent=1009517"}],"wp:term":[{"taxonomy":"product_brand","embeddable":true,"href":"https:\/\/vimaterial.de\/fr\/wp-json\/wp\/v2\/product_brand?post=1009517"},{"taxonomy":"product_cat","embeddable":true,"href":"https:\/\/vimaterial.de\/fr\/wp-json\/wp\/v2\/product_cat?post=1009517"},{"taxonomy":"product_tag","embeddable":true,"href":"https:\/\/vimaterial.de\/fr\/wp-json\/wp\/v2\/product_tag?post=1009517"}],"curies":[{"name":"wp","href":"https:\/\/api.w.org\/{rel}","templated":true}]}}