{"id":1009470,"date":"2024-06-17T14:09:49","date_gmt":"2024-06-17T06:09:49","guid":{"rendered":"https:\/\/vimaterial.de\/product\/magnesium-fluorure-de-neodyme-dfm\/"},"modified":"2024-11-13T16:12:55","modified_gmt":"2024-11-13T08:12:55","slug":"magnesium-fluorure-de-neodyme-dfm","status":"publish","type":"product","link":"https:\/\/vimaterial.de\/fr\/product\/magnesium-fluorure-de-neodyme-dfm\/","title":{"rendered":"Fluorure de magn\u00e9sium-fluorure de n\u00e9odyme (DFM)"},"content":{"rendered":"<p>Fluorure de magn\u00e9sium-fluorure de n\u00e9odyme Le fluorure est un compos\u00e9 fabriqu\u00e9 \u00e0 partir d\u2019atomes de magn\u00e9sium, de n\u00e9odyme et de fluor. Il est g\u00e9n\u00e9ralement repr\u00e9sent\u00e9 par la formule MgF2-NdF3. Le fluorure de magn\u00e9sium-fluorure de n\u00e9odyme est un mat\u00e9riau sp\u00e9cialis\u00e9 g\u00e9n\u00e9ralement produit pour \u00eatre utilis\u00e9 dans la science des mat\u00e9riaux avanc\u00e9e, y compris les applications dans les mat\u00e9riaux optiques, les syst\u00e8mes laser et l\u2019\u00e9lectronique potentielle.  <\/p>\n<h2><span style=\"font-size: 14pt;\">Propri\u00e9t\u00e9s physiques&nbsp;:<\/span><\/h2>\n<p>Apparence : Se pr\u00e9sente souvent sous la forme d\u2019une poudre ou d\u2019un cristal rose p\u00e2le ou violet, typique de nombreux compos\u00e9s contenant du n\u00e9odyme. Densit\u00e9 : La densit\u00e9 peut varier en fonction de la structure cristalline de son cristal, mais elle est g\u00e9n\u00e9ralement de l\u2019ordre de 4 \u00e0 5 g\/cm\u00b3 en raison de la forte teneur en n\u00e9odyme. Point de fusion : Point de fusion \u00e9lev\u00e9 en raison du composant fluorure, g\u00e9n\u00e9ralement sup\u00e9rieur \u00e0 1000\u00b0C.<\/p>\n<h2><span style=\"font-size: 14pt;\">Applications:<\/span><\/h2>\n<p>Mat\u00e9riaux optiques : L\u2019ion n\u00e9odyme dans la matrice de fluorure offre des propri\u00e9t\u00e9s optiques uniques, ce qui le rend utile pour l\u2019optique laser et les composants optiques de haute pr\u00e9cision. \u00c9lectronique : Applications potentielles dans les mat\u00e9riaux \u00e9lectroniques, o\u00f9 les fluorures dop\u00e9s aux terres rares offrent des propri\u00e9t\u00e9s conductrices ou luminescentes uniques. Syst\u00e8mes laser : Utilis\u00e9 dans certaines applications laser en raison des qualit\u00e9s luminescentes du n\u00e9odyme, qui peut \u00e9mettre de la lumi\u00e8re dans la gamme infrarouge. Recherche avanc\u00e9e : \u00c9tudi\u00e9 dans la recherche sur les mat\u00e9riaux avanc\u00e9s pour le d\u00e9veloppement de nouveaux types de dispositifs optiques et \u00e9lectroniques.<\/p>\n<h2><span style=\"font-size: 14pt;\">Manipulation et s\u00e9curit\u00e9 :<\/span><\/h2>\n<p>Stockage&nbsp;: Doit \u00eatre stock\u00e9 dans un r\u00e9cipient sec et bien scell\u00e9, car les fluorures peuvent absorber l\u2019humidit\u00e9 de l\u2019air. Dangers pour la sant\u00e9 : Comme pour d\u2019autres compos\u00e9s fluor\u00e9s, l\u2019inhalation ou l\u2019ingestion de fluorure de magn\u00e9sium-fluorure de n\u00e9odyme peut \u00eatre nocive. Un \u00e9quipement de protection est conseill\u00e9 lors de la manipulation de la poudre.<\/p>\n","protected":false},"excerpt":{"rendered":"<p>Fluorure de magn\u00e9sium-fluorure de n\u00e9odyme Le fluorure est un compos\u00e9 fabriqu\u00e9 \u00e0 partir d\u2019atomes de magn\u00e9sium, de n\u00e9odyme et de fluor. Il est g\u00e9n\u00e9ralement repr\u00e9sent\u00e9 par la formule MgF2-NdF3. Le fluorure de magn\u00e9sium-fluorure de n\u00e9odyme est un mat\u00e9riau sp\u00e9cialis\u00e9 g\u00e9n\u00e9ralement produit pour \u00eatre utilis\u00e9 dans la science des mat\u00e9riaux avanc\u00e9e, y compris les applications dans [&hellip;]<\/p>\n","protected":false},"featured_media":999524,"comment_status":"open","ping_status":"closed","template":"","meta":{"_acf_changed":false},"product_brand":[],"product_cat":[236],"product_tag":[],"class_list":{"0":"post-1009470","1":"product","2":"type-product","3":"status-publish","4":"has-post-thumbnail","6":"product_cat-materiaux-devaporation","8":"first","9":"instock","10":"shipping-taxable","11":"product-type-variable"},"acf":[],"_links":{"self":[{"href":"https:\/\/vimaterial.de\/fr\/wp-json\/wp\/v2\/product\/1009470","targetHints":{"allow":["GET"]}}],"collection":[{"href":"https:\/\/vimaterial.de\/fr\/wp-json\/wp\/v2\/product"}],"about":[{"href":"https:\/\/vimaterial.de\/fr\/wp-json\/wp\/v2\/types\/product"}],"replies":[{"embeddable":true,"href":"https:\/\/vimaterial.de\/fr\/wp-json\/wp\/v2\/comments?post=1009470"}],"wp:featuredmedia":[{"embeddable":true,"href":"https:\/\/vimaterial.de\/fr\/wp-json\/wp\/v2\/media\/999524"}],"wp:attachment":[{"href":"https:\/\/vimaterial.de\/fr\/wp-json\/wp\/v2\/media?parent=1009470"}],"wp:term":[{"taxonomy":"product_brand","embeddable":true,"href":"https:\/\/vimaterial.de\/fr\/wp-json\/wp\/v2\/product_brand?post=1009470"},{"taxonomy":"product_cat","embeddable":true,"href":"https:\/\/vimaterial.de\/fr\/wp-json\/wp\/v2\/product_cat?post=1009470"},{"taxonomy":"product_tag","embeddable":true,"href":"https:\/\/vimaterial.de\/fr\/wp-json\/wp\/v2\/product_tag?post=1009470"}],"curies":[{"name":"wp","href":"https:\/\/api.w.org\/{rel}","templated":true}]}}