{"id":1009452,"date":"2024-06-17T14:09:49","date_gmt":"2024-06-17T06:09:49","guid":{"rendered":"https:\/\/vimaterial.de\/product\/galliate-de-magnesium\/"},"modified":"2024-11-14T10:08:46","modified_gmt":"2024-11-14T02:08:46","slug":"galliate-de-magnesium","status":"publish","type":"product","link":"https:\/\/vimaterial.de\/fr\/product\/galliate-de-magnesium\/","title":{"rendered":"Gallate de magn\u00e9sium"},"content":{"rendered":"<p>Le gallate de magn\u00e9sium (MgGa\u2082O\u2084) est un compos\u00e9 c\u00e9ramique form\u00e9 en combinant du magn\u00e9sium (Mg), du gallium (Ga) et de l\u2019oxyg\u00e8ne (O). Il cristallise dans la structure du spinelle, o\u00f9 les ions Mg\u00b2\u207a occupent les sites t\u00e9tra\u00e9driques et les ions Ga\u00b3\u207a remplissent les sites octa\u00e9driques. Cette structure contribue \u00e0 sa grande stabilit\u00e9 thermique et chimique, ce qui la rend id\u00e9ale pour diverses applications \u00e0 haute temp\u00e9rature.  <\/p>\n<h2><span style=\"font-size: 14pt;\">Propri\u00e9t\u00e9s:<\/span><\/h2>\n<p>Structure cristalline : Le gallate de magn\u00e9sium a une structure cristalline de spinelle cubique, avec le groupe d\u2019espace Fd-3m. Cette structure est connue pour sa stabilit\u00e9, qui permet une grande r\u00e9sistance \u00e0 la d\u00e9formation et une stabilit\u00e9 \u00e0 haute temp\u00e9rature. Densit\u00e9 : Il a g\u00e9n\u00e9ralement une densit\u00e9 d\u2019environ 4,6 g\/cm\u00b3, ce qui est relativement \u00e9lev\u00e9 pour les mat\u00e9riaux de type spinelle. Dilatation thermique et stabilit\u00e9 : Le MgGa\u2082O\u2084 pr\u00e9sente une faible dilatation thermique et une stabilit\u00e9 thermique \u00e9lev\u00e9e, ce qui en fait un candidat pour les c\u00e9ramiques \u00e0 haute temp\u00e9rature. Propri\u00e9t\u00e9s optiques : Le gallate de magn\u00e9sium est transparent dans les domaines visible et proche infrarouge (IR). Sa large bande interdite (g\u00e9n\u00e9ralement autour de 5 eV) en fait un mat\u00e9riau isolant et lui conf\u00e8re un haut degr\u00e9 de transparence dans ces r\u00e9gions. <\/p>\n<h2><span style=\"font-size: 14pt;\">Applications<\/span><\/h2>\n<p>Opto\u00e9lectronique : Ses propri\u00e9t\u00e9s luminescentes et optiques le rendent utile dans les luminophores LED et les technologies d\u2019affichage, notamment pour produire de la lumi\u00e8re bleue et verte. C\u00e9ramique haute temp\u00e9rature : La stabilit\u00e9 thermique et chimique du spinelle MgGa\u2082O\u2084 le rend adapt\u00e9 \u00e0 une utilisation dans des composants c\u00e9ramiques \u00e0 haute temp\u00e9rature, en particulier ceux expos\u00e9s \u00e0 des conditions difficiles. Catalyse&nbsp;: En raison de sa stabilit\u00e9 structurelle et de sa grande surface (en particulier lorsqu\u2019il est synth\u00e9tis\u00e9 sous forme de nanocristaux), le gallate de magn\u00e9sium peut servir de catalyseur ou de support de catalyseur dans les r\u00e9actions chimiques. Rev\u00eatements et rev\u00eatements : La corrosion et la stabilit\u00e9 thermique du mat\u00e9riau le rendent utile comme rev\u00eatement dans les fours, les r\u00e9acteurs et autres environnements \u00e0 haute temp\u00e9rature. Fen\u00eatres en c\u00e9ramique transparente : La transparence optique des spinelles MgGa\u2082O\u2084 en fait des candidats potentiels pour les fen\u00eatres ou les couvercles en c\u00e9ramique transparente dans les applications optiques et IR.<\/p>\n","protected":false},"excerpt":{"rendered":"<p>Le gallate de magn\u00e9sium (MgGa\u2082O\u2084) est un compos\u00e9 c\u00e9ramique form\u00e9 en combinant du magn\u00e9sium (Mg), du gallium (Ga) et de l\u2019oxyg\u00e8ne (O). Il cristallise dans la structure du spinelle, o\u00f9 les ions Mg\u00b2\u207a occupent les sites t\u00e9tra\u00e9driques et les ions Ga\u00b3\u207a remplissent les sites octa\u00e9driques. Cette structure contribue \u00e0 sa grande stabilit\u00e9 thermique et chimique, [&hellip;]<\/p>\n","protected":false},"featured_media":999533,"comment_status":"open","ping_status":"closed","template":"","meta":{"_acf_changed":false},"product_brand":[],"product_cat":[235],"product_tag":[],"class_list":{"0":"post-1009452","1":"product","2":"type-product","3":"status-publish","4":"has-post-thumbnail","6":"product_cat-cibles-de-pulverisation-planaire","8":"first","9":"instock","10":"shipping-taxable","11":"purchasable","12":"product-type-variable"},"acf":[],"_links":{"self":[{"href":"https:\/\/vimaterial.de\/fr\/wp-json\/wp\/v2\/product\/1009452","targetHints":{"allow":["GET"]}}],"collection":[{"href":"https:\/\/vimaterial.de\/fr\/wp-json\/wp\/v2\/product"}],"about":[{"href":"https:\/\/vimaterial.de\/fr\/wp-json\/wp\/v2\/types\/product"}],"replies":[{"embeddable":true,"href":"https:\/\/vimaterial.de\/fr\/wp-json\/wp\/v2\/comments?post=1009452"}],"wp:featuredmedia":[{"embeddable":true,"href":"https:\/\/vimaterial.de\/fr\/wp-json\/wp\/v2\/media\/999533"}],"wp:attachment":[{"href":"https:\/\/vimaterial.de\/fr\/wp-json\/wp\/v2\/media?parent=1009452"}],"wp:term":[{"taxonomy":"product_brand","embeddable":true,"href":"https:\/\/vimaterial.de\/fr\/wp-json\/wp\/v2\/product_brand?post=1009452"},{"taxonomy":"product_cat","embeddable":true,"href":"https:\/\/vimaterial.de\/fr\/wp-json\/wp\/v2\/product_cat?post=1009452"},{"taxonomy":"product_tag","embeddable":true,"href":"https:\/\/vimaterial.de\/fr\/wp-json\/wp\/v2\/product_tag?post=1009452"}],"curies":[{"name":"wp","href":"https:\/\/api.w.org\/{rel}","templated":true}]}}