{"id":1009396,"date":"2024-06-17T14:10:26","date_gmt":"2024-06-17T06:10:26","guid":{"rendered":"https:\/\/vimaterial.de\/product\/oxyde-de-magnesium-3\/"},"modified":"2024-11-14T11:00:04","modified_gmt":"2024-11-14T03:00:04","slug":"oxyde-de-magnesium-3","status":"publish","type":"product","link":"https:\/\/vimaterial.de\/fr\/product\/oxyde-de-magnesium-3\/","title":{"rendered":"Oxyde de magn\u00e9sium"},"content":{"rendered":"<p>Les granul\u00e9s d\u2019oxyde de magn\u00e9sium sont une forme de MgO produite sous forme de petits granul\u00e9s ou de granul\u00e9s solides. Cette forme granul\u00e9e est tr\u00e8s polyvalente et largement utilis\u00e9e dans les applications industrielles, agricoles et environnementales en raison de son excellente stabilit\u00e9 thermique, de sa basicit\u00e9 et de sa capacit\u00e9 \u00e0 neutraliser l\u2019acidit\u00e9. Les granul\u00e9s sont souvent pr\u00e9f\u00e9r\u00e9s aux poudres dans les applications n\u00e9cessitant des propri\u00e9t\u00e9s contr\u00f4l\u00e9es et \u00e0 lib\u00e9ration lente ou o\u00f9 la g\u00e9n\u00e9ration de poussi\u00e8re doit \u00eatre minimis\u00e9e.  <\/p>\n<h2><span style=\"font-size: 14pt;\">Propri\u00e9t\u00e9s<\/span><\/h2>\n<p>Formule chimique&nbsp;:MgO<\/p>\n<p>Masse molaire : 40,304 g\/mol<\/p>\n<p>Apparence&nbsp;:Poudre blanche<\/p>\n<p>Odeur&nbsp;:Inodore<\/p>\n<p>Densit\u00e9 : 3,6 g\/cm3<\/p>\n<p>Point de fusion :2 852 \u00b0C (5 166 \u00b0F ; 3 125 K)<\/p>\n<p>Point d\u2019\u00e9bullition :3 600 \u00b0C (6 510 \u00b0F&nbsp;; 3 870 K)<\/p>\n<p>Solubilit\u00e9 : Soluble dans l\u2019acide, insoluble dans l\u2019ammoniac dans l\u2019alcool<\/p>\n<h2><span style=\"font-size: 14pt;\">Applications<\/span><\/h2>\n<p>Agriculture et alimentation animale : Les granul\u00e9s d\u2019oxyde de magn\u00e9sium sont une source importante de magn\u00e9sium pour les cultures et le b\u00e9tail. Ils sont utilis\u00e9s pour corriger les carences en magn\u00e9sium dans les sols (comme engrais \u00e0 lib\u00e9ration lente) et comme compl\u00e9ment min\u00e9ral dans l\u2019alimentation animale, am\u00e9liorant ainsi la sant\u00e9 des os et la productivit\u00e9 du b\u00e9tail. Traitement de l\u2019environnement : Les granules d\u2019oxyde de magn\u00e9sium neutralisent les eaux et les sols acides, ce qui les rend adapt\u00e9s au traitement de l\u2019eau, \u00e0 l\u2019ajustement du pH du sol et \u00e0 la neutralisation des eaux us\u00e9es. Leur forme granul\u00e9e permet une dissolution lente et contr\u00f4l\u00e9e, ce qui est avantageux dans ces applications. Mat\u00e9riaux r\u00e9fractaires : En raison de leur stabilit\u00e9 thermique, les granul\u00e9s d\u2019oxyde de magn\u00e9sium sont utilis\u00e9s dans les rev\u00eatements r\u00e9fractaires pour les fours, les fours et les \u00e9quipements de traitement \u00e0 haute temp\u00e9rature dans des industries telles que la sid\u00e9rurgie et la production de verre. Additifs et catalyseurs pour carburants : Les granul\u00e9s d\u2019oxyde de magn\u00e9sium sont \u00e9galement utilis\u00e9s dans les processus catalytiques et comme additif stabilisant dans le carburant, aidant \u00e0 absorber les impuret\u00e9s et \u00e0 r\u00e9duire la teneur en soufre. Construction : Le MgO est utilis\u00e9 dans certains mat\u00e9riaux de construction, comme les produits ignifuges et les panneaux. Des granul\u00e9s sont souvent inclus dans ces m\u00e9langes pour fournir une r\u00e9sistance au feu et r\u00e9duire la densit\u00e9 du mat\u00e9riau. <\/p>\n","protected":false},"excerpt":{"rendered":"<p>Les granul\u00e9s d\u2019oxyde de magn\u00e9sium sont une forme de MgO produite sous forme de petits granul\u00e9s ou de granul\u00e9s solides. Cette forme granul\u00e9e est tr\u00e8s polyvalente et largement utilis\u00e9e dans les applications industrielles, agricoles et environnementales en raison de son excellente stabilit\u00e9 thermique, de sa basicit\u00e9 et de sa capacit\u00e9 \u00e0 neutraliser l\u2019acidit\u00e9. Les granul\u00e9s [&hellip;]<\/p>\n","protected":false},"featured_media":999581,"comment_status":"open","ping_status":"closed","template":"","meta":{"_acf_changed":false},"product_brand":[],"product_cat":[236],"product_tag":[],"class_list":{"0":"post-1009396","1":"product","2":"type-product","3":"status-publish","4":"has-post-thumbnail","6":"product_cat-materiaux-devaporation","8":"first","9":"instock","10":"shipping-taxable","11":"product-type-variable"},"acf":[],"_links":{"self":[{"href":"https:\/\/vimaterial.de\/fr\/wp-json\/wp\/v2\/product\/1009396","targetHints":{"allow":["GET"]}}],"collection":[{"href":"https:\/\/vimaterial.de\/fr\/wp-json\/wp\/v2\/product"}],"about":[{"href":"https:\/\/vimaterial.de\/fr\/wp-json\/wp\/v2\/types\/product"}],"replies":[{"embeddable":true,"href":"https:\/\/vimaterial.de\/fr\/wp-json\/wp\/v2\/comments?post=1009396"}],"wp:featuredmedia":[{"embeddable":true,"href":"https:\/\/vimaterial.de\/fr\/wp-json\/wp\/v2\/media\/999581"}],"wp:attachment":[{"href":"https:\/\/vimaterial.de\/fr\/wp-json\/wp\/v2\/media?parent=1009396"}],"wp:term":[{"taxonomy":"product_brand","embeddable":true,"href":"https:\/\/vimaterial.de\/fr\/wp-json\/wp\/v2\/product_brand?post=1009396"},{"taxonomy":"product_cat","embeddable":true,"href":"https:\/\/vimaterial.de\/fr\/wp-json\/wp\/v2\/product_cat?post=1009396"},{"taxonomy":"product_tag","embeddable":true,"href":"https:\/\/vimaterial.de\/fr\/wp-json\/wp\/v2\/product_tag?post=1009396"}],"curies":[{"name":"wp","href":"https:\/\/api.w.org\/{rel}","templated":true}]}}