{"id":1009349,"date":"2024-06-17T13:53:43","date_gmt":"2024-06-17T05:53:43","guid":{"rendered":"https:\/\/vimaterial.de\/product\/sulfure-de-lithium\/"},"modified":"2024-11-07T16:40:22","modified_gmt":"2024-11-07T08:40:22","slug":"sulfure-de-lithium","status":"publish","type":"product","link":"https:\/\/vimaterial.de\/fr\/product\/sulfure-de-lithium\/","title":{"rendered":"Sulfure de lithium"},"content":{"rendered":"<p>Le sulfure de lithium (Li\u2082S) est un compos\u00e9 inorganique compos\u00e9 de lithium et de soufre. Il est principalement utilis\u00e9 dans l\u2019industrie des batteries, en particulier dans les batteries lithium-soufre (Li-S), qui sont consid\u00e9r\u00e9es comme une technologie prometteuse pour le stockage d\u2019\u00e9nergie \u00e0 haute capacit\u00e9 en raison de leur densit\u00e9 d\u2019\u00e9nergie th\u00e9orique \u00e9lev\u00e9e et de leur conception l\u00e9g\u00e8re. <\/p>\n<p>&nbsp;<\/p>\n<h2><span style=\"font-size: 14pt;\">Propri\u00e9t\u00e9s physiques&nbsp;:<\/span><\/h2>\n<p>Formule chimique&nbsp;:Li2S<\/p>\n<p>CAS#&nbsp;:12136-58-2<\/p>\n<p>Masse molaire : 45,95 g\/mol<\/p>\n<p>Apparence&nbsp;: blanc solide<\/p>\n<p>Densit\u00e9&nbsp;:1.67 g\/cm3<\/p>\n<p>Point de fusion :938 \u00b0C (1 720 \u00b0F&nbsp;; 1 211 K)<\/p>\n<p>Point d\u2019\u00e9bullition :1 372 \u00b0C (2 502 \u00b0F&nbsp;; 1 645 K)<\/p>\n<p>Solubilit\u00e9 dans l\u2019eau : tr\u00e8s soluble, hydrolyse en LiOH et H2S<\/p>\n<p>Solubilit\u00e9 : tr\u00e8s soluble dans l\u2019\u00e9thanol<\/p>\n<p>Structure cristalline : Antifluorite (cubique), cF12<\/p>\n<p>&nbsp;<\/p>\n<h2><span style=\"font-size: 14pt;\">Propri\u00e9t\u00e9s thermiques et chimiques :<\/span><\/h2>\n<p>Conductivit\u00e9 ionique \u00e9lev\u00e9e : Le Li\u2082S a une conductivit\u00e9 ionique \u00e9lev\u00e9e, ce qui le rend id\u00e9al pour une utilisation en tant qu\u2019\u00e9lectrolyte solide ou mat\u00e9riau de cathode dans les batteries. R\u00e9activit\u00e9 : Le sulfure de lithium peut r\u00e9agir avec l\u2019humidit\u00e9 de l\u2019air, produisant du sulfure d\u2019hydrog\u00e8ne gazeux toxique. Par cons\u00e9quent, il doit \u00eatre manipul\u00e9 dans un environnement sec ou contr\u00f4l\u00e9. Stabilit\u00e9 thermique : Le Li\u2082S est stable \u00e0 des temp\u00e9ratures \u00e9lev\u00e9es, ce qui est avantageux dans les applications de batteries o\u00f9 la gestion thermique est cruciale.<\/p>\n<p>&nbsp;<\/p>\n<h2><span style=\"font-size: 14pt;\">Applications:<\/span><\/h2>\n<p>Batteries lithium-soufre (Li-S) : Le sulfure de lithium est un composant cl\u00e9 des batteries Li-S, servant soit de mat\u00e9riau de cathode, soit de pr\u00e9curseur pour la cr\u00e9ation d\u2019autres compos\u00e9s \u00e0 base de soufre. Les batteries Li-S sont consid\u00e9r\u00e9es comme une alternative potentielle aux batteries lithium-ion en raison de leur densit\u00e9 d\u2019\u00e9nergie th\u00e9orique plus \u00e9lev\u00e9e. Batteries \u00e0 l\u2019\u00e9tat solide : Le Li\u2082S peut \u00eatre utilis\u00e9 comme \u00e9lectrolyte solide dans les batteries au lithium \u00e0 l\u2019\u00e9tat solide, ce qui contribue \u00e0 une s\u00e9curit\u00e9 accrue, \u00e0 une capacit\u00e9 \u00e9nerg\u00e9tique plus \u00e9lev\u00e9e et \u00e0 un potentiel de dur\u00e9e de vie plus longue. Synth\u00e8se des mat\u00e9riaux : Le sulfure de lithium sert de pr\u00e9curseur dans la synth\u00e8se des mat\u00e9riaux sulfur\u00e9s contenant du lithium, qui sont souvent utilis\u00e9s dans les \u00e9lectrolytes \u00e0 l\u2019\u00e9tat solide pour les technologies de batterie avanc\u00e9es. <\/p>\n<p>&nbsp;<\/p>\n<h2><span style=\"font-size: 14pt;\">Limitations:<\/span><\/h2>\n<p>Sensibilit\u00e9 \u00e0 l\u2019humidit\u00e9 : Le Li\u2082S est tr\u00e8s r\u00e9actif avec l\u2019eau, ce qui peut lib\u00e9rer du sulfure d\u2019hydrog\u00e8ne toxique. Cela limite sa manipulation et son stockage \u00e0 des environnements contr\u00f4l\u00e9s et secs. Probl\u00e8mes de stabilit\u00e9 des batteries : Les batteries lithium-soufre utilisant Li\u2082S sont sujettes \u00e0 des probl\u00e8mes tels que \u00ab l\u2019effet de navette \u00bb, o\u00f9 les interm\u00e9diaires polysulfures se dissolvent dans l\u2019\u00e9lectrolyte, ce qui r\u00e9duit la dur\u00e9e de vie et l\u2019efficacit\u00e9. <\/p>\n<p>&nbsp;<\/p>\n<h2><span style=\"font-size: 14pt;\">Manutention et stockage :<\/span><\/h2>\n<p>Environnement contr\u00f4l\u00e9 : Le sulfure de lithium doit \u00eatre stock\u00e9 dans des r\u00e9cipients herm\u00e9tiquement ferm\u00e9s et manipul\u00e9 dans des atmosph\u00e8res s\u00e8ches et inertes pour \u00e9viter toute r\u00e9action avec l\u2019humidit\u00e9. Pr\u00e9cautions de s\u00e9curit\u00e9 : Il est recommand\u00e9 d\u2019utiliser un \u00e9quipement de protection (gants, lunettes de protection et protection respiratoire) pour \u00e9viter l\u2019exposition au sulfure d\u2019hydrog\u00e8ne toxique si le Li\u2082S entre en contact avec de l\u2019eau ou de l\u2019air humide.<\/p>\n","protected":false},"excerpt":{"rendered":"<p>Le sulfure de lithium (Li\u2082S) est un compos\u00e9 inorganique compos\u00e9 de lithium et de soufre. Il est principalement utilis\u00e9 dans l\u2019industrie des batteries, en particulier dans les batteries lithium-soufre (Li-S), qui sont consid\u00e9r\u00e9es comme une technologie prometteuse pour le stockage d\u2019\u00e9nergie \u00e0 haute capacit\u00e9 en raison de leur densit\u00e9 d\u2019\u00e9nergie th\u00e9orique \u00e9lev\u00e9e et de leur [&hellip;]<\/p>\n","protected":false},"featured_media":998635,"comment_status":"open","ping_status":"closed","template":"","meta":{"_acf_changed":false},"product_brand":[],"product_cat":[237],"product_tag":[],"class_list":{"0":"post-1009349","1":"product","2":"type-product","3":"status-publish","4":"has-post-thumbnail","6":"product_cat-materiaux-de-la-batterie","8":"first","9":"instock","10":"shipping-taxable","11":"purchasable","12":"product-type-variable"},"acf":[],"_links":{"self":[{"href":"https:\/\/vimaterial.de\/fr\/wp-json\/wp\/v2\/product\/1009349","targetHints":{"allow":["GET"]}}],"collection":[{"href":"https:\/\/vimaterial.de\/fr\/wp-json\/wp\/v2\/product"}],"about":[{"href":"https:\/\/vimaterial.de\/fr\/wp-json\/wp\/v2\/types\/product"}],"replies":[{"embeddable":true,"href":"https:\/\/vimaterial.de\/fr\/wp-json\/wp\/v2\/comments?post=1009349"}],"wp:featuredmedia":[{"embeddable":true,"href":"https:\/\/vimaterial.de\/fr\/wp-json\/wp\/v2\/media\/998635"}],"wp:attachment":[{"href":"https:\/\/vimaterial.de\/fr\/wp-json\/wp\/v2\/media?parent=1009349"}],"wp:term":[{"taxonomy":"product_brand","embeddable":true,"href":"https:\/\/vimaterial.de\/fr\/wp-json\/wp\/v2\/product_brand?post=1009349"},{"taxonomy":"product_cat","embeddable":true,"href":"https:\/\/vimaterial.de\/fr\/wp-json\/wp\/v2\/product_cat?post=1009349"},{"taxonomy":"product_tag","embeddable":true,"href":"https:\/\/vimaterial.de\/fr\/wp-json\/wp\/v2\/product_tag?post=1009349"}],"curies":[{"name":"wp","href":"https:\/\/api.w.org\/{rel}","templated":true}]}}