{"id":1009343,"date":"2024-06-17T13:53:43","date_gmt":"2024-06-17T05:53:43","guid":{"rendered":"https:\/\/vimaterial.de\/product\/oxyde-de-lithium\/"},"modified":"2024-11-07T16:26:51","modified_gmt":"2024-11-07T08:26:51","slug":"oxyde-de-lithium","status":"publish","type":"product","link":"https:\/\/vimaterial.de\/fr\/product\/oxyde-de-lithium\/","title":{"rendered":"Oxyde de lithium"},"content":{"rendered":"<p>L\u2019oxyde de lithium (Li2O) est un compos\u00e9 inorganique de lithium et d\u2019oxyg\u00e8ne, couramment utilis\u00e9 dans la c\u00e9ramique, la fabrication du verre et comme composant dans les technologies de batterie avanc\u00e9es. Il est appr\u00e9ci\u00e9 pour sa capacit\u00e9 \u00e0 produire des ions lithium, ce qui en fait un mat\u00e9riau essentiel dans les applications de stockage d\u2019\u00e9nergie. <\/p>\n<p>&nbsp;<\/p>\n<h2><span style=\"font-size: 14pt;\">Composition chimique et structure :<\/span><\/h2>\n<p>Formule : Li\u2082O, compos\u00e9 de deux atomes de lithium (Li) et d\u2019un atome d\u2019oxyg\u00e8ne (O). Structure cristalline : L\u2019oxyde de lithium a une structure cristalline cubique simple, ce qui contribue \u00e0 sa stabilit\u00e9.<\/p>\n<p>&nbsp;<\/p>\n<h2><span style=\"font-size: 14pt;\">Propri\u00e9t\u00e9s physiques&nbsp;:<\/span><\/h2>\n<p>Masse molaire : 29,88 g\/mol<\/p>\n<p>Apparence&nbsp;: blanc solide<\/p>\n<p>Densit\u00e9&nbsp;:2.013 g\/cm3<\/p>\n<p>Point de fusion :1 438 \u00b0C (2 620 \u00b0F ; 1 711 K)<\/p>\n<p>Point d\u2019\u00e9bullition :2 600 \u00b0C (4 710 \u00b0F&nbsp;; 2 870 K)<\/p>\n<p>Solubilit\u00e9 dans l\u2019eau : r\u00e9agit violemment pour former du LiOH<\/p>\n<p>journal P&nbsp;:9.23<\/p>\n<p>Indice de r\u00e9fraction (nD) : 1,644<\/p>\n<p>&nbsp;<\/p>\n<h2><span style=\"font-size: 14pt;\">Applications:<\/span><\/h2>\n<p>C\u00e9ramique et verre : L\u2019oxyde de lithium est utilis\u00e9 pour modifier les propri\u00e9t\u00e9s de la c\u00e9ramique et du verre, abaisser le point de fusion, r\u00e9duire la dilatation thermique et am\u00e9liorer la r\u00e9sistance du verre. Technologie des batteries : Le Li2O est un pr\u00e9curseur important des compos\u00e9s de lithium dans les batteries lithium-ion et \u00e0 l\u2019\u00e9tat solide. Son r\u00f4le en tant que source de lithium dans les \u00e9lectrolytes solides contribue \u00e0 am\u00e9liorer la s\u00e9curit\u00e9 et les performances des batteries. Industrie nucl\u00e9aire : L\u2019oxyde de lithium peut servir d\u2019absorbeur de neutrons, ce qui le rend pr\u00e9cieux pour une utilisation dans la technologie des r\u00e9acteurs nucl\u00e9aires. \u00c9puration du dioxyde de carbone : En raison de sa r\u00e9activit\u00e9 avec le CO\u2082, le Li2O peut \u00eatre utilis\u00e9 dans les \u00e9purateurs de CO\u2082 dans les espaces confin\u00e9s, tels que les engins spatiaux et les sous-marins, pour g\u00e9rer la qualit\u00e9 de l\u2019air en \u00e9liminant l\u2019exc\u00e8s de dioxyde de carbone.<\/p>\n<p>&nbsp;<\/p>\n<h2><span style=\"font-size: 14pt;\">Manutention et stockage :<\/span><\/h2>\n<p>Stockage contr\u00f4l\u00e9 : L\u2019oxyde de lithium (Li2O) doit \u00eatre stock\u00e9 dans des conteneurs scell\u00e9s et manipul\u00e9 dans des environnements \u00e0 faible humidit\u00e9 pour \u00e9viter qu\u2019il ne r\u00e9agisse avec l\u2019humidit\u00e9 et le CO\u2082 atmosph\u00e9rique. Pr\u00e9cautions de s\u00e9curit\u00e9 : En raison de sa r\u00e9activit\u00e9, des \u00e9quipements de protection tels que des gants, des lunettes et des masques anti-poussi\u00e8re sont recommand\u00e9s lors de la manipulation de l\u2019oxyde de lithium.<\/p>\n","protected":false},"excerpt":{"rendered":"<p>L\u2019oxyde de lithium (Li2O) est un compos\u00e9 inorganique de lithium et d\u2019oxyg\u00e8ne, couramment utilis\u00e9 dans la c\u00e9ramique, la fabrication du verre et comme composant dans les technologies de batterie avanc\u00e9es. Il est appr\u00e9ci\u00e9 pour sa capacit\u00e9 \u00e0 produire des ions lithium, ce qui en fait un mat\u00e9riau essentiel dans les applications de stockage d\u2019\u00e9nergie. &nbsp; [&hellip;]<\/p>\n","protected":false},"featured_media":998319,"comment_status":"open","ping_status":"closed","template":"","meta":{"_acf_changed":false},"product_brand":[],"product_cat":[235],"product_tag":[],"class_list":{"0":"post-1009343","1":"product","2":"type-product","3":"status-publish","4":"has-post-thumbnail","6":"product_cat-cibles-de-pulverisation-planaire","8":"first","9":"instock","10":"shipping-taxable","11":"purchasable","12":"product-type-variable"},"acf":[],"_links":{"self":[{"href":"https:\/\/vimaterial.de\/fr\/wp-json\/wp\/v2\/product\/1009343","targetHints":{"allow":["GET"]}}],"collection":[{"href":"https:\/\/vimaterial.de\/fr\/wp-json\/wp\/v2\/product"}],"about":[{"href":"https:\/\/vimaterial.de\/fr\/wp-json\/wp\/v2\/types\/product"}],"replies":[{"embeddable":true,"href":"https:\/\/vimaterial.de\/fr\/wp-json\/wp\/v2\/comments?post=1009343"}],"wp:featuredmedia":[{"embeddable":true,"href":"https:\/\/vimaterial.de\/fr\/wp-json\/wp\/v2\/media\/998319"}],"wp:attachment":[{"href":"https:\/\/vimaterial.de\/fr\/wp-json\/wp\/v2\/media?parent=1009343"}],"wp:term":[{"taxonomy":"product_brand","embeddable":true,"href":"https:\/\/vimaterial.de\/fr\/wp-json\/wp\/v2\/product_brand?post=1009343"},{"taxonomy":"product_cat","embeddable":true,"href":"https:\/\/vimaterial.de\/fr\/wp-json\/wp\/v2\/product_cat?post=1009343"},{"taxonomy":"product_tag","embeddable":true,"href":"https:\/\/vimaterial.de\/fr\/wp-json\/wp\/v2\/product_tag?post=1009343"}],"curies":[{"name":"wp","href":"https:\/\/api.w.org\/{rel}","templated":true}]}}