{"id":1009302,"date":"2024-06-17T13:54:38","date_gmt":"2024-06-17T05:54:38","guid":{"rendered":"https:\/\/vimaterial.de\/product\/tellurite-de-lithium\/"},"modified":"2024-11-08T17:04:09","modified_gmt":"2024-11-08T09:04:09","slug":"tellurite-de-lithium","status":"publish","type":"product","link":"https:\/\/vimaterial.de\/fr\/product\/tellurite-de-lithium\/","title":{"rendered":"Lithium Tellurite"},"content":{"rendered":"<p>Le tellurite de lithium (Li\u2082TeO\u2083) est un compos\u00e9 \u00e0 base de lithium qui contient du tellure dans son \u00e9tat d\u2019oxydation +4 et est \u00e9tudi\u00e9 principalement pour ses propri\u00e9t\u00e9s en tant que mat\u00e9riau di\u00e9lectrique, dans des applications optiques et en tant que composant possible pour les technologies de batterie. Bien qu\u2019il n\u2019ait pas fait l\u2019objet de recherches aussi approfondies que d\u2019autres compos\u00e9s de lithium, le tellurite de lithium pr\u00e9sente plusieurs caract\u00e9ristiques prometteuses qui en font un mat\u00e9riau int\u00e9ressant pour des applications scientifiques et industrielles sp\u00e9cifiques. <\/p>\n<h2><span style=\"font-size: 14pt;\">Propri\u00e9t\u00e9s physiques&nbsp;:<\/span><\/h2>\n<p>Formule : Li\u2082TeO\u2083. Apparence&nbsp;: La tellurite de lithium est g\u00e9n\u00e9ralement un solide cristallin blanc ou blanc cass\u00e9. Densit\u00e9&nbsp;: Le mat\u00e9riau a une densit\u00e9 mod\u00e9r\u00e9e par rapport aux autres compos\u00e9s de lithium. Point de fusion : Le tellurite de lithium a un point de fusion relativement \u00e9lev\u00e9, g\u00e9n\u00e9ralement autour de 630 \u00b0C (1166 \u00b0F), indiquant une bonne stabilit\u00e9 thermique. Solubilit\u00e9 : Il est mod\u00e9r\u00e9ment soluble dans l\u2019eau et les acides, mais peut n\u00e9cessiter des conditions sp\u00e9cifiques pour sa dissolution dans les solvants organiques.<\/p>\n<h2><span style=\"font-size: 14pt;\">Applications:<\/span><\/h2>\n<p>Mat\u00e9riaux optiques : L\u2019un des principaux domaines d\u2019int\u00e9r\u00eat pour Li\u2082TeO\u2083 est les applications optiques non lin\u00e9aires. Le compos\u00e9 est \u00e9tudi\u00e9 pour \u00eatre utilis\u00e9 dans les fibres optiques, les lasers et d\u2019autres technologies photoniques, o\u00f9 ses propri\u00e9t\u00e9s uniques permettent une manipulation avanc\u00e9e de la lumi\u00e8re, comme dans la commutation optique et les modulateurs de lumi\u00e8re. \u00c9lectronique : La tellurite de lithium peut \u00e9galement \u00eatre utilis\u00e9e dans les composants \u00e9lectroniques, tels que les condensateurs, o\u00f9 ses propri\u00e9t\u00e9s di\u00e9lectriques peuvent am\u00e9liorer les performances, en particulier dans les applications \u00e0 haute fr\u00e9quence. Di\u00e9lectriques et isolants : En raison de ses bonnes propri\u00e9t\u00e9s d\u2019isolation \u00e9lectrique, le Li\u2082TeO\u2083 est explor\u00e9 comme un mat\u00e9riau potentiel pour les applications \u00e0 haute tension et \u00e0 haute temp\u00e9rature dans les appareils \u00e9lectroniques et les syst\u00e8mes d\u2019alimentation. Batteries \u00e0 l\u2019\u00e9tat solide : La recherche sur le potentiel de la tellurite de lithium en tant qu\u2019\u00e9lectrolyte ou composant dans les batteries \u00e0 l\u2019\u00e9tat solide est en cours. Ses propri\u00e9t\u00e9s pourraient le rendre utile dans le cadre de l\u2019\u00e9lectrolyte des batteries lithium-ion, bien que sa conductivit\u00e9 ionique relativement faible limite actuellement cette application. <\/p>\n","protected":false},"excerpt":{"rendered":"<p>Le tellurite de lithium (Li\u2082TeO\u2083) est un compos\u00e9 \u00e0 base de lithium qui contient du tellure dans son \u00e9tat d\u2019oxydation +4 et est \u00e9tudi\u00e9 principalement pour ses propri\u00e9t\u00e9s en tant que mat\u00e9riau di\u00e9lectrique, dans des applications optiques et en tant que composant possible pour les technologies de batterie. Bien qu\u2019il n\u2019ait pas fait l\u2019objet de [&hellip;]<\/p>\n","protected":false},"featured_media":998666,"comment_status":"open","ping_status":"closed","template":"","meta":{"_acf_changed":false},"product_brand":[],"product_cat":[238],"product_tag":[],"class_list":{"0":"post-1009302","1":"product","2":"type-product","3":"status-publish","4":"has-post-thumbnail","6":"product_cat-materiaux-de-chalcogenure","8":"first","9":"instock","10":"shipping-taxable","11":"product-type-variable"},"acf":[],"_links":{"self":[{"href":"https:\/\/vimaterial.de\/fr\/wp-json\/wp\/v2\/product\/1009302","targetHints":{"allow":["GET"]}}],"collection":[{"href":"https:\/\/vimaterial.de\/fr\/wp-json\/wp\/v2\/product"}],"about":[{"href":"https:\/\/vimaterial.de\/fr\/wp-json\/wp\/v2\/types\/product"}],"replies":[{"embeddable":true,"href":"https:\/\/vimaterial.de\/fr\/wp-json\/wp\/v2\/comments?post=1009302"}],"wp:featuredmedia":[{"embeddable":true,"href":"https:\/\/vimaterial.de\/fr\/wp-json\/wp\/v2\/media\/998666"}],"wp:attachment":[{"href":"https:\/\/vimaterial.de\/fr\/wp-json\/wp\/v2\/media?parent=1009302"}],"wp:term":[{"taxonomy":"product_brand","embeddable":true,"href":"https:\/\/vimaterial.de\/fr\/wp-json\/wp\/v2\/product_brand?post=1009302"},{"taxonomy":"product_cat","embeddable":true,"href":"https:\/\/vimaterial.de\/fr\/wp-json\/wp\/v2\/product_cat?post=1009302"},{"taxonomy":"product_tag","embeddable":true,"href":"https:\/\/vimaterial.de\/fr\/wp-json\/wp\/v2\/product_tag?post=1009302"}],"curies":[{"name":"wp","href":"https:\/\/api.w.org\/{rel}","templated":true}]}}