{"id":1009275,"date":"2024-06-17T13:54:42","date_gmt":"2024-06-17T05:54:42","guid":{"rendered":"https:\/\/vimaterial.de\/product\/phosphate-de-lithium-2\/"},"modified":"2024-11-08T16:46:17","modified_gmt":"2024-11-08T08:46:17","slug":"phosphate-de-lithium-2","status":"publish","type":"product","link":"https:\/\/vimaterial.de\/fr\/product\/phosphate-de-lithium-2\/","title":{"rendered":"Lithium Phosphate"},"content":{"rendered":"<p>Le phosphate de lithium (Li\u2083PO\u2084) est un compos\u00e9 inorganique compos\u00e9 de lithium, de phosphore et d\u2019oxyg\u00e8ne. Il a une vari\u00e9t\u00e9 d\u2019utilisations importantes en chimie et en science des mat\u00e9riaux, en particulier dans les syst\u00e8mes de stockage d\u2019\u00e9nergie, y compris les batteries lithium-ion et les batteries \u00e0 l\u2019\u00e9tat solide. <\/p>\n<p>&nbsp;<\/p>\n<h2><span style=\"font-size: 14pt;\">Propri\u00e9t\u00e9s:<\/span><\/h2>\n<p>Formule mol\u00e9culaire : Li3PO4 Poids mol\u00e9culaire : 115,79 g\/mol Forme : Poudre Couleur : Blanc Densit\u00e9 : 2,54 g\/cm3 Point de fusion : 837\u00b0C Solubilit\u00e9 : Insoluble dans l\u2019eau froide<\/p>\n<p>&nbsp;<\/p>\n<h2><span style=\"font-size: 14pt;\">Applications:<\/span><\/h2>\n<p>Stockage d\u2019\u00e9nergie : Le phosphate de lithium pr\u00e9sente un int\u00e9r\u00eat pour les batteries lithium-ion et \u00e0 l\u2019\u00e9tat solide en raison de sa stabilit\u00e9. Il a \u00e9t\u00e9 explor\u00e9 en tant que mat\u00e9riau de cathode dans les batteries, en particulier en combinaison avec d\u2019autres compos\u00e9s de lithium ou dans des syst\u00e8mes hybrides. Batteries lithium-ion : Bien que moins courant que d\u2019autres mat\u00e9riaux de cathode comme le phosphate de fer lithium (LiFePO\u2084), le phosphate de lithium peut \u00eatre utilis\u00e9 dans des applications sp\u00e9cifiques \u00e0 basse tension et \u00e0 haute stabilit\u00e9, y compris l\u2019alimentation de secours et les syst\u00e8mes de stockage d\u2019\u00e9nergie. C\u00e9ramique&nbsp;: Le phosphate de lithium est utilis\u00e9 dans les c\u00e9ramiques, car il peut aider \u00e0 am\u00e9liorer les propri\u00e9t\u00e9s \u00e9lectriques et la stabilit\u00e9 m\u00e9canique des mat\u00e9riaux c\u00e9ramiques. D\u00e9p\u00f4t de couches minces : Il est utilis\u00e9 dans les processus de pulv\u00e9risation pour le d\u00e9p\u00f4t de couches minces de phosphate de lithium, qui peuvent \u00eatre appliqu\u00e9es dans les cellules solaires, les dispositifs \u00e0 semi-conducteurs et divers rev\u00eatements pour les appareils \u00e9lectroniques. Verre et optique : Il est parfois utilis\u00e9 comme composant dans la fabrication de verres sp\u00e9ciaux ou de rev\u00eatements optiques en raison de sa stabilit\u00e9 thermique et de sa capacit\u00e9 \u00e0 modifier l\u2019indice de r\u00e9fraction des mat\u00e9riaux. <\/p>\n<p>&nbsp;<\/p>\n","protected":false},"excerpt":{"rendered":"<p>Le phosphate de lithium (Li\u2083PO\u2084) est un compos\u00e9 inorganique compos\u00e9 de lithium, de phosphore et d\u2019oxyg\u00e8ne. Il a une vari\u00e9t\u00e9 d\u2019utilisations importantes en chimie et en science des mat\u00e9riaux, en particulier dans les syst\u00e8mes de stockage d\u2019\u00e9nergie, y compris les batteries lithium-ion et les batteries \u00e0 l\u2019\u00e9tat solide. &nbsp; Propri\u00e9t\u00e9s: Formule mol\u00e9culaire : Li3PO4 Poids [&hellip;]<\/p>\n","protected":false},"featured_media":998697,"comment_status":"open","ping_status":"closed","template":"","meta":{"_acf_changed":false},"product_brand":[],"product_cat":[237],"product_tag":[],"class_list":{"0":"post-1009275","1":"product","2":"type-product","3":"status-publish","4":"has-post-thumbnail","6":"product_cat-materiaux-de-la-batterie","8":"first","9":"instock","10":"shipping-taxable","11":"purchasable","12":"product-type-variable"},"acf":[],"_links":{"self":[{"href":"https:\/\/vimaterial.de\/fr\/wp-json\/wp\/v2\/product\/1009275","targetHints":{"allow":["GET"]}}],"collection":[{"href":"https:\/\/vimaterial.de\/fr\/wp-json\/wp\/v2\/product"}],"about":[{"href":"https:\/\/vimaterial.de\/fr\/wp-json\/wp\/v2\/types\/product"}],"replies":[{"embeddable":true,"href":"https:\/\/vimaterial.de\/fr\/wp-json\/wp\/v2\/comments?post=1009275"}],"wp:featuredmedia":[{"embeddable":true,"href":"https:\/\/vimaterial.de\/fr\/wp-json\/wp\/v2\/media\/998697"}],"wp:attachment":[{"href":"https:\/\/vimaterial.de\/fr\/wp-json\/wp\/v2\/media?parent=1009275"}],"wp:term":[{"taxonomy":"product_brand","embeddable":true,"href":"https:\/\/vimaterial.de\/fr\/wp-json\/wp\/v2\/product_brand?post=1009275"},{"taxonomy":"product_cat","embeddable":true,"href":"https:\/\/vimaterial.de\/fr\/wp-json\/wp\/v2\/product_cat?post=1009275"},{"taxonomy":"product_tag","embeddable":true,"href":"https:\/\/vimaterial.de\/fr\/wp-json\/wp\/v2\/product_tag?post=1009275"}],"curies":[{"name":"wp","href":"https:\/\/api.w.org\/{rel}","templated":true}]}}