{"id":1009257,"date":"2024-06-17T13:55:18","date_gmt":"2024-06-17T05:55:18","guid":{"rendered":"https:\/\/vimaterial.de\/product\/phosphate-de-lithium\/"},"modified":"2024-11-08T16:42:30","modified_gmt":"2024-11-08T08:42:30","slug":"phosphate-de-lithium","status":"publish","type":"product","link":"https:\/\/vimaterial.de\/fr\/product\/phosphate-de-lithium\/","title":{"rendered":"Lithium Phosphate"},"content":{"rendered":"<p>La cible de pulv\u00e9risation au phosphate de lithium est un mat\u00e9riau utilis\u00e9 dans les processus de d\u00e9p\u00f4t de couches minces, en particulier pour la pulv\u00e9risation. La pulv\u00e9risation est une technique couramment utilis\u00e9e dans la production de films minces pour diverses applications, notamment l\u2019\u00e9lectronique, l\u2019optique et les dispositifs de stockage d\u2019\u00e9nergie. <\/p>\n<p>&nbsp;<\/p>\n<h2><span style=\"font-size: 14pt;\">Composition chimique:<\/span><\/h2>\n<p>Formule : Li\u2083PO\u2084. Structure : Le phosphate de lithium a une structure cristalline qui adopte g\u00e9n\u00e9ralement un r\u00e9seau monoclinique ou orthorhombique selon la m\u00e9thode de synth\u00e8se. Le mat\u00e9riau contient des ions lithium (Li), phosphore (P) et oxyg\u00e8ne (O). Puret\u00e9 : Une grande puret\u00e9 (99,9 % ou plus) est g\u00e9n\u00e9ralement requise pour les cibles de pulv\u00e9risation afin d\u2019assurer un d\u00e9p\u00f4t uniforme et des films minces de haute qualit\u00e9.<\/p>\n<p>&nbsp;<\/p>\n<h2><span style=\"font-size: 14pt;\">Propri\u00e9t\u00e9s physiques&nbsp;:<\/span><\/h2>\n<p>Apparence&nbsp;: Les cibles de pulv\u00e9risation de phosphate de lithium sont g\u00e9n\u00e9ralement des disques solides ou des plaques circulaires de mat\u00e9riau de haute puret\u00e9 qui ont un aspect gris \u00e0 blanc, selon les conditions de traitement. Densit\u00e9 : Environ 2,6 g\/cm\u00b3, similaire \u00e0 d\u2019autres mat\u00e9riaux phosphat\u00e9s. Point de fusion : Le phosphate de lithium a un point de fusion relativement \u00e9lev\u00e9 d\u2019environ 1 300 \u00b0C, ce qui est important pour la stabilit\u00e9 de la cible pendant le processus de pulv\u00e9risation.<\/p>\n<p>&nbsp;<\/p>\n<h2><span style=\"font-size: 14pt;\">Applications:<\/span><\/h2>\n<p>D\u00e9p\u00f4t de couches minces : Les films de phosphate de lithium sont utilis\u00e9s dans diverses applications, notamment les dispositifs de stockage d\u2019\u00e9nergie (comme les batteries lithium-ion), les rev\u00eatements semi-conducteurs et les rev\u00eatements optiques. Technologie des batteries : L\u2019utilisation de la cible de pulv\u00e9risation de phosphate de lithium est d\u2019int\u00e9r\u00eat pour la recherche sur les batteries lithium-ion, en particulier pour les \u00e9lectrolytes \u00e0 l\u2019\u00e9tat solide ou les cathodes o\u00f9 le phosphate de lithium fait partie des mat\u00e9riaux de l\u2019\u00e9lectrode. Photovolta\u00efque : Dans la fabrication de cellules solaires, les rev\u00eatements de phosphate de lithium peuvent \u00eatre utilis\u00e9s pour am\u00e9liorer la conductivit\u00e9 \u00e9lectrique ou l\u2019efficacit\u00e9 de certaines technologies photovolta\u00efques. Rev\u00eatements optiques : Les couches minces de phosphate de lithium peuvent \u00eatre utilis\u00e9es dans des applications optiques, telles que les rev\u00eatements antireflet ou les filtres \u00e0 couche mince.<\/p>\n","protected":false},"excerpt":{"rendered":"<p>La cible de pulv\u00e9risation au phosphate de lithium est un mat\u00e9riau utilis\u00e9 dans les processus de d\u00e9p\u00f4t de couches minces, en particulier pour la pulv\u00e9risation. La pulv\u00e9risation est une technique couramment utilis\u00e9e dans la production de films minces pour diverses applications, notamment l\u2019\u00e9lectronique, l\u2019optique et les dispositifs de stockage d\u2019\u00e9nergie. &nbsp; Composition chimique: Formule : [&hellip;]<\/p>\n","protected":false},"featured_media":998697,"comment_status":"open","ping_status":"closed","template":"","meta":{"_acf_changed":false},"product_brand":[],"product_cat":[235],"product_tag":[],"class_list":{"0":"post-1009257","1":"product","2":"type-product","3":"status-publish","4":"has-post-thumbnail","6":"product_cat-cibles-de-pulverisation-planaire","8":"first","9":"instock","10":"shipping-taxable","11":"product-type-variable"},"acf":[],"_links":{"self":[{"href":"https:\/\/vimaterial.de\/fr\/wp-json\/wp\/v2\/product\/1009257","targetHints":{"allow":["GET"]}}],"collection":[{"href":"https:\/\/vimaterial.de\/fr\/wp-json\/wp\/v2\/product"}],"about":[{"href":"https:\/\/vimaterial.de\/fr\/wp-json\/wp\/v2\/types\/product"}],"replies":[{"embeddable":true,"href":"https:\/\/vimaterial.de\/fr\/wp-json\/wp\/v2\/comments?post=1009257"}],"wp:featuredmedia":[{"embeddable":true,"href":"https:\/\/vimaterial.de\/fr\/wp-json\/wp\/v2\/media\/998697"}],"wp:attachment":[{"href":"https:\/\/vimaterial.de\/fr\/wp-json\/wp\/v2\/media?parent=1009257"}],"wp:term":[{"taxonomy":"product_brand","embeddable":true,"href":"https:\/\/vimaterial.de\/fr\/wp-json\/wp\/v2\/product_brand?post=1009257"},{"taxonomy":"product_cat","embeddable":true,"href":"https:\/\/vimaterial.de\/fr\/wp-json\/wp\/v2\/product_cat?post=1009257"},{"taxonomy":"product_tag","embeddable":true,"href":"https:\/\/vimaterial.de\/fr\/wp-json\/wp\/v2\/product_tag?post=1009257"}],"curies":[{"name":"wp","href":"https:\/\/api.w.org\/{rel}","templated":true}]}}