{"id":1009248,"date":"2024-06-17T13:55:22","date_gmt":"2024-06-17T05:55:22","guid":{"rendered":"https:\/\/vimaterial.de\/product\/phosphate-de-lithium-et-de-vanadium\/"},"modified":"2024-11-08T16:37:02","modified_gmt":"2024-11-08T08:37:02","slug":"phosphate-de-lithium-et-de-vanadium","status":"publish","type":"product","link":"https:\/\/vimaterial.de\/fr\/product\/phosphate-de-lithium-et-de-vanadium\/","title":{"rendered":"Lithium Vanadium Phosphate"},"content":{"rendered":"<p>&nbsp;<\/p>\n<p>Le phosphate de lithium-vanadium (Li\u2083V\u2082(PO\u2084)\u2083) est un compos\u00e9 \u00e9mergent utilis\u00e9 dans le domaine des batteries lithium-ion, en particulier comme mat\u00e9riau de cathode. Il combine la stabilit\u00e9 et la haute densit\u00e9 d\u2019\u00e9nergie des compos\u00e9s phosphat\u00e9s avec les avantages des performances \u00e9lectrochimiques du vanadium. <\/p>\n<p>&nbsp;<\/p>\n<h2><span style=\"font-size: 14pt;\">Composition chimique:<\/span><\/h2>\n<p>Formule : Li\u2083V\u2082(PO\u2084)\u2083. Structure&nbsp;: Le phosphate de lithium-vanadium a une structure cristalline monoclinique, qui fournit un bon cadre pour la diffusion lithium-ion. Sa structure est \u00e9troitement li\u00e9e \u00e0 celle d\u2019autres cathodes \u00e0 base de phosphate, qui sont connues pour leur stabilit\u00e9 et leur s\u00e9curit\u00e9. Ions impliqu\u00e9s : Le compos\u00e9 contient du lithium (Li), du vanadium (V), du phosphore (P) et de l\u2019oxyg\u00e8ne (O), le vanadium jouant un r\u00f4le cl\u00e9 dans l\u2019am\u00e9lioration des propri\u00e9t\u00e9s \u00e9lectrochimiques.<\/p>\n<p>&nbsp;<\/p>\n<h2><span style=\"font-size: 14pt;\">Propri\u00e9t\u00e9s physiques&nbsp;:<\/span><\/h2>\n<p>Apparence&nbsp;: Appara\u00eet g\u00e9n\u00e9ralement sous la forme d\u2019une poudre grise ou noire ou d\u2019un solide cristallin. Densit\u00e9 : Environ 3,0 g\/cm\u00b3, similaire \u00e0 d\u2019autres mat\u00e9riaux \u00e0 base de phosphate. Taille des particules : Pour des performances optimales de la batterie, elle est souvent transform\u00e9e en poudres fines ou en formes nanostructur\u00e9es pour am\u00e9liorer la conductivit\u00e9 et la surface.<\/p>\n<p>&nbsp;<\/p>\n<h2><span style=\"font-size: 14pt;\">Applications:<\/span><\/h2>\n<p>Syst\u00e8mes de stockage d\u2019\u00e9nergie : Le phosphate de lithium-vanadium (Li\u2083V\u2082(PO\u2084)\u2083) est utilis\u00e9 dans les syst\u00e8mes de stockage d\u2019\u00e9nergie \u00e0 grande \u00e9chelle (tels que le stockage en r\u00e9seau) en raison de sa longue dur\u00e9e de vie et de sa stabilit\u00e9. V\u00e9hicules \u00e9lectriques (VE) : Il peut \u00eatre utilis\u00e9 dans les batteries des v\u00e9hicules \u00e9lectriques o\u00f9 la s\u00e9curit\u00e9, la longue dur\u00e9e de vie et la stabilit\u00e9 thermique sont importantes, bien que sa densit\u00e9 d\u2019\u00e9nergie soit inf\u00e9rieure \u00e0 celle de certains autres mat\u00e9riaux de cathode comme le lithium, le nickel, le cobalt, l\u2019oxyde d\u2019aluminium (NCA) ou le lithium fer phosphate (LFP). \u00c9lectronique portable : Le phosphate de lithium-vanadium (Li\u2083V\u2082(PO\u2084)\u2083) convient aux appareils \u00e9lectroniques portables, en particulier l\u00e0 o\u00f9 une dur\u00e9e de vie plus longue et un fonctionnement s\u00fbr et stable sont n\u00e9cessaires. Militaire et a\u00e9rospatial : En raison de sa s\u00e9curit\u00e9 et de sa stabilit\u00e9, il pourrait \u00eatre envisag\u00e9 pour des applications militaires et a\u00e9rospatiales, o\u00f9 la fiabilit\u00e9 et les performances dans le temps sont essentielles.<\/p>\n<p>&nbsp;<\/p>\n","protected":false},"excerpt":{"rendered":"<p>&nbsp; Le phosphate de lithium-vanadium (Li\u2083V\u2082(PO\u2084)\u2083) est un compos\u00e9 \u00e9mergent utilis\u00e9 dans le domaine des batteries lithium-ion, en particulier comme mat\u00e9riau de cathode. Il combine la stabilit\u00e9 et la haute densit\u00e9 d\u2019\u00e9nergie des compos\u00e9s phosphat\u00e9s avec les avantages des performances \u00e9lectrochimiques du vanadium. &nbsp; Composition chimique: Formule : Li\u2083V\u2082(PO\u2084)\u2083. Structure&nbsp;: Le phosphate de lithium-vanadium a [&hellip;]<\/p>\n","protected":false},"featured_media":998713,"comment_status":"open","ping_status":"closed","template":"","meta":{"_acf_changed":false},"product_brand":[],"product_cat":[237],"product_tag":[],"class_list":{"0":"post-1009248","1":"product","2":"type-product","3":"status-publish","4":"has-post-thumbnail","6":"product_cat-materiaux-de-la-batterie","8":"first","9":"instock","10":"shipping-taxable","11":"purchasable","12":"product-type-variable"},"acf":[],"_links":{"self":[{"href":"https:\/\/vimaterial.de\/fr\/wp-json\/wp\/v2\/product\/1009248","targetHints":{"allow":["GET"]}}],"collection":[{"href":"https:\/\/vimaterial.de\/fr\/wp-json\/wp\/v2\/product"}],"about":[{"href":"https:\/\/vimaterial.de\/fr\/wp-json\/wp\/v2\/types\/product"}],"replies":[{"embeddable":true,"href":"https:\/\/vimaterial.de\/fr\/wp-json\/wp\/v2\/comments?post=1009248"}],"wp:featuredmedia":[{"embeddable":true,"href":"https:\/\/vimaterial.de\/fr\/wp-json\/wp\/v2\/media\/998713"}],"wp:attachment":[{"href":"https:\/\/vimaterial.de\/fr\/wp-json\/wp\/v2\/media?parent=1009248"}],"wp:term":[{"taxonomy":"product_brand","embeddable":true,"href":"https:\/\/vimaterial.de\/fr\/wp-json\/wp\/v2\/product_brand?post=1009248"},{"taxonomy":"product_cat","embeddable":true,"href":"https:\/\/vimaterial.de\/fr\/wp-json\/wp\/v2\/product_cat?post=1009248"},{"taxonomy":"product_tag","embeddable":true,"href":"https:\/\/vimaterial.de\/fr\/wp-json\/wp\/v2\/product_tag?post=1009248"}],"curies":[{"name":"wp","href":"https:\/\/api.w.org\/{rel}","templated":true}]}}