{"id":1009202,"date":"2024-06-17T14:06:49","date_gmt":"2024-06-17T06:06:49","guid":{"rendered":"https:\/\/vimaterial.de\/product\/silicate-de-magnesium-2\/"},"modified":"2024-11-13T15:51:46","modified_gmt":"2024-11-13T07:51:46","slug":"silicate-de-magnesium-2","status":"publish","type":"product","link":"https:\/\/vimaterial.de\/fr\/product\/silicate-de-magnesium-2\/","title":{"rendered":"Silicate de magn\u00e9sium"},"content":{"rendered":"<p>Le silicate de magn\u00e9sium est un compos\u00e9 inorganique de formule g\u00e9n\u00e9rale MgSiO3, repr\u00e9sentant divers min\u00e9raux silicat\u00e9s du magn\u00e9sium, tels que l\u2019enstatite et la forst\u00e9rite. Le silicate de magn\u00e9sium est couramment rencontr\u00e9 sous forme min\u00e9rale naturelle et sous forme synth\u00e9tique \u00e0 des fins industrielles. <\/p>\n<h2><span style=\"font-size: 14pt;\">Propri\u00e9t\u00e9s physiques&nbsp;:<\/span><\/h2>\n<p>Apparence&nbsp;: Blanc, poudre inodore ou solide cristallin, selon le type sp\u00e9cifique. Densit\u00e9 : Varie selon le type&nbsp;; Le silicate de magn\u00e9sium amorphe a une densit\u00e9 d\u2019environ 2,5 g\/cm\u00b3, tandis que les formes cristallines comme la forst\u00e9rite peuvent \u00eatre plus denses. Point de fusion : Point de fusion \u00e9lev\u00e9 autour de 1557 \u00b0C (2835 \u00b0F) pour les min\u00e9raux de silicate de magn\u00e9sium. Solubilit\u00e9 : Insoluble dans l\u2019eau, bien qu\u2019il puisse absorber une humidit\u00e9 importante en raison de sa structure poreuse.<\/p>\n<h2><span style=\"font-size: 14pt;\">Applications:<\/span><\/h2>\n<p>Antiacide : En m\u00e9decine, le silicate de magn\u00e9sium est utilis\u00e9 comme antiacide en raison de sa capacit\u00e9 \u00e0 neutraliser l\u2019acide gastrique. Aliments et boissons : Il est utilis\u00e9 comme agent anti-agglom\u00e9rant et filtrant dans diverses applications alimentaires et de boissons. Produits pharmaceutiques : Souvent utilis\u00e9 comme agent de remplissage et d\u2019\u00e9coulement dans les formulations de comprim\u00e9s et comme absorbant pour les liquides. Utilisations industrielles :<\/p>\n<ul>\n<li>Caoutchouc et plastiques : Utilis\u00e9 comme charge pour am\u00e9liorer la durabilit\u00e9 et la facilit\u00e9 de traitement.<\/li>\n<li>Cosm\u00e9tiques : En raison de sa texture lisse et douce, il est couramment utilis\u00e9 dans les poudres, les lotions et les cr\u00e8mes comme ingr\u00e9dient de base.<\/li>\n<li>Traitement de l\u2019eau : Agit comme une aide \u00e0 la filtration pour \u00e9liminer les particules en suspension et autres impuret\u00e9s.<\/li>\n<\/ul>\n","protected":false},"excerpt":{"rendered":"<p>Le silicate de magn\u00e9sium est un compos\u00e9 inorganique de formule g\u00e9n\u00e9rale MgSiO3, repr\u00e9sentant divers min\u00e9raux silicat\u00e9s du magn\u00e9sium, tels que l\u2019enstatite et la forst\u00e9rite. Le silicate de magn\u00e9sium est couramment rencontr\u00e9 sous forme min\u00e9rale naturelle et sous forme synth\u00e9tique \u00e0 des fins industrielles. Propri\u00e9t\u00e9s physiques&nbsp;: Apparence&nbsp;: Blanc, poudre inodore ou solide cristallin, selon le type [&hellip;]<\/p>\n","protected":false},"featured_media":999602,"comment_status":"open","ping_status":"closed","template":"","meta":{"_acf_changed":false},"product_brand":[],"product_cat":[244],"product_tag":[],"class_list":{"0":"post-1009202","1":"product","2":"type-product","3":"status-publish","4":"has-post-thumbnail","6":"product_cat-autres-materiaux","8":"first","9":"instock","10":"shipping-taxable","11":"purchasable","12":"product-type-variable"},"acf":[],"_links":{"self":[{"href":"https:\/\/vimaterial.de\/fr\/wp-json\/wp\/v2\/product\/1009202","targetHints":{"allow":["GET"]}}],"collection":[{"href":"https:\/\/vimaterial.de\/fr\/wp-json\/wp\/v2\/product"}],"about":[{"href":"https:\/\/vimaterial.de\/fr\/wp-json\/wp\/v2\/types\/product"}],"replies":[{"embeddable":true,"href":"https:\/\/vimaterial.de\/fr\/wp-json\/wp\/v2\/comments?post=1009202"}],"wp:featuredmedia":[{"embeddable":true,"href":"https:\/\/vimaterial.de\/fr\/wp-json\/wp\/v2\/media\/999602"}],"wp:attachment":[{"href":"https:\/\/vimaterial.de\/fr\/wp-json\/wp\/v2\/media?parent=1009202"}],"wp:term":[{"taxonomy":"product_brand","embeddable":true,"href":"https:\/\/vimaterial.de\/fr\/wp-json\/wp\/v2\/product_brand?post=1009202"},{"taxonomy":"product_cat","embeddable":true,"href":"https:\/\/vimaterial.de\/fr\/wp-json\/wp\/v2\/product_cat?post=1009202"},{"taxonomy":"product_tag","embeddable":true,"href":"https:\/\/vimaterial.de\/fr\/wp-json\/wp\/v2\/product_tag?post=1009202"}],"curies":[{"name":"wp","href":"https:\/\/api.w.org\/{rel}","templated":true}]}}