{"id":1009052,"date":"2024-06-17T13:53:39","date_gmt":"2024-06-17T05:53:39","guid":{"rendered":"https:\/\/vimaterial.de\/product\/metaborate-de-lithium\/"},"modified":"2024-11-07T17:22:47","modified_gmt":"2024-11-07T09:22:47","slug":"metaborate-de-lithium","status":"publish","type":"product","link":"https:\/\/vimaterial.de\/fr\/product\/metaborate-de-lithium\/","title":{"rendered":"M\u00e9taborate de lithium"},"content":{"rendered":"<p>Le m\u00e9taborate de lithium (LiBO\u2082) est un compos\u00e9 inorganique largement utilis\u00e9 en chimie analytique, en particulier dans la pr\u00e9paration d\u2019\u00e9chantillons pour l\u2019analyse par fluorescence X (XRF) et plasma \u00e0 couplage inductif (ICP). Il agit comme un agent de fusion pour les \u00e9chantillons qui doivent \u00eatre pr\u00e9par\u00e9s dans un \u00e9tat semblable \u00e0 celui du verre, assurant une distribution uniforme et homog\u00e8ne des \u00e9l\u00e9ments pour des mesures pr\u00e9cises. Le m\u00e9taborate de lithium est \u00e9galement utilis\u00e9 dans la production de c\u00e9ramique et de verre comme agent fondant.  <\/p>\n<p>&nbsp;<\/p>\n<h2><span style=\"font-size: 14pt;\">Propri\u00e9t\u00e9s physiques&nbsp;:<\/span><\/h2>\n<p>Apparence&nbsp;: Poudre cristalline blanche et inodore. Densit\u00e9 : Environ 1,47 g\/cm\u00b3. Point de fusion : Environ 845 \u00b0C (1 553 \u00b0F), ce qui lui permet d\u2019agir comme un agent de fusion pour d\u2019autres mat\u00e9riaux \u00e0 haute temp\u00e9rature. Solubilit\u00e9 : Soluble dans l\u2019eau, en particulier \u00e0 haute temp\u00e9rature, et soluble dans certains acides.<\/p>\n<p>&nbsp;<\/p>\n<h2><span style=\"font-size: 14pt;\">Propri\u00e9t\u00e9s thermiques et chimiques :<\/span><\/h2>\n<p>Haute stabilit\u00e9 thermique : R\u00e9siste aux temp\u00e9ratures \u00e9lev\u00e9es, ce qui le rend id\u00e9al pour une utilisation dans les processus de fusion. R\u00e9activit\u00e9 chimique : Agit comme un flux en dissolvant d\u2019autres mat\u00e9riaux \u00e0 haute temp\u00e9rature. En fusion, il aide \u00e0 d\u00e9composer des matrices d\u2019\u00e9chantillons complexes, ce qui permet une distribution uniforme sous forme de verre. pH : Le m\u00e9taborate de lithium est basique et peut l\u00e9g\u00e8rement affecter le pH de la solution ou sa fusion, ce qui peut \u00eatre b\u00e9n\u00e9fique pour stabiliser certains types d\u2019\u00e9chantillons pendant l\u2019analyse.<\/p>\n<p>&nbsp;<\/p>\n<h2><span style=\"font-size: 14pt;\">Applications:<\/span><\/h2>\n<p>Chimie analytique : Le m\u00e9taborate de lithium est essentiel \u00e0 la pr\u00e9paration des \u00e9chantillons pour la spectroscopie XRF et ICP. Il permet de cr\u00e9er une bille de verre \u00e0 partir d\u2019\u00e9chantillons en poudre, ce qui garantit une pr\u00e9sentation uniforme des \u00e9chantillons et une analyse \u00e9l\u00e9mentaire pr\u00e9cise. Production de c\u00e9ramique et de verre : Dans la c\u00e9ramique et le verre, le m\u00e9taborate de lithium agit comme un flux, r\u00e9duisant les temp\u00e9ratures de fusion et aidant \u00e0 former du verre aux propri\u00e9t\u00e9s chimiques et thermiques am\u00e9lior\u00e9es. Analyse des m\u00e9taux et \u00e9chantillonnage g\u00e9ologique : Couramment utilis\u00e9 dans les laboratoires pour la g\u00e9ochimie et la m\u00e9tallurgie, le m\u00e9taborate de lithium aide \u00e0 dissoudre et \u00e0 pr\u00e9parer les m\u00e9taux, les minerais et les roches difficiles \u00e0 analyser pour une mesure \u00e9l\u00e9mentaire pr\u00e9cise. <\/p>\n<p>&nbsp;<\/p>\n<h2><span style=\"font-size: 14pt;\">Manutention et stockage :<\/span><\/h2>\n<p>Stockage&nbsp;: Conserver dans un environnement frais et sec pour \u00e9viter l\u2019absorption d\u2019humidit\u00e9 et l\u2019agglutination. Utilisez des contenants herm\u00e9tiquement ferm\u00e9s. Pr\u00e9cautions de s\u00e9curit\u00e9 : Bien que g\u00e9n\u00e9ralement sans danger, \u00e9vitez d\u2019inhaler de la poussi\u00e8re. Utilisez un \u00e9quipement de protection standard comme des gants et des lunettes de protection, en particulier lorsque vous manipulez de grandes quantit\u00e9s ou que vous travaillez dans un laboratoire de fusion. <\/p>\n","protected":false},"excerpt":{"rendered":"<p>Le m\u00e9taborate de lithium (LiBO\u2082) est un compos\u00e9 inorganique largement utilis\u00e9 en chimie analytique, en particulier dans la pr\u00e9paration d\u2019\u00e9chantillons pour l\u2019analyse par fluorescence X (XRF) et plasma \u00e0 couplage inductif (ICP). Il agit comme un agent de fusion pour les \u00e9chantillons qui doivent \u00eatre pr\u00e9par\u00e9s dans un \u00e9tat semblable \u00e0 celui du verre, assurant [&hellip;]<\/p>\n","protected":false},"featured_media":998802,"comment_status":"open","ping_status":"closed","template":"","meta":{"_acf_changed":false},"product_brand":[],"product_cat":[237],"product_tag":[],"class_list":{"0":"post-1009052","1":"product","2":"type-product","3":"status-publish","4":"has-post-thumbnail","6":"product_cat-materiaux-de-la-batterie","8":"first","9":"instock","10":"shipping-taxable","11":"purchasable","12":"product-type-variable"},"acf":[],"_links":{"self":[{"href":"https:\/\/vimaterial.de\/fr\/wp-json\/wp\/v2\/product\/1009052","targetHints":{"allow":["GET"]}}],"collection":[{"href":"https:\/\/vimaterial.de\/fr\/wp-json\/wp\/v2\/product"}],"about":[{"href":"https:\/\/vimaterial.de\/fr\/wp-json\/wp\/v2\/types\/product"}],"replies":[{"embeddable":true,"href":"https:\/\/vimaterial.de\/fr\/wp-json\/wp\/v2\/comments?post=1009052"}],"wp:featuredmedia":[{"embeddable":true,"href":"https:\/\/vimaterial.de\/fr\/wp-json\/wp\/v2\/media\/998802"}],"wp:attachment":[{"href":"https:\/\/vimaterial.de\/fr\/wp-json\/wp\/v2\/media?parent=1009052"}],"wp:term":[{"taxonomy":"product_brand","embeddable":true,"href":"https:\/\/vimaterial.de\/fr\/wp-json\/wp\/v2\/product_brand?post=1009052"},{"taxonomy":"product_cat","embeddable":true,"href":"https:\/\/vimaterial.de\/fr\/wp-json\/wp\/v2\/product_cat?post=1009052"},{"taxonomy":"product_tag","embeddable":true,"href":"https:\/\/vimaterial.de\/fr\/wp-json\/wp\/v2\/product_tag?post=1009052"}],"curies":[{"name":"wp","href":"https:\/\/api.w.org\/{rel}","templated":true}]}}