{"id":1009031,"date":"2024-06-17T13:57:03","date_gmt":"2024-06-17T05:57:03","guid":{"rendered":"https:\/\/vimaterial.de\/product\/bromure-de-lithium\/"},"modified":"2024-11-11T11:10:37","modified_gmt":"2024-11-11T03:10:37","slug":"bromure-de-lithium","status":"publish","type":"product","link":"https:\/\/vimaterial.de\/fr\/product\/bromure-de-lithium\/","title":{"rendered":"Bromure de lithium"},"content":{"rendered":"<p>Le bromure de lithium (LiBr) est un compos\u00e9 chimique du lithium et du brome. Son caract\u00e8re hygroscopique extr\u00eame rend le LiBr utile comme d\u00e9shydratant dans certains syst\u00e8mes de climatisation.<\/p>\n<h2><span style=\"font-size: 14pt;\">Propri\u00e9t\u00e9s physiques&nbsp;:<\/span><\/h2>\n<p>Formule chimique&nbsp;:LiBr<\/p>\n<p>Masse molaire&nbsp;:86.845(3) g\/mol<\/p>\n<p>Apparence&nbsp;:Blanc solide hygroscopique<\/p>\n<p>Densit\u00e9&nbsp;:3.464 g\/cm3<\/p>\n<p>Point de fusion :552 \u00b0C (1 026 \u00b0F&nbsp;; 825 K)<\/p>\n<p>Point d\u2019\u00e9bullition :1 265 \u00b0C (2 309 \u00b0F&nbsp;; 1 538 K)<\/p>\n<p>Solubilit\u00e9 dans l\u2019eau :143 g\/100 mL (0 \u00b0C)\/166,7 g\/100 mL (20 \u00b0C)\/266 g\/100 mL (100 \u00b0C)<\/p>\n<p>Solubilit\u00e9 : soluble dans le m\u00e9thanol, l\u2019\u00e9thanol, l\u2019\u00e9ther, l\u2019ac\u00e9tone<\/p>\n<p>L\u00e9g\u00e8rement&nbsp;:soluble dans la pyridine<\/p>\n<p>Susceptibilit\u00e9 magn\u00e9tique (\u03c7) : \u221234,7\u00b710\u22126 cm3\/mol<\/p>\n<p>Indice de r\u00e9fraction (nD)&nbsp;:1.784<\/p>\n<h2><span style=\"font-size: 14pt;\">Applications:<\/span><\/h2>\n<p>Climatisation et r\u00e9frig\u00e9ration par absorption : Le bromure de lithium est couramment utilis\u00e9 dans les refroidisseurs \u00e0 absorption, o\u00f9 il agit comme un d\u00e9shydratant pour absorber la vapeur d\u2019eau et faciliter le refroidissement. Dans ces syst\u00e8mes, une solution eau-LiBr est utilis\u00e9e, car elle absorbe efficacement la chaleur et permet un syst\u00e8me de refroidissement compact et efficace sans utiliser de r\u00e9frig\u00e9rants traditionnels. Syst\u00e8mes de d\u00e9shumidification : En raison de sa grande capacit\u00e9 d\u2019absorption de l\u2019humidit\u00e9, le LiBr est \u00e9galement utilis\u00e9 dans les d\u00e9shumidificateurs industriels et commerciaux. Syst\u00e8mes de transfert de chaleur : Les solutions LiBr sont utilis\u00e9es dans certaines applications de transfert de chaleur en raison de leurs propri\u00e9t\u00e9s thermiques. Applications m\u00e9dicales : \u00c0 des concentrations plus faibles, le bromure de lithium a \u00e9t\u00e9 utilis\u00e9 historiquement comme s\u00e9datif, bien qu\u2019il soit moins courant aujourd\u2019hui avec le d\u00e9veloppement d\u2019autres m\u00e9dicaments. Synth\u00e8se chimique : Le LiBr sert de r\u00e9actif dans la synth\u00e8se organique, souvent utilis\u00e9 comme source de brome ou comme catalyseur dans certaines r\u00e9actions. <\/p>\n","protected":false},"excerpt":{"rendered":"<p>Le bromure de lithium (LiBr) est un compos\u00e9 chimique du lithium et du brome. Son caract\u00e8re hygroscopique extr\u00eame rend le LiBr utile comme d\u00e9shydratant dans certains syst\u00e8mes de climatisation. Propri\u00e9t\u00e9s physiques&nbsp;: Formule chimique&nbsp;:LiBr Masse molaire&nbsp;:86.845(3) g\/mol Apparence&nbsp;:Blanc solide hygroscopique Densit\u00e9&nbsp;:3.464 g\/cm3 Point de fusion :552 \u00b0C (1 026 \u00b0F&nbsp;; 825 K) Point d\u2019\u00e9bullition :1 265 [&hellip;]<\/p>\n","protected":false},"featured_media":998809,"comment_status":"open","ping_status":"closed","template":"","meta":{"_acf_changed":false},"product_brand":[],"product_cat":[237,239],"product_tag":[],"class_list":{"0":"post-1009031","1":"product","2":"type-product","3":"status-publish","4":"has-post-thumbnail","6":"product_cat-materiaux-de-la-batterie","7":"product_cat-materiaux-halogenes","9":"first","10":"instock","11":"shipping-taxable","12":"purchasable","13":"product-type-variable"},"acf":[],"_links":{"self":[{"href":"https:\/\/vimaterial.de\/fr\/wp-json\/wp\/v2\/product\/1009031","targetHints":{"allow":["GET"]}}],"collection":[{"href":"https:\/\/vimaterial.de\/fr\/wp-json\/wp\/v2\/product"}],"about":[{"href":"https:\/\/vimaterial.de\/fr\/wp-json\/wp\/v2\/types\/product"}],"replies":[{"embeddable":true,"href":"https:\/\/vimaterial.de\/fr\/wp-json\/wp\/v2\/comments?post=1009031"}],"wp:featuredmedia":[{"embeddable":true,"href":"https:\/\/vimaterial.de\/fr\/wp-json\/wp\/v2\/media\/998809"}],"wp:attachment":[{"href":"https:\/\/vimaterial.de\/fr\/wp-json\/wp\/v2\/media?parent=1009031"}],"wp:term":[{"taxonomy":"product_brand","embeddable":true,"href":"https:\/\/vimaterial.de\/fr\/wp-json\/wp\/v2\/product_brand?post=1009031"},{"taxonomy":"product_cat","embeddable":true,"href":"https:\/\/vimaterial.de\/fr\/wp-json\/wp\/v2\/product_cat?post=1009031"},{"taxonomy":"product_tag","embeddable":true,"href":"https:\/\/vimaterial.de\/fr\/wp-json\/wp\/v2\/product_tag?post=1009031"}],"curies":[{"name":"wp","href":"https:\/\/api.w.org\/{rel}","templated":true}]}}