{"id":1009001,"date":"2024-06-17T13:57:04","date_gmt":"2024-06-17T05:57:04","guid":{"rendered":"https:\/\/vimaterial.de\/product\/oxyde-de-lithium-et-de-cobalt-3\/"},"modified":"2024-11-11T10:44:20","modified_gmt":"2024-11-11T02:44:20","slug":"oxyde-de-lithium-et-de-cobalt-3","status":"publish","type":"product","link":"https:\/\/vimaterial.de\/fr\/product\/oxyde-de-lithium-et-de-cobalt-3\/","title":{"rendered":"Oxyde de lithium et de cobalt"},"content":{"rendered":"<p>L\u2019oxyde de lithium cobalt (LiCoO2) est un mat\u00e9riau de cathode cl\u00e9 dans les batteries lithium-ion, largement connu pour sa haute densit\u00e9 d\u2019\u00e9nergie, ses performances \u00e9lectrochimiques stables et sa longue dur\u00e9e de vie. Sa structure cristalline en couches permet aux ions lithium d\u2019entrer et de sortir du mat\u00e9riau, facilitant ainsi des cycles de charge et de d\u00e9charge efficaces. <\/p>\n<h2><span style=\"font-size: 14pt;\">Propri\u00e9t\u00e9s physiques&nbsp;:<\/span><\/h2>\n<p>Formule chimique&nbsp;:LiCoO2<\/p>\n<p>Masse molaire : 97,87 g mol\u22121<\/p>\n<p>Puret\u00e9 : Souvent fabriqu\u00e9 \u00e0 des puret\u00e9s de 99,9 % ou plus pour des performances \u00e9lectrochimiques optimales dans les applications de batteries haut de gamme. Apparence&nbsp;: G\u00e9n\u00e9ralement une poudre gris fonc\u00e9 \u00e0 noire. Densit\u00e9 : Environ 4,8 g\/cm\u00b3. Structure cristalline : L\u2019oxyde de lithium cobalt (LiCoO2) a une structure hexagonale en couches qui favorise une intercalation et une d\u00e9sintercalation lithium-ion efficaces, essentielles pour sa fonction de cathode de batterie.<\/p>\n<h2><span style=\"font-size: 14pt;\">Applications:<\/span><\/h2>\n<p>\u00c9lectronique grand public : L\u2019oxyde de lithium et de cobalt (LiCoO2) est couramment utilis\u00e9 dans les batteries des smartphones, des ordinateurs portables et des appareils photo, o\u00f9 sa densit\u00e9 d\u2019\u00e9nergie \u00e9lev\u00e9e et sa fiabilit\u00e9 le rendent id\u00e9al pour les appareils portables. V\u00e9hicules \u00e9lectriques (VE) : Bien que des mat\u00e9riaux plus r\u00e9cents comme le lithium fer phosphate (LFP) et le nickel-cobalt-aluminium (NCA) soient souvent pr\u00e9f\u00e9r\u00e9s dans les VE, le LiCoO\u2082 a \u00e9t\u00e9 utilis\u00e9 dans les premi\u00e8res conceptions de VE et est toujours pr\u00e9sent dans certaines applications hybrides rechargeables. Dispositifs m\u00e9dicaux : Sa stabilit\u00e9 et ses performances pr\u00e9visibles font de LiCoO\u2082 un choix appropri\u00e9 pour les batteries de certains dispositifs m\u00e9dicaux et capteurs. Recherche et d\u00e9veloppement : L\u2019oxyde de lithium et de cobalt (LiCoO\u2082) est couramment \u00e9tudi\u00e9 dans la recherche sur les batteries, car il sert de compos\u00e9 mod\u00e8le pour comprendre le comportement du lithium-ion, la d\u00e9gradation et les am\u00e9liorations potentielles dans la conception des batteries.<\/p>\n","protected":false},"excerpt":{"rendered":"<p>L\u2019oxyde de lithium cobalt (LiCoO2) est un mat\u00e9riau de cathode cl\u00e9 dans les batteries lithium-ion, largement connu pour sa haute densit\u00e9 d\u2019\u00e9nergie, ses performances \u00e9lectrochimiques stables et sa longue dur\u00e9e de vie. Sa structure cristalline en couches permet aux ions lithium d\u2019entrer et de sortir du mat\u00e9riau, facilitant ainsi des cycles de charge et de [&hellip;]<\/p>\n","protected":false},"featured_media":998834,"comment_status":"open","ping_status":"closed","template":"","meta":{"_acf_changed":false},"product_brand":[],"product_cat":[236],"product_tag":[],"class_list":{"0":"post-1009001","1":"product","2":"type-product","3":"status-publish","4":"has-post-thumbnail","6":"product_cat-materiaux-devaporation","8":"first","9":"instock","10":"shipping-taxable","11":"product-type-variable"},"acf":[],"_links":{"self":[{"href":"https:\/\/vimaterial.de\/fr\/wp-json\/wp\/v2\/product\/1009001","targetHints":{"allow":["GET"]}}],"collection":[{"href":"https:\/\/vimaterial.de\/fr\/wp-json\/wp\/v2\/product"}],"about":[{"href":"https:\/\/vimaterial.de\/fr\/wp-json\/wp\/v2\/types\/product"}],"replies":[{"embeddable":true,"href":"https:\/\/vimaterial.de\/fr\/wp-json\/wp\/v2\/comments?post=1009001"}],"wp:featuredmedia":[{"embeddable":true,"href":"https:\/\/vimaterial.de\/fr\/wp-json\/wp\/v2\/media\/998834"}],"wp:attachment":[{"href":"https:\/\/vimaterial.de\/fr\/wp-json\/wp\/v2\/media?parent=1009001"}],"wp:term":[{"taxonomy":"product_brand","embeddable":true,"href":"https:\/\/vimaterial.de\/fr\/wp-json\/wp\/v2\/product_brand?post=1009001"},{"taxonomy":"product_cat","embeddable":true,"href":"https:\/\/vimaterial.de\/fr\/wp-json\/wp\/v2\/product_cat?post=1009001"},{"taxonomy":"product_tag","embeddable":true,"href":"https:\/\/vimaterial.de\/fr\/wp-json\/wp\/v2\/product_tag?post=1009001"}],"curies":[{"name":"wp","href":"https:\/\/api.w.org\/{rel}","templated":true}]}}